{"id":3668,"date":"2024-07-17T13:55:07","date_gmt":"2024-07-17T10:55:07","guid":{"rendered":"https:\/\/citycars.globaltouchdev.eu\/conditions-dutilisation\/"},"modified":"2024-07-17T13:55:44","modified_gmt":"2024-07-17T10:55:44","slug":"conditions-dutilisation","status":"publish","type":"page","link":"https:\/\/citycars.globaltouchdev.eu\/fr\/conditions-dutilisation\/","title":{"rendered":"Conditions d&rsquo;utilisation"},"content":{"rendered":"&#13;\n<h2 class=\"wp-block-heading\">1. Donn\u00e9es sp\u00e9ciales &#8211; Informations<\/h2>&#13;\n&#13;\n<p>Ce site web (\u00ab site web \u00bb) est la propri\u00e9t\u00e9 d&rsquo;une soci\u00e9t\u00e9 appel\u00e9e \u00ab City Car Rental Thessaloniki \u00bb (www.citycars.gr).<\/p>&#13;\n&#13;\n<p><strong>Activit\u00e9 de l&rsquo;entreprise :<\/strong> soci\u00e9t\u00e9 de location de voitures&#13;\n<strong>Si\u00e8ge de la soci\u00e9t\u00e9 :<\/strong> Doirani 38 Thessalonique Gr\u00e8ce 546 38&#13;\n<strong>Courriel :<\/strong> info@citycars.gr&#13;\n<strong>T\u00e9l\u00e9phone :<\/strong> (+30) 2310202029<\/p>&#13;\n&#13;\n<p>Avant d&rsquo;utiliser le site web, veuillez le lire attentivement et vous assurer que vous comprenez et acceptez ces dispositions, r\u00e8gles, d\u00e9clarations et r\u00e8glements, car votre utilisation continue du site web et votre navigation sur le site web impliquent votre acceptation et votre accord expr\u00e8s et non temporaire.<\/p>&#13;\n&#13;\n<h2 class=\"wp-block-heading\">2. Informations et biens fournis<\/h2>&#13;\n&#13;\n<p>La soci\u00e9t\u00e9 garantit la qualit\u00e9, l&rsquo;exhaustivit\u00e9 et la validit\u00e9 des informations fournies sur le site web, ainsi que les caract\u00e9ristiques mat\u00e9rielles des produits figurant sur le site web et l&rsquo;exactitude des d\u00e9tails concernant les services fournis. En toute bonne foi, la Soci\u00e9t\u00e9 ne sera pas responsable des erreurs techniques ou typographiques qui pourraient s&rsquo;\u00eatre produites involontairement ou en raison de la suspension du service du site Web pour cause de force majeure.&#13;\nPour l&rsquo;achat de marchandises, la soci\u00e9t\u00e9 propose la carte de cr\u00e9dit comme mode de paiement.<\/p>&#13;\n&#13;\n<h2 class=\"wp-block-heading\">3. Responsabilit\u00e9 limit\u00e9e<\/h2>&#13;\n&#13;\n<p>LA SOCI\u00c9T\u00c9 NE POURRA \u00caTRE TENUE POUR RESPONSABLE DE TOUT DOMMAGE DIRECT, INDIRECT, SP\u00c9CIAL, PERSONNEL, CONFIDENTIEL, EXEMPLAIRE OU INF\u00c9R\u00c9, OU DE TOUT AUTRE DOMMAGE, M\u00caME S&rsquo;IL EST ANT\u00c9RIEUR \u00c0 L&rsquo;UTILISATION EXCLUSIVE, \u00c0 LA CAPACIT\u00c9 D&rsquo;UTILISATION OU \u00c0 LA PERFORMANCE DES INFORMATIONS, DES SERVICES, DES PRODUITS ET DES MAT\u00c9RIAUX DISPONIBLES SUR CE SITE.&#13;\nSi la limitation de responsabilit\u00e9 qui pr\u00e9c\u00e8de est jug\u00e9e inapplicable, la Soci\u00e9t\u00e9 ne sera responsable que d&rsquo;un manque substantiel de diligence raisonnable en cas de retard dans la livraison des produits command\u00e9s ou des informations et services fournis par l&rsquo;interm\u00e9diaire du site web. La responsabilit\u00e9 maximale de la soci\u00e9t\u00e9 au titre de la fourniture des produits en vertu des pr\u00e9sentes conditions, qu&rsquo;elle soit contractuelle, d\u00e9lictuelle (y compris la n\u00e9gligence) ou autre, n&rsquo;exc\u00e9dera pas le montant r\u00e9el pay\u00e9 par le client \u00e0 la soci\u00e9t\u00e9.&#13;\nEn outre, la Soci\u00e9t\u00e9 ne peut garantir la disponibilit\u00e9 des produits \u00e9num\u00e9r\u00e9s. Toutefois, elle s&rsquo;engage \u00e0 informer ses clients en temps utile de l&rsquo;indisponibilit\u00e9 des produits.<\/p>&#13;\n&#13;\n<p>L&rsquo;entreprise n&rsquo;est pas responsable des probl\u00e8mes techniques que les utilisateurs peuvent rencontrer lorsqu&rsquo;ils tentent d&rsquo;acc\u00e9der au site ou lorsqu&rsquo;ils le parcourent et qui sont li\u00e9s aux performances ou \u00e0 la compatibilit\u00e9 de leur propre infrastructure avec le site. En outre, la soci\u00e9t\u00e9 n&rsquo;est pas responsable des actions ou des omissions de tiers, et en particulier de toute interf\u00e9rence inappropri\u00e9e de tiers avec les produits\/services et\/ou les informations fournis par l&rsquo;interm\u00e9diaire de la plateforme de la soci\u00e9t\u00e9. Lorsque le pr\u00e9sent site web contient des liens vers des sites web de tiers, la soci\u00e9t\u00e9 n&rsquo;est pas responsable du contenu de ces sites web ou de tout dommage caus\u00e9 \u00e0 l&rsquo;utilisateur par ces sites web.&#13;\nCertaines juridictions n&rsquo;autorisent pas la limitation ou l&rsquo;exclusion de la responsabilit\u00e9 pour certains dommages, de sorte que les limitations et exclusions susmentionn\u00e9es peuvent ne pas s&rsquo;appliquer \u00e0 vous dans la mesure o\u00f9 la loi de cette juridiction s&rsquo;applique aux pr\u00e9sentes conditions.<\/p>&#13;\n&#13;\n<h2 class=\"wp-block-heading\">4. Obligations des utilisateurs<\/h2>&#13;\n&#13;\n<p>Sauf indication contraire, le site web est destin\u00e9 \u00e0 une utilisation personnelle et non commerciale uniquement. Il est interdit de modifier, copier, distribuer, transmettre, afficher, ex\u00e9cuter, reproduire, publier, conc\u00e9der sous licence, cr\u00e9er des \u0153uvres d\u00e9riv\u00e9es, transf\u00e9rer ou vendre tout texte, illustration, logo ou communication\/nouvelle apparaissant ou figurant sur le site, y compris, mais sans s&rsquo;y limiter, le texte, les graphiques, les photographies, les images, les animations, les sons, les informations, les logiciels, les produits ou les services et leurs param\u00e8tres (\u00ab contenu \u00bb), sauf dans les cas express\u00e9ment autoris\u00e9s par les pr\u00e9sentes. Les utilisateurs du site acceptent et s&rsquo;engagent \u00e0 ne pas utiliser le site web de la soci\u00e9t\u00e9 pour t\u00e9l\u00e9charger, transmettre, afficher ou transmettre de toute autre mani\u00e8re un contenu ill\u00e9gal, nuisible, mena\u00e7ant, raciste, abusif, offensant, harcelant, diffamatoire, obsc\u00e8ne, vulgaire, immoral ou pr\u00e9judiciable aux mineurs. En outre, la visite du site web et les transactions qui y sont effectu\u00e9es doivent l&rsquo;\u00eatre pour un usage personnel et priv\u00e9, uniquement \u00e0 des fins l\u00e9gales et d&rsquo;une mani\u00e8re qui ne limite pas ou n&#8217;emp\u00eache pas les tiers de l&rsquo;utiliser. Vous acceptez de ne pas collecter et\/ou utiliser les descriptions de produits, les images, les listes ou les prix, sauf pour votre usage personnel et non commercial ou pour passer une commande aupr\u00e8s de nous.&#13;\nL&rsquo;utilisateur est tenu d&rsquo;utiliser le site web conform\u00e9ment \u00e0 la loi et aux conditions en vigueur et de ne pas entreprendre d&rsquo;action ou d&rsquo;omission susceptible d&rsquo;endommager le site web ou de nuire \u00e0 son bon fonctionnement ou de compromettre la fourniture des services.&#13;\n<\/p>&#13;\n&#13;\n<h2 class=\"wp-block-heading\">5. Notre logo et d&rsquo;autres contenus sur notre site web<\/h2>&#13;\n&#13;\n<p>Demandez-nous avant d&rsquo;utiliser !&#13;\nLe logo de notre soci\u00e9t\u00e9, ainsi que d&rsquo;autres contenus affich\u00e9s sur le site Web, peuvent \u00eatre soumis \u00e0 des droits de propri\u00e9t\u00e9 intellectuelle et ne peuvent \u00eatre utilis\u00e9s \u00e0 quelque fin que ce soit sans notre accord \u00e9crit pr\u00e9alable.<\/p>&#13;\n&#13;\n<h2 class=\"wp-block-heading\">6. Politique de protection des donn\u00e9es et de la vie priv\u00e9e<\/h2>&#13;\n&#13;\n<p>L&rsquo;Utilisateur et la Soci\u00e9t\u00e9 doivent se conformer \u00e0 toutes les lois et r\u00e9glementations applicables en mati\u00e8re de protection des donn\u00e9es et de la vie priv\u00e9e dans l&rsquo;ex\u00e9cution de ses obligations \u00e9nonc\u00e9es dans les pr\u00e9sentes Conditions, y compris le R\u00e8glement g\u00e9n\u00e9ral sur la protection des donn\u00e9es de l&rsquo;UE 2016\/679 ( \u00bb GDPR \u201c) (\u201d Lois sur la protection des donn\u00e9es \u00bb) , dans chaque cas, y compris toutes les autres lois et r\u00e9glementations qui leur succ\u00e8dent.&#13;\nLa Soci\u00e9t\u00e9 traite les donn\u00e9es personnelles (telles que ce terme est d\u00e9fini dans les Lois sur la protection des donn\u00e9es) qu&rsquo;elle recueille en tant que contr\u00f4leur de donn\u00e9es (tel que ce terme est d\u00e9fini dans les Lois sur la protection des donn\u00e9es) dans le cadre de la fourniture des Services. Lorsque des donn\u00e9es sont trait\u00e9es par la Soci\u00e9t\u00e9 en tant que responsable du traitement, ce traitement est effectu\u00e9 conform\u00e9ment \u00e0 la politique de confidentialit\u00e9 et \u00e0 l&rsquo;avis sur les cookies de la Soci\u00e9t\u00e9.&#13;\nCliquez sur la Politique de confidentialit\u00e9 (lien hypertexte ici) ou la Politique en mati\u00e8re de cookies (lien hypertexte ici) si vous souhaitez en savoir plus.<\/p>&#13;\n&#13;\n<h2 class=\"wp-block-heading\">7. L\u00e9gislation applicable<\/h2>&#13;\n&#13;\n<p>Dans la mesure o\u00f9 la loi le permet, les conditions sont r\u00e9gies et interpr\u00e9t\u00e9es \u00e0 tous \u00e9gards conform\u00e9ment au droit substantiel de la Gr\u00e8ce. Vous acceptez que, sous r\u00e9serve des dispositions des pr\u00e9sentes, tout litige d\u00e9coulant directement ou indirectement des conditions ou du site web ou s&rsquo;y rapportant (y compris l&rsquo;achat de produits de la soci\u00e9t\u00e9 par l&rsquo;interm\u00e9diaire du site web) soit r\u00e9solu exclusivement devant les tribunaux de Gr\u00e8ce. Vous consentez irr\u00e9vocablement \u00e0 ce lieu et \u00e0 la comp\u00e9tence exclusive de ces tribunaux pour tout litige de ce type.<\/p>&#13;\n&#13;\n<h2 class=\"wp-block-heading\">8. Modification du contenu du site web et des conditions d&rsquo;utilisation<\/h2>&#13;\n&#13;\n<p>La soci\u00e9t\u00e9 se r\u00e9serve le droit de modifier ou de changer le contenu du site web \u00e0 tout moment, sans notification pr\u00e9alable aux utilisateurs.&#13;\nNous pouvons \u00e9galement modifier les pr\u00e9sentes conditions \u00e0 tout moment en publiant les conditions modifi\u00e9es sur le site web. Notre droit de modifier les conditions comprend le droit de modifier, d&rsquo;ajouter ou de supprimer des conditions. La soci\u00e9t\u00e9 informera les utilisateurs par l&rsquo;interm\u00e9diaire du site web actuel en cas de modification des conditions de transaction. Toute modification ou changement n&rsquo;affecte pas et ne s&rsquo;applique pas aux commandes d\u00e9j\u00e0 pass\u00e9es. Les visiteurs\/utilisateurs acceptent d&rsquo;agir de bonne foi et avec loyaut\u00e9 et il leur incombe de v\u00e9rifier r\u00e9guli\u00e8rement si les pr\u00e9sentes conditions d&rsquo;utilisation ont \u00e9t\u00e9 modifi\u00e9es s&rsquo;ils consultent \u00e0 nouveau le site web. La poursuite de l&rsquo;acc\u00e8s ou de l&rsquo;utilisation de nos services vaut acceptation des conditions modifi\u00e9es. Les conditions d&rsquo;utilisation du site web et les transactions effectu\u00e9es par son interm\u00e9diaire ne sont pas contraires aux dispositions des lois imp\u00e9ratives de la Gr\u00e8ce.<\/p>&#13;\n&#13;\n<h2 class=\"wp-block-heading\">9. S\u00e9paration<\/h2>&#13;\n&#13;\n<p>Si une ou plusieurs sections des pr\u00e9sentes conditions sont jug\u00e9es invalides, ill\u00e9gales, inapplicables ou contraires \u00e0 la loi d&rsquo;une juridiction, cette d\u00e9cision n&rsquo;affectera en rien le caract\u00e8re ex\u00e9cutoire des autres sections.<\/p>&#13;\n&#13;\n<h2 class=\"wp-block-heading\">10. Contacter l&rsquo;entreprise<\/h2>&#13;\n&#13;\n<p>Si les pr\u00e9sentes conditions ne r\u00e9pondent pas \u00e0 votre question ou si vous souhaitez signaler un probl\u00e8me concernant le site web ou son contenu, veuillez nous contacter comme suit :<\/p>&#13;\n&#13;\n<p><strong>Par courrier :<\/strong>&#13;\n38 Doirani Street, Thessalonique, Gr\u00e8ce, 546 38<\/p>&#13;\n&#13;\n<p><strong>E-mail :<\/strong>&#13;\nVeuillez nous \u00e9crire \u00e0 l&rsquo;adresse info@citycars.gr.<\/p>&#13;\n&#13;\n<p><strong>\u03a4\u03b7\u03bb\u03ad\u03c6\u03c9\u03bd\u03bf:<\/strong> +302310202029<\/p>&#13;\n","protected":false},"excerpt":{"rendered":"<p>&#13; 1. Donn\u00e9es sp\u00e9ciales &#8211; Informations &#13; &#13; Ce site web (\u00ab site web \u00bb) est la propri\u00e9t\u00e9 d&rsquo;une soci\u00e9t\u00e9 appel\u00e9e \u00ab City Car Rental Thessaloniki \u00bb (www.citycars.gr). &#13; &#13; Activit\u00e9 de l&rsquo;entreprise : soci\u00e9t\u00e9 de location de voitures&#13; Si\u00e8ge de la soci\u00e9t\u00e9 : Doirani 38 Thessalonique Gr\u00e8ce 546 38&#13; Courriel : info@citycars.gr&#13; T\u00e9l\u00e9phone : [&hellip;]<\/p>\n","protected":false},"author":1,"featured_media":0,"parent":0,"menu_order":0,"comment_status":"closed","ping_status":"closed","template":"","meta":{"footnotes":""},"class_list":["post-3668","page","type-page","status-publish","hentry"],"yoast_head":"<!-- This site is optimized with the Yoast SEO Premium plugin v22.3 (Yoast SEO v22.3) - https:\/\/yoast.com\/wordpress\/plugins\/seo\/ -->\n<title>Excellente assistance \u00e0 la client\u00e8le de City Car Rental Thessaloniki<\/title>\n<meta name=\"description\" content=\"City Car Rental \u00e0 Thessalonique offre un excellent service et une assistance \u00e0 la client\u00e8le pour tous vos besoins en mati\u00e8re de location de voitures.\" \/>\n<meta name=\"robots\" content=\"noindex, follow, max-snippet:-1, max-image-preview:large, max-video-preview:-1\" \/>\n<meta property=\"og:locale\" content=\"fr_FR\" \/>\n<meta property=\"og:type\" content=\"article\" \/>\n<meta property=\"og:title\" content=\"Conditions d&#039;utilisation\" \/>\n<meta property=\"og:description\" content=\"City Car Rental \u00e0 Thessalonique offre un excellent service et une assistance \u00e0 la client\u00e8le pour tous vos besoins en mati\u00e8re de location de voitures.\" \/>\n<meta property=\"og:url\" content=\"https:\/\/citycars.globaltouchdev.eu\/fr\/conditions-dutilisation\/\" \/>\n<meta property=\"og:site_name\" content=\"City Car Rental\" \/>\n<meta property=\"article:publisher\" content=\"https:\/\/www.facebook.com\/CityCarRentalThessaloniki\" \/>\n<meta property=\"article:modified_time\" content=\"2024-07-17T10:55:44+00:00\" \/>\n<meta property=\"og:image\" content=\"https:\/\/citycars.globaltouchdev.eu\/wp-content\/uploads\/2022\/10\/Logo-250x250-1.png\" \/>\n\t<meta property=\"og:image:width\" content=\"250\" \/>\n\t<meta property=\"og:image:height\" content=\"250\" \/>\n\t<meta property=\"og:image:type\" content=\"image\/png\" \/>\n<meta name=\"twitter:card\" content=\"summary_large_image\" \/>\n<meta name=\"twitter:site\" content=\"@CityCarSalonika\" \/>\n<meta name=\"twitter:label1\" content=\"Dur\u00e9e de lecture estim\u00e9e\" \/>\n\t<meta name=\"twitter:data1\" content=\"7 minutes\" \/>\n<script type=\"application\/ld+json\" class=\"yoast-schema-graph\">{\"@context\":\"https:\/\/schema.org\",\"@graph\":[{\"@type\":\"WebPage\",\"@id\":\"https:\/\/citycars.globaltouchdev.eu\/fr\/conditions-dutilisation\/\",\"url\":\"https:\/\/citycars.globaltouchdev.eu\/fr\/conditions-dutilisation\/\",\"name\":\"Excellente assistance \u00e0 la client\u00e8le de City Car Rental Thessaloniki\",\"isPartOf\":{\"@id\":\"https:\/\/citycars.globaltouchdev.eu\/#website\"},\"datePublished\":\"2024-07-17T10:55:07+00:00\",\"dateModified\":\"2024-07-17T10:55:44+00:00\",\"description\":\"City Car Rental \u00e0 Thessalonique offre un excellent service et une assistance \u00e0 la client\u00e8le pour tous vos besoins en mati\u00e8re de location de voitures.\",\"breadcrumb\":{\"@id\":\"https:\/\/citycars.globaltouchdev.eu\/fr\/conditions-dutilisation\/#breadcrumb\"},\"inLanguage\":\"fr-FR\",\"potentialAction\":[{\"@type\":\"ReadAction\",\"target\":[\"https:\/\/citycars.globaltouchdev.eu\/fr\/conditions-dutilisation\/\"]}]},{\"@type\":\"BreadcrumbList\",\"@id\":\"https:\/\/citycars.globaltouchdev.eu\/fr\/conditions-dutilisation\/#breadcrumb\",\"itemListElement\":[{\"@type\":\"ListItem\",\"position\":1,\"name\":\"\u0391\u03c1\u03c7\u03b9\u03ba\u03ae\",\"item\":\"https:\/\/citycars.globaltouchdev.eu\/\"},{\"@type\":\"ListItem\",\"position\":2,\"name\":\"Conditions d&#8217;utilisation\"}]},{\"@type\":\"WebSite\",\"@id\":\"https:\/\/citycars.globaltouchdev.eu\/#website\",\"url\":\"https:\/\/citycars.globaltouchdev.eu\/\",\"name\":\"\u0395\u03bd\u03bf\u03b9\u03ba\u03b9\u03ac\u03c3\u03b5\u03b9\u03c2 \u0391\u03c5\u03c4\u03bf\u03ba\u03b9\u03bd\u03ae\u03c4\u03c9\u03bd \u0398\u03b5\u03c3\u03c3\u03b1\u03bb\u03bf\u03bd\u03af\u03ba\u03b7 | Rent a Car Thessaloniki | City Car Rental\",\"description\":\"Rent a Car Airport Thessaloniki Greece\",\"publisher\":{\"@id\":\"https:\/\/citycars.globaltouchdev.eu\/#organization\"},\"alternateName\":\"Auto Mieten Thessaloniki Flughafen\",\"potentialAction\":[{\"@type\":\"SearchAction\",\"target\":{\"@type\":\"EntryPoint\",\"urlTemplate\":\"https:\/\/citycars.globaltouchdev.eu\/?s={search_term_string}\"},\"query-input\":\"required name=search_term_string\"}],\"inLanguage\":\"fr-FR\"},{\"@type\":\"Organization\",\"@id\":\"https:\/\/citycars.globaltouchdev.eu\/#organization\",\"name\":\"City Car Rental Thessaloniki | \u0395\u03bd\u03bf\u03b9\u03ba\u03b9\u03ac\u03c3\u03b5\u03b9\u03c2 \u0391\u03c5\u03c4\u03bf\u03ba\u03b9\u03bd\u03ae\u03c4\u03c9\u03bd \u0398\u03b5\u03c3\u03c3\u03b1\u03bb\u03bf\u03bd\u03af\u03ba\u03b7\",\"alternateName\":\"Car Rental Airport Thessaloniki Greece | City Car Rental\",\"url\":\"https:\/\/citycars.globaltouchdev.eu\/\",\"logo\":{\"@type\":\"ImageObject\",\"inLanguage\":\"fr-FR\",\"@id\":\"https:\/\/citycars.globaltouchdev.eu\/#\/schema\/logo\/image\/\",\"url\":\"https:\/\/citycars.globaltouchdev.eu\/wp-content\/uploads\/2021\/03\/logo-landscape.png\",\"contentUrl\":\"https:\/\/citycars.globaltouchdev.eu\/wp-content\/uploads\/2021\/03\/logo-landscape.png\",\"width\":640,\"height\":303,\"caption\":\"City Car Rental Thessaloniki | \u0395\u03bd\u03bf\u03b9\u03ba\u03b9\u03ac\u03c3\u03b5\u03b9\u03c2 \u0391\u03c5\u03c4\u03bf\u03ba\u03b9\u03bd\u03ae\u03c4\u03c9\u03bd \u0398\u03b5\u03c3\u03c3\u03b1\u03bb\u03bf\u03bd\u03af\u03ba\u03b7\"},\"image\":{\"@id\":\"https:\/\/citycars.globaltouchdev.eu\/#\/schema\/logo\/image\/\"},\"sameAs\":[\"https:\/\/www.facebook.com\/CityCarRentalThessaloniki\",\"https:\/\/twitter.com\/CityCarSalonika\",\"https:\/\/mastodon.social\/@Citycars\",\"https:\/\/www.instagram.com\/city_car_rental_thess\/\",\"https:\/\/www.youtube.com\/watch?v=Duixnt_tgZ8&ab_channel=AlexandrosTsapournias\",\"https:\/\/www.tripadvisor.com\/Attraction_Review-g189473-d23048607-Reviews-City_Car_Rental-Thessaloniki_Thessaloniki_Region_Central_Macedonia.html\"],\"description\":\"Car Rental Company in Thessaloniki Greece\",\"email\":\"rentacar@citycars.gr\",\"telephone\":\"+302310202029\",\"foundingDate\":\"2013-11-13\",\"vatID\":\"EL801704863\",\"numberOfEmployees\":{\"@type\":\"QuantitativeValue\",\"minValue\":\"1\",\"maxValue\":\"10\"}}]}<\/script>\n<!-- \/ Yoast SEO Premium plugin. -->","yoast_head_json":{"title":"Excellente assistance \u00e0 la client\u00e8le de City Car Rental Thessaloniki","description":"City Car Rental \u00e0 Thessalonique offre un excellent service et une assistance \u00e0 la client\u00e8le pour tous vos besoins en mati\u00e8re de location de voitures.","robots":{"index":"noindex","follow":"follow","max-snippet":"max-snippet:-1","max-image-preview":"max-image-preview:large","max-video-preview":"max-video-preview:-1"},"og_locale":"fr_FR","og_type":"article","og_title":"Conditions d'utilisation","og_description":"City Car Rental \u00e0 Thessalonique offre un excellent service et une assistance \u00e0 la client\u00e8le pour tous vos besoins en mati\u00e8re de location de voitures.","og_url":"https:\/\/citycars.globaltouchdev.eu\/fr\/conditions-dutilisation\/","og_site_name":"City Car Rental","article_publisher":"https:\/\/www.facebook.com\/CityCarRentalThessaloniki","article_modified_time":"2024-07-17T10:55:44+00:00","og_image":[{"width":250,"height":250,"url":"https:\/\/citycars.globaltouchdev.eu\/wp-content\/uploads\/2022\/10\/Logo-250x250-1.png","type":"image\/png"}],"twitter_card":"summary_large_image","twitter_site":"@CityCarSalonika","twitter_misc":{"Dur\u00e9e de lecture estim\u00e9e":"7 minutes"},"schema":{"@context":"https:\/\/schema.org","@graph":[{"@type":"WebPage","@id":"https:\/\/citycars.globaltouchdev.eu\/fr\/conditions-dutilisation\/","url":"https:\/\/citycars.globaltouchdev.eu\/fr\/conditions-dutilisation\/","name":"Excellente assistance \u00e0 la client\u00e8le de City Car Rental Thessaloniki","isPartOf":{"@id":"https:\/\/citycars.globaltouchdev.eu\/#website"},"datePublished":"2024-07-17T10:55:07+00:00","dateModified":"2024-07-17T10:55:44+00:00","description":"City Car Rental \u00e0 Thessalonique offre un excellent service et une assistance \u00e0 la client\u00e8le pour tous vos besoins en mati\u00e8re de location de voitures.","breadcrumb":{"@id":"https:\/\/citycars.globaltouchdev.eu\/fr\/conditions-dutilisation\/#breadcrumb"},"inLanguage":"fr-FR","potentialAction":[{"@type":"ReadAction","target":["https:\/\/citycars.globaltouchdev.eu\/fr\/conditions-dutilisation\/"]}]},{"@type":"BreadcrumbList","@id":"https:\/\/citycars.globaltouchdev.eu\/fr\/conditions-dutilisation\/#breadcrumb","itemListElement":[{"@type":"ListItem","position":1,"name":"\u0391\u03c1\u03c7\u03b9\u03ba\u03ae","item":"https:\/\/citycars.globaltouchdev.eu\/"},{"@type":"ListItem","position":2,"name":"Conditions d&#8217;utilisation"}]},{"@type":"WebSite","@id":"https:\/\/citycars.globaltouchdev.eu\/#website","url":"https:\/\/citycars.globaltouchdev.eu\/","name":"\u0395\u03bd\u03bf\u03b9\u03ba\u03b9\u03ac\u03c3\u03b5\u03b9\u03c2 \u0391\u03c5\u03c4\u03bf\u03ba\u03b9\u03bd\u03ae\u03c4\u03c9\u03bd \u0398\u03b5\u03c3\u03c3\u03b1\u03bb\u03bf\u03bd\u03af\u03ba\u03b7 | Rent a Car Thessaloniki | City Car Rental","description":"Rent a Car Airport Thessaloniki Greece","publisher":{"@id":"https:\/\/citycars.globaltouchdev.eu\/#organization"},"alternateName":"Auto Mieten Thessaloniki Flughafen","potentialAction":[{"@type":"SearchAction","target":{"@type":"EntryPoint","urlTemplate":"https:\/\/citycars.globaltouchdev.eu\/?s={search_term_string}"},"query-input":"required name=search_term_string"}],"inLanguage":"fr-FR"},{"@type":"Organization","@id":"https:\/\/citycars.globaltouchdev.eu\/#organization","name":"City Car Rental Thessaloniki | \u0395\u03bd\u03bf\u03b9\u03ba\u03b9\u03ac\u03c3\u03b5\u03b9\u03c2 \u0391\u03c5\u03c4\u03bf\u03ba\u03b9\u03bd\u03ae\u03c4\u03c9\u03bd \u0398\u03b5\u03c3\u03c3\u03b1\u03bb\u03bf\u03bd\u03af\u03ba\u03b7","alternateName":"Car Rental Airport Thessaloniki Greece | City Car Rental","url":"https:\/\/citycars.globaltouchdev.eu\/","logo":{"@type":"ImageObject","inLanguage":"fr-FR","@id":"https:\/\/citycars.globaltouchdev.eu\/#\/schema\/logo\/image\/","url":"https:\/\/citycars.globaltouchdev.eu\/wp-content\/uploads\/2021\/03\/logo-landscape.png","contentUrl":"https:\/\/citycars.globaltouchdev.eu\/wp-content\/uploads\/2021\/03\/logo-landscape.png","width":640,"height":303,"caption":"City Car Rental Thessaloniki | \u0395\u03bd\u03bf\u03b9\u03ba\u03b9\u03ac\u03c3\u03b5\u03b9\u03c2 \u0391\u03c5\u03c4\u03bf\u03ba\u03b9\u03bd\u03ae\u03c4\u03c9\u03bd \u0398\u03b5\u03c3\u03c3\u03b1\u03bb\u03bf\u03bd\u03af\u03ba\u03b7"},"image":{"@id":"https:\/\/citycars.globaltouchdev.eu\/#\/schema\/logo\/image\/"},"sameAs":["https:\/\/www.facebook.com\/CityCarRentalThessaloniki","https:\/\/twitter.com\/CityCarSalonika","https:\/\/mastodon.social\/@Citycars","https:\/\/www.instagram.com\/city_car_rental_thess\/","https:\/\/www.youtube.com\/watch?v=Duixnt_tgZ8&ab_channel=AlexandrosTsapournias","https:\/\/www.tripadvisor.com\/Attraction_Review-g189473-d23048607-Reviews-City_Car_Rental-Thessaloniki_Thessaloniki_Region_Central_Macedonia.html"],"description":"Car Rental Company in Thessaloniki Greece","email":"rentacar@citycars.gr","telephone":"+302310202029","foundingDate":"2013-11-13","vatID":"EL801704863","numberOfEmployees":{"@type":"QuantitativeValue","minValue":"1","maxValue":"10"}}]}},"_links":{"self":[{"href":"https:\/\/citycars.globaltouchdev.eu\/fr\/wp-json\/wp\/v2\/pages\/3668","targetHints":{"allow":["GET"]}}],"collection":[{"href":"https:\/\/citycars.globaltouchdev.eu\/fr\/wp-json\/wp\/v2\/pages"}],"about":[{"href":"https:\/\/citycars.globaltouchdev.eu\/fr\/wp-json\/wp\/v2\/types\/page"}],"author":[{"embeddable":true,"href":"https:\/\/citycars.globaltouchdev.eu\/fr\/wp-json\/wp\/v2\/users\/1"}],"replies":[{"embeddable":true,"href":"https:\/\/citycars.globaltouchdev.eu\/fr\/wp-json\/wp\/v2\/comments?post=3668"}],"version-history":[{"count":1,"href":"https:\/\/citycars.globaltouchdev.eu\/fr\/wp-json\/wp\/v2\/pages\/3668\/revisions"}],"predecessor-version":[{"id":3670,"href":"https:\/\/citycars.globaltouchdev.eu\/fr\/wp-json\/wp\/v2\/pages\/3668\/revisions\/3670"}],"wp:attachment":[{"href":"https:\/\/citycars.globaltouchdev.eu\/fr\/wp-json\/wp\/v2\/media?parent=3668"}],"curies":[{"name":"wp","href":"https:\/\/api.w.org\/{rel}","templated":true}]}}