{"id":3279,"date":"2024-07-10T16:35:38","date_gmt":"2024-07-10T13:35:38","guid":{"rendered":"https:\/\/citycars.globaltouchdev.eu\/quel-est-le-meilleur-moment-pour-reserver-votre-voiture-de-location\/"},"modified":"2024-07-10T16:35:59","modified_gmt":"2024-07-10T13:35:59","slug":"quel-est-le-meilleur-moment-pour-reserver-votre-voiture-de-location","status":"publish","type":"page","link":"https:\/\/citycars.globaltouchdev.eu\/fr\/quel-est-le-meilleur-moment-pour-reserver-votre-voiture-de-location\/","title":{"rendered":"Quel est le meilleur moment pour r\u00e9server votre voiture de location?"},"content":{"rendered":"&#13;\n<p>L\u2019id\u00e9al est g\u00e9n\u00e9ralement de r\u00e9server trois \u00e0 six mois avant votre voyage. Les prix ont tendance \u00e0 \u00eatre plus comp\u00e9titifs pendant cette p\u00e9riode. Il n\u2019y a pas beaucoup d\u2019avantages \u00e0 r\u00e9server plus t\u00f4t. Au contraire, les prix ont tendance \u00e0 \u00eatre plus \u00e9lev\u00e9s un an \u00e0 l\u2019avance.&#13;\n<\/p>&#13;\n&#13;\n<p>Si vous r\u00e9servez \u00e0 l&rsquo;approche de votre voyage et que vous \u00eates satisfait de l&rsquo;un des types de voitures les plus courants, par ex. quelque chose dans le <a href=\"https:\/\/citycars.globaltouchdev.eu\/fleet\" target=\"_blank\" rel=\"noreferrer noopener\">mini<\/a>, <a href=\"https:\/\/citycars.globaltouchdev .eu\/fleet\" target=\"_blank\" rel=\"noreferrer noopener\">\u00e9conomie <\/a>ou <a href=\"https:\/\/citycars.globaltouchdev.eu\/fleet\" target=\"_blank\" rel=\"noreferrer noopener\">Groupes de voitures compactes<\/a> : r\u00e9server une voiture plus pr\u00e8s de votre voyage est rarement un probl\u00e8me. City Car Rental propose de nombreux mod\u00e8les de ce type, m\u00eame si les prix peuvent augmenter en fin de journ\u00e9e si la demande est forte.&#13;\n<\/p>&#13;\n","protected":false},"excerpt":{"rendered":"<p>&#13; L\u2019id\u00e9al est g\u00e9n\u00e9ralement de r\u00e9server trois \u00e0 six mois avant votre voyage. Les prix ont tendance \u00e0 \u00eatre plus comp\u00e9titifs pendant cette p\u00e9riode. Il n\u2019y a pas beaucoup d\u2019avantages \u00e0 r\u00e9server plus t\u00f4t. Au contraire, les prix ont tendance \u00e0 \u00eatre plus \u00e9lev\u00e9s un an \u00e0 l\u2019avance.&#13; &#13; &#13; Si vous r\u00e9servez \u00e0 l&rsquo;approche [&hellip;]<\/p>\n","protected":false},"author":1,"featured_media":0,"parent":0,"menu_order":0,"comment_status":"closed","ping_status":"closed","template":"","meta":{"footnotes":""},"class_list":["post-3279","page","type-page","status-publish","hentry"],"yoast_head":"<!-- This site is optimized with the Yoast SEO Premium plugin v22.3 (Yoast SEO v22.3) - https:\/\/yoast.com\/wordpress\/plugins\/seo\/ -->\n<title>Quel est le meilleur moment pour r\u00e9server votre voiture de location?<\/title>\n<meta name=\"description\" content=\"D\u00e9couvrez quel est le meilleur moment pour r\u00e9server votre voiture de location avec CityCars.gr \u00e0 Thessalonique.\" \/>\n<meta name=\"robots\" content=\"noindex, follow, max-snippet:-1, max-image-preview:large, max-video-preview:-1\" \/>\n<meta property=\"og:locale\" content=\"fr_FR\" \/>\n<meta property=\"og:type\" content=\"article\" \/>\n<meta property=\"og:title\" content=\"Quel est le meilleur moment pour r\u00e9server votre voiture de location?\" \/>\n<meta property=\"og:description\" content=\"D\u00e9couvrez quel est le meilleur moment pour r\u00e9server votre voiture de location avec CityCars.gr \u00e0 Thessalonique.\" \/>\n<meta property=\"og:url\" content=\"https:\/\/citycars.globaltouchdev.eu\/fr\/quel-est-le-meilleur-moment-pour-reserver-votre-voiture-de-location\/\" \/>\n<meta property=\"og:site_name\" content=\"City Car Rental\" \/>\n<meta property=\"article:publisher\" content=\"https:\/\/www.facebook.com\/CityCarRentalThessaloniki\" \/>\n<meta property=\"article:modified_time\" content=\"2024-07-10T13:35:59+00:00\" \/>\n<meta property=\"og:image\" content=\"https:\/\/citycars.globaltouchdev.eu\/wp-content\/uploads\/2022\/10\/Logo-250x250-1.png\" \/>\n\t<meta property=\"og:image:width\" content=\"250\" \/>\n\t<meta property=\"og:image:height\" content=\"250\" \/>\n\t<meta property=\"og:image:type\" content=\"image\/png\" \/>\n<meta name=\"twitter:card\" content=\"summary_large_image\" \/>\n<meta name=\"twitter:site\" content=\"@CityCarSalonika\" \/>\n<meta name=\"twitter:label1\" content=\"Dur\u00e9e de lecture estim\u00e9e\" \/>\n\t<meta name=\"twitter:data1\" content=\"1 minute\" \/>\n<script type=\"application\/ld+json\" class=\"yoast-schema-graph\">{\"@context\":\"https:\/\/schema.org\",\"@graph\":[{\"@type\":\"WebPage\",\"@id\":\"https:\/\/citycars.globaltouchdev.eu\/fr\/quel-est-le-meilleur-moment-pour-reserver-votre-voiture-de-location\/\",\"url\":\"https:\/\/citycars.globaltouchdev.eu\/fr\/quel-est-le-meilleur-moment-pour-reserver-votre-voiture-de-location\/\",\"name\":\"Quel est le meilleur moment pour r\u00e9server votre voiture de location?\",\"isPartOf\":{\"@id\":\"https:\/\/citycars.globaltouchdev.eu\/#website\"},\"datePublished\":\"2024-07-10T13:35:38+00:00\",\"dateModified\":\"2024-07-10T13:35:59+00:00\",\"description\":\"D\u00e9couvrez quel est le meilleur moment pour r\u00e9server votre voiture de location avec CityCars.gr \u00e0 Thessalonique.\",\"breadcrumb\":{\"@id\":\"https:\/\/citycars.globaltouchdev.eu\/fr\/quel-est-le-meilleur-moment-pour-reserver-votre-voiture-de-location\/#breadcrumb\"},\"inLanguage\":\"fr-FR\",\"potentialAction\":[{\"@type\":\"ReadAction\",\"target\":[\"https:\/\/citycars.globaltouchdev.eu\/fr\/quel-est-le-meilleur-moment-pour-reserver-votre-voiture-de-location\/\"]}]},{\"@type\":\"BreadcrumbList\",\"@id\":\"https:\/\/citycars.globaltouchdev.eu\/fr\/quel-est-le-meilleur-moment-pour-reserver-votre-voiture-de-location\/#breadcrumb\",\"itemListElement\":[{\"@type\":\"ListItem\",\"position\":1,\"name\":\"\u0391\u03c1\u03c7\u03b9\u03ba\u03ae\",\"item\":\"https:\/\/citycars.globaltouchdev.eu\/\"},{\"@type\":\"ListItem\",\"position\":2,\"name\":\"Quel est le meilleur moment pour r\u00e9server votre voiture de location?\"}]},{\"@type\":\"WebSite\",\"@id\":\"https:\/\/citycars.globaltouchdev.eu\/#website\",\"url\":\"https:\/\/citycars.globaltouchdev.eu\/\",\"name\":\"\u0395\u03bd\u03bf\u03b9\u03ba\u03b9\u03ac\u03c3\u03b5\u03b9\u03c2 \u0391\u03c5\u03c4\u03bf\u03ba\u03b9\u03bd\u03ae\u03c4\u03c9\u03bd \u0398\u03b5\u03c3\u03c3\u03b1\u03bb\u03bf\u03bd\u03af\u03ba\u03b7 | Rent a Car Thessaloniki | City Car Rental\",\"description\":\"Rent a Car Airport Thessaloniki Greece\",\"publisher\":{\"@id\":\"https:\/\/citycars.globaltouchdev.eu\/#organization\"},\"alternateName\":\"Auto Mieten Thessaloniki Flughafen\",\"potentialAction\":[{\"@type\":\"SearchAction\",\"target\":{\"@type\":\"EntryPoint\",\"urlTemplate\":\"https:\/\/citycars.globaltouchdev.eu\/?s={search_term_string}\"},\"query-input\":\"required name=search_term_string\"}],\"inLanguage\":\"fr-FR\"},{\"@type\":\"Organization\",\"@id\":\"https:\/\/citycars.globaltouchdev.eu\/#organization\",\"name\":\"City Car Rental Thessaloniki | \u0395\u03bd\u03bf\u03b9\u03ba\u03b9\u03ac\u03c3\u03b5\u03b9\u03c2 \u0391\u03c5\u03c4\u03bf\u03ba\u03b9\u03bd\u03ae\u03c4\u03c9\u03bd \u0398\u03b5\u03c3\u03c3\u03b1\u03bb\u03bf\u03bd\u03af\u03ba\u03b7\",\"alternateName\":\"Car Rental Airport Thessaloniki Greece | City Car Rental\",\"url\":\"https:\/\/citycars.globaltouchdev.eu\/\",\"logo\":{\"@type\":\"ImageObject\",\"inLanguage\":\"fr-FR\",\"@id\":\"https:\/\/citycars.globaltouchdev.eu\/#\/schema\/logo\/image\/\",\"url\":\"https:\/\/citycars.globaltouchdev.eu\/wp-content\/uploads\/2021\/03\/logo-landscape.png\",\"contentUrl\":\"https:\/\/citycars.globaltouchdev.eu\/wp-content\/uploads\/2021\/03\/logo-landscape.png\",\"width\":640,\"height\":303,\"caption\":\"City Car Rental Thessaloniki | \u0395\u03bd\u03bf\u03b9\u03ba\u03b9\u03ac\u03c3\u03b5\u03b9\u03c2 \u0391\u03c5\u03c4\u03bf\u03ba\u03b9\u03bd\u03ae\u03c4\u03c9\u03bd \u0398\u03b5\u03c3\u03c3\u03b1\u03bb\u03bf\u03bd\u03af\u03ba\u03b7\"},\"image\":{\"@id\":\"https:\/\/citycars.globaltouchdev.eu\/#\/schema\/logo\/image\/\"},\"sameAs\":[\"https:\/\/www.facebook.com\/CityCarRentalThessaloniki\",\"https:\/\/twitter.com\/CityCarSalonika\",\"https:\/\/mastodon.social\/@Citycars\",\"https:\/\/www.instagram.com\/city_car_rental_thess\/\",\"https:\/\/www.youtube.com\/watch?v=Duixnt_tgZ8&ab_channel=AlexandrosTsapournias\",\"https:\/\/www.tripadvisor.com\/Attraction_Review-g189473-d23048607-Reviews-City_Car_Rental-Thessaloniki_Thessaloniki_Region_Central_Macedonia.html\"],\"description\":\"Car Rental Company in Thessaloniki Greece\",\"email\":\"rentacar@citycars.gr\",\"telephone\":\"+302310202029\",\"foundingDate\":\"2013-11-13\",\"vatID\":\"EL801704863\",\"numberOfEmployees\":{\"@type\":\"QuantitativeValue\",\"minValue\":\"1\",\"maxValue\":\"10\"}}]}<\/script>\n<!-- \/ Yoast SEO Premium plugin. -->","yoast_head_json":{"title":"Quel est le meilleur moment pour r\u00e9server votre voiture de location?","description":"D\u00e9couvrez quel est le meilleur moment pour r\u00e9server votre voiture de location avec CityCars.gr \u00e0 Thessalonique.","robots":{"index":"noindex","follow":"follow","max-snippet":"max-snippet:-1","max-image-preview":"max-image-preview:large","max-video-preview":"max-video-preview:-1"},"og_locale":"fr_FR","og_type":"article","og_title":"Quel est le meilleur moment pour r\u00e9server votre voiture de location?","og_description":"D\u00e9couvrez quel est le meilleur moment pour r\u00e9server votre voiture de location avec CityCars.gr \u00e0 Thessalonique.","og_url":"https:\/\/citycars.globaltouchdev.eu\/fr\/quel-est-le-meilleur-moment-pour-reserver-votre-voiture-de-location\/","og_site_name":"City Car Rental","article_publisher":"https:\/\/www.facebook.com\/CityCarRentalThessaloniki","article_modified_time":"2024-07-10T13:35:59+00:00","og_image":[{"width":250,"height":250,"url":"https:\/\/citycars.globaltouchdev.eu\/wp-content\/uploads\/2022\/10\/Logo-250x250-1.png","type":"image\/png"}],"twitter_card":"summary_large_image","twitter_site":"@CityCarSalonika","twitter_misc":{"Dur\u00e9e de lecture estim\u00e9e":"1 minute"},"schema":{"@context":"https:\/\/schema.org","@graph":[{"@type":"WebPage","@id":"https:\/\/citycars.globaltouchdev.eu\/fr\/quel-est-le-meilleur-moment-pour-reserver-votre-voiture-de-location\/","url":"https:\/\/citycars.globaltouchdev.eu\/fr\/quel-est-le-meilleur-moment-pour-reserver-votre-voiture-de-location\/","name":"Quel est le meilleur moment pour r\u00e9server votre voiture de location?","isPartOf":{"@id":"https:\/\/citycars.globaltouchdev.eu\/#website"},"datePublished":"2024-07-10T13:35:38+00:00","dateModified":"2024-07-10T13:35:59+00:00","description":"D\u00e9couvrez quel est le meilleur moment pour r\u00e9server votre voiture de location avec CityCars.gr \u00e0 Thessalonique.","breadcrumb":{"@id":"https:\/\/citycars.globaltouchdev.eu\/fr\/quel-est-le-meilleur-moment-pour-reserver-votre-voiture-de-location\/#breadcrumb"},"inLanguage":"fr-FR","potentialAction":[{"@type":"ReadAction","target":["https:\/\/citycars.globaltouchdev.eu\/fr\/quel-est-le-meilleur-moment-pour-reserver-votre-voiture-de-location\/"]}]},{"@type":"BreadcrumbList","@id":"https:\/\/citycars.globaltouchdev.eu\/fr\/quel-est-le-meilleur-moment-pour-reserver-votre-voiture-de-location\/#breadcrumb","itemListElement":[{"@type":"ListItem","position":1,"name":"\u0391\u03c1\u03c7\u03b9\u03ba\u03ae","item":"https:\/\/citycars.globaltouchdev.eu\/"},{"@type":"ListItem","position":2,"name":"Quel est le meilleur moment pour r\u00e9server votre voiture de location?"}]},{"@type":"WebSite","@id":"https:\/\/citycars.globaltouchdev.eu\/#website","url":"https:\/\/citycars.globaltouchdev.eu\/","name":"\u0395\u03bd\u03bf\u03b9\u03ba\u03b9\u03ac\u03c3\u03b5\u03b9\u03c2 \u0391\u03c5\u03c4\u03bf\u03ba\u03b9\u03bd\u03ae\u03c4\u03c9\u03bd \u0398\u03b5\u03c3\u03c3\u03b1\u03bb\u03bf\u03bd\u03af\u03ba\u03b7 | Rent a Car Thessaloniki | City Car Rental","description":"Rent a Car Airport Thessaloniki Greece","publisher":{"@id":"https:\/\/citycars.globaltouchdev.eu\/#organization"},"alternateName":"Auto Mieten Thessaloniki Flughafen","potentialAction":[{"@type":"SearchAction","target":{"@type":"EntryPoint","urlTemplate":"https:\/\/citycars.globaltouchdev.eu\/?s={search_term_string}"},"query-input":"required name=search_term_string"}],"inLanguage":"fr-FR"},{"@type":"Organization","@id":"https:\/\/citycars.globaltouchdev.eu\/#organization","name":"City Car Rental Thessaloniki | \u0395\u03bd\u03bf\u03b9\u03ba\u03b9\u03ac\u03c3\u03b5\u03b9\u03c2 \u0391\u03c5\u03c4\u03bf\u03ba\u03b9\u03bd\u03ae\u03c4\u03c9\u03bd \u0398\u03b5\u03c3\u03c3\u03b1\u03bb\u03bf\u03bd\u03af\u03ba\u03b7","alternateName":"Car Rental Airport Thessaloniki Greece | City Car Rental","url":"https:\/\/citycars.globaltouchdev.eu\/","logo":{"@type":"ImageObject","inLanguage":"fr-FR","@id":"https:\/\/citycars.globaltouchdev.eu\/#\/schema\/logo\/image\/","url":"https:\/\/citycars.globaltouchdev.eu\/wp-content\/uploads\/2021\/03\/logo-landscape.png","contentUrl":"https:\/\/citycars.globaltouchdev.eu\/wp-content\/uploads\/2021\/03\/logo-landscape.png","width":640,"height":303,"caption":"City Car Rental Thessaloniki | \u0395\u03bd\u03bf\u03b9\u03ba\u03b9\u03ac\u03c3\u03b5\u03b9\u03c2 \u0391\u03c5\u03c4\u03bf\u03ba\u03b9\u03bd\u03ae\u03c4\u03c9\u03bd \u0398\u03b5\u03c3\u03c3\u03b1\u03bb\u03bf\u03bd\u03af\u03ba\u03b7"},"image":{"@id":"https:\/\/citycars.globaltouchdev.eu\/#\/schema\/logo\/image\/"},"sameAs":["https:\/\/www.facebook.com\/CityCarRentalThessaloniki","https:\/\/twitter.com\/CityCarSalonika","https:\/\/mastodon.social\/@Citycars","https:\/\/www.instagram.com\/city_car_rental_thess\/","https:\/\/www.youtube.com\/watch?v=Duixnt_tgZ8&ab_channel=AlexandrosTsapournias","https:\/\/www.tripadvisor.com\/Attraction_Review-g189473-d23048607-Reviews-City_Car_Rental-Thessaloniki_Thessaloniki_Region_Central_Macedonia.html"],"description":"Car Rental Company in Thessaloniki Greece","email":"rentacar@citycars.gr","telephone":"+302310202029","foundingDate":"2013-11-13","vatID":"EL801704863","numberOfEmployees":{"@type":"QuantitativeValue","minValue":"1","maxValue":"10"}}]}},"_links":{"self":[{"href":"https:\/\/citycars.globaltouchdev.eu\/fr\/wp-json\/wp\/v2\/pages\/3279","targetHints":{"allow":["GET"]}}],"collection":[{"href":"https:\/\/citycars.globaltouchdev.eu\/fr\/wp-json\/wp\/v2\/pages"}],"about":[{"href":"https:\/\/citycars.globaltouchdev.eu\/fr\/wp-json\/wp\/v2\/types\/page"}],"author":[{"embeddable":true,"href":"https:\/\/citycars.globaltouchdev.eu\/fr\/wp-json\/wp\/v2\/users\/1"}],"replies":[{"embeddable":true,"href":"https:\/\/citycars.globaltouchdev.eu\/fr\/wp-json\/wp\/v2\/comments?post=3279"}],"version-history":[{"count":1,"href":"https:\/\/citycars.globaltouchdev.eu\/fr\/wp-json\/wp\/v2\/pages\/3279\/revisions"}],"predecessor-version":[{"id":3280,"href":"https:\/\/citycars.globaltouchdev.eu\/fr\/wp-json\/wp\/v2\/pages\/3279\/revisions\/3280"}],"wp:attachment":[{"href":"https:\/\/citycars.globaltouchdev.eu\/fr\/wp-json\/wp\/v2\/media?parent=3279"}],"curies":[{"name":"wp","href":"https:\/\/api.w.org\/{rel}","templated":true}]}}