{"id":3277,"date":"2024-07-10T16:33:02","date_gmt":"2024-07-10T13:33:02","guid":{"rendered":"https:\/\/citycars.globaltouchdev.eu\/la-ville-de-thessalonique\/"},"modified":"2024-07-10T16:33:22","modified_gmt":"2024-07-10T13:33:22","slug":"la-ville-de-thessalonique","status":"publish","type":"page","link":"https:\/\/citycars.globaltouchdev.eu\/fr\/la-ville-de-thessalonique\/","title":{"rendered":"La ville de Thessalonique"},"content":{"rendered":"&#13;\n<figure class=\"wp-block-image size-large is-resized\"><img fetchpriority=\"high\" decoding=\"async\" class=\"wp-image-669\" src=\"https:\/\/citycars.globaltouchdev.eu\/wp-content\/uploads\/2021\/03\/thessaloniki_ano_poli_1280x960-edited-1024x640.jpg\" alt=\"Thessaloniki View\" width=\"840\" height=\"525\" srcset=\"https:\/\/citycars.globaltouchdev.eu\/wp-content\/uploads\/2021\/03\/thessaloniki_ano_poli_1280x960-edited-1024x640.jpg 1024w, https:\/\/citycars.globaltouchdev.eu\/wp-content\/uploads\/2021\/03\/thessaloniki_ano_poli_1280x960-edited-600x375.jpg 600w, https:\/\/citycars.globaltouchdev.eu\/wp-content\/uploads\/2021\/03\/thessaloniki_ano_poli_1280x960-edited-300x188.jpg 300w, https:\/\/citycars.globaltouchdev.eu\/wp-content\/uploads\/2021\/03\/thessaloniki_ano_poli_1280x960-edited-768x480.jpg 768w, https:\/\/citycars.globaltouchdev.eu\/wp-content\/uploads\/2021\/03\/thessaloniki_ano_poli_1280x960-edited-480x300.jpg 480w, https:\/\/citycars.globaltouchdev.eu\/wp-content\/uploads\/2021\/03\/thessaloniki_ano_poli_1280x960-edited-250x156.jpg 250w, https:\/\/citycars.globaltouchdev.eu\/wp-content\/uploads\/2021\/03\/thessaloniki_ano_poli_1280x960-edited-400x250.jpg 400w, https:\/\/citycars.globaltouchdev.eu\/wp-content\/uploads\/2021\/03\/thessaloniki_ano_poli_1280x960-edited-150x94.jpg 150w, https:\/\/citycars.globaltouchdev.eu\/wp-content\/uploads\/2021\/03\/thessaloniki_ano_poli_1280x960-edited-605x378.jpg 605w, https:\/\/citycars.globaltouchdev.eu\/wp-content\/uploads\/2021\/03\/thessaloniki_ano_poli_1280x960-edited.jpg 1280w\" sizes=\"(max-width: 840px) 100vw, 840px\" \/><figcaption>Ano Poli Thessaloniki<\/figcaption><\/figure>&#13;\n<p>La ville de Thessalonique est une ville charmante et moderne, riche en histoire et au visage humain chaleureux. Elle compte environ 1 million d\u2019habitants et constitue le plus grand centre urbain de la Gr\u00e8ce du Nord. Fond\u00e9e en 316 avant J.-C., elle a toujours \u00e9t\u00e9 un centre d\u2019importance strat\u00e9gique pour l\u2019\u00e9conomie et la culture de la Gr\u00e8ce. En tant que croisement entre l\u2019Est et l\u2019Ouest, le Nord et le Sud, avec un acc\u00e8s \u00e0 la mer \u00c9g\u00e9e, elle a jou\u00e9 un r\u00f4le cl\u00e9 dans les d\u00e9veloppements historiques de chaque p\u00e9riode. Le centre de Thessalonique commence au port et se termine \u00e0 peu pr\u00e8s \u00e0 la hauteur de la Tour Blanche, qui est le point de rep\u00e8re de la ville.<\/p>&#13;\n&#13;\n<p>La ville est pleine de vie 24h\/24, toute l\u2019ann\u00e9e. La vie culturelle \u00e0 Thessalonique est marqu\u00e9e par une vari\u00e9t\u00e9 d\u2019\u00e9v\u00e9nements, de concerts, d\u2019expositions, de th\u00e9\u00e2tres, de cin\u00e9mas, de festivals, etc. tandis que la nuit ici porte la marque de l\u2019animation intense et vari\u00e9e des bars, clubs et restaurants. La gastronomie de la r\u00e9gion est parmi les plus r\u00e9put\u00e9es de Gr\u00e8ce.<\/p>&#13;\n&#13;\n<p>N\u2019oubliez pas de visiter les principaux monuments et mus\u00e9es de Thessalonique et les monuments historiques de la ville, trop nombreux, datant de la p\u00e9riode hell\u00e9nistique et romaine, de l\u2019Empire byzantin, de la p\u00e9riode ottomane, jusqu\u2019aux guerres et luttes de l\u2019histoire grecque moderne. Les plus importants d\u2019entre eux sont :<\/p>&#13;\n&#13;\n<ul class=\"wp-block-list\"><li>La Tour Blanche<\/li>&#13;\n<li>L\u2019arc de Gal\u00e8re, \u00e9galement connu sous le nom de Kam\u00e1ra.<\/li>&#13;\n<li>Rotonde de l\u2019\u00e9glise st george d\u2019agios georgios (Rotonda).<\/li>&#13;\n<li>L\u2019Agora antique ou l\u2019Agora romaine.<\/li>&#13;\n<li>Les mus\u00e9es ( Arch\u00e9ologie, culture byzantine, art populaire \u2013 ethnologique et lutte mac\u00e9donienne, juif, Ataturk, cin\u00e9ma, photographie, technologie, sports, guerre, art contemporain, etc. )<\/li>&#13;\n<li>Les \u00e9glises byzantines du saint patron de la ville Saint-D\u00e9m\u00e9trios Myrovlytis, avec des reliques du saint et des catacombes pal\u00e9ochr\u00e9tiennes, l\u2019Agia Sophia a \u00e9t\u00e9 construite au 8e si\u00e8cle apr\u00e8s JC copie d\u2019homonymes \u00e0 Istanbul, l\u2019Acheiropiitos, etc.<\/li>&#13;\n<li>La route de saint Paul, d\u2019o\u00f9 l\u2019ap\u00f4tre envoyait aux Thessaloniciens ses enseignements et ses sermons.<\/li>&#13;\n<li>Les bains turcs et autres monuments musulmans.<\/li>&#13;\n<\/ul>&#13;\n<p>D\u00e9ambulez dans la ville haute (Ano Poli) avec ses rues \u00e9troites, ses vieux h\u00f4tels particuliers, ses monast\u00e8res et \u00e9glises byzantins, ses monuments musulmans, l\u2019Eptapyrgio, l\u2019Acropole et ses ch\u00e2teaux despotiques. Dans les tavernes traditionnelles, d\u00e9gustez de d\u00e9licieux hors-d\u2019\u0153uvre et savourez les sucreries uniques de Thessalonique, en profitant d\u2019une vue imprenable sur le Thermaikos.<\/p>&#13;\n&#13;\n<p><strong>Vous pouvez \u00e9galement visiter :<\/strong><\/p>&#13;\n&#13;\n<ul class=\"wp-block-list\"><li>La foire internationale de Thessalonique (Helexpo) et le centre de convention I. Vellidis.<\/li>&#13;\n<li>Le nouveau front de mer, qui est la plus grande promenade pi\u00e9tonne d\u2019Europe, avec de magnifiques parcs \u00e0 th\u00e8me et une vari\u00e9t\u00e9 d\u2019activit\u00e9s. Elle s\u2019\u00e9tend du port jusqu\u2019aux limites de la municipalit\u00e9 de Kalamarias, o\u00f9 se trouve la salle de concert et de nombreux caf\u00e9s. Vous pouvez embarquer sur des bateaux qui naviguent \u00e0 Thermaikos et profiter du panorama de la ville depuis la mer.<\/li>&#13;\n<li>La place Aristotelous et le port de la ville.<\/li>&#13;\n<li>Le Zoo et la for\u00eat de Seih Sou.<\/li>&#13;\n<li>Le Karabournaki, le palais d\u2019\u00e9t\u00e9 du roi (Palataki), marina avec yachts et vie nocturne.<\/li>&#13;\n<li>La rue Reine Olga (Vasilissis Olga) avec les impressionnants b\u00e2timents n\u00e9oclassiques (h\u00e9bra\u00efque, italien, autrichien et turc) des deux si\u00e8cles pr\u00e9c\u00e9dents.<\/li>&#13;\n<\/ul>&#13;\n<p>Faites vos courses, assistez \u00e0 des repr\u00e9sentations th\u00e9\u00e2trales, \u00e0 des s\u00e9ances de cin\u00e9ma, \u00e0 des concerts et \u00e0 d\u2019autres activit\u00e9s culturelles qui abondent dans la ville, tentez votre chance au casino, profitez de la nuit et organisez des excursions vers des monuments remarquables de la nature et des hommes dans tout le nord de la Gr\u00e8ce :<\/p>&#13;\n&#13;\n<ul class=\"wp-block-list\"><li> Int\u00e9r\u00eat arch\u00e9ologique : Vergina, Pella, Dion, Stagira, Amphipolis, etc.<\/li>&#13;\n<li>Int\u00e9r\u00eat religieux : Le mont Athos, les M\u00e9t\u00e9ores, etc.<\/li>&#13;\n<\/ul>&#13;\n<h4 class=\"wp-block-heading\"><strong>Nous \u00e9tablissons des relations avec nos clients!<\/strong><\/h4>&#13;\n&#13;\n<h5 class=\"wp-block-heading\">Pour tous vos besoins : voyage d\u2019affaires, courte pause, voyage d\u2019urgence pour des raisons de sant\u00e9, voyage, vacances.<\/h5>&#13;\n&#13;\n<h5 class=\"wp-block-heading\">Pour tout type de voiture : (\u00e9conomique, luxe, familiale, mini van) au meilleur prix.<\/h5>&#13;\n&#13;\n<h2 class=\"wp-block-heading\"><a href=\"http:\/\/www.citycars.gr\">Book now<\/a> R\u00e9servez maintenant, en ligne, simplement et rapidement, pour vos d\u00e9placements \u00e0 l\u2019int\u00e9rieur et \u00e0 l\u2019ext\u00e9rieur de Thessalonique, et \u00e9conomisez de l\u2019argent et du temps.<\/h2>&#13;\n","protected":false},"excerpt":{"rendered":"<p>&#13; La ville de Thessalonique est une ville charmante et moderne, riche en histoire et au visage humain chaleureux. Elle compte environ 1 million d\u2019habitants et constitue le plus grand centre urbain de la Gr\u00e8ce du Nord. Fond\u00e9e en 316 avant J.-C., elle a toujours \u00e9t\u00e9 un centre d\u2019importance strat\u00e9gique pour l\u2019\u00e9conomie et la culture [&hellip;]<\/p>\n","protected":false},"author":1,"featured_media":0,"parent":0,"menu_order":0,"comment_status":"closed","ping_status":"closed","template":"","meta":{"footnotes":""},"class_list":["post-3277","page","type-page","status-publish","hentry"],"yoast_head":"<!-- This site is optimized with the Yoast SEO Premium plugin v22.3 (Yoast SEO v22.3) - https:\/\/yoast.com\/wordpress\/plugins\/seo\/ -->\n<title>La ville de Thessalonique | Location de voiture en ville<\/title>\n<meta name=\"description\" content=\"D\u00e9couvrez la magie de Thessalonique : histoire ancienne, culture vibrante et vie nocturne riche. Louez une voiture maintenant\" \/>\n<meta name=\"robots\" content=\"noindex, follow, max-snippet:-1, max-image-preview:large, max-video-preview:-1\" \/>\n<meta property=\"og:locale\" content=\"fr_FR\" \/>\n<meta property=\"og:type\" content=\"article\" \/>\n<meta property=\"og:title\" content=\"La ville de Thessalonique\" \/>\n<meta property=\"og:description\" content=\"D\u00e9couvrez la magie de Thessalonique : histoire ancienne, culture vibrante et vie nocturne riche. Louez une voiture maintenant\" \/>\n<meta property=\"og:url\" content=\"https:\/\/citycars.globaltouchdev.eu\/fr\/la-ville-de-thessalonique\/\" \/>\n<meta property=\"og:site_name\" content=\"City Car Rental\" \/>\n<meta property=\"article:publisher\" content=\"https:\/\/www.facebook.com\/CityCarRentalThessaloniki\" \/>\n<meta property=\"article:modified_time\" content=\"2024-07-10T13:33:22+00:00\" \/>\n<meta property=\"og:image\" content=\"https:\/\/citycars.globaltouchdev.eu\/wp-content\/uploads\/2021\/03\/thessaloniki_ano_poli_1280x960-edited-1024x640.jpg\" \/>\n<meta name=\"twitter:card\" content=\"summary_large_image\" \/>\n<meta name=\"twitter:site\" content=\"@CityCarSalonika\" \/>\n<meta name=\"twitter:label1\" content=\"Dur\u00e9e de lecture estim\u00e9e\" \/>\n\t<meta name=\"twitter:data1\" content=\"4 minutes\" \/>\n<script type=\"application\/ld+json\" class=\"yoast-schema-graph\">{\"@context\":\"https:\/\/schema.org\",\"@graph\":[{\"@type\":\"WebPage\",\"@id\":\"https:\/\/citycars.globaltouchdev.eu\/fr\/la-ville-de-thessalonique\/\",\"url\":\"https:\/\/citycars.globaltouchdev.eu\/fr\/la-ville-de-thessalonique\/\",\"name\":\"La ville de Thessalonique | Location de voiture en ville\",\"isPartOf\":{\"@id\":\"https:\/\/citycars.globaltouchdev.eu\/#website\"},\"primaryImageOfPage\":{\"@id\":\"https:\/\/citycars.globaltouchdev.eu\/fr\/la-ville-de-thessalonique\/#primaryimage\"},\"image\":{\"@id\":\"https:\/\/citycars.globaltouchdev.eu\/fr\/la-ville-de-thessalonique\/#primaryimage\"},\"thumbnailUrl\":\"https:\/\/citycars.globaltouchdev.eu\/wp-content\/uploads\/2021\/03\/thessaloniki_ano_poli_1280x960-edited-1024x640.jpg\",\"datePublished\":\"2024-07-10T13:33:02+00:00\",\"dateModified\":\"2024-07-10T13:33:22+00:00\",\"description\":\"D\u00e9couvrez la magie de Thessalonique : histoire ancienne, culture vibrante et vie nocturne riche. Louez une voiture maintenant\",\"breadcrumb\":{\"@id\":\"https:\/\/citycars.globaltouchdev.eu\/fr\/la-ville-de-thessalonique\/#breadcrumb\"},\"inLanguage\":\"fr-FR\",\"potentialAction\":[{\"@type\":\"ReadAction\",\"target\":[\"https:\/\/citycars.globaltouchdev.eu\/fr\/la-ville-de-thessalonique\/\"]}]},{\"@type\":\"ImageObject\",\"inLanguage\":\"fr-FR\",\"@id\":\"https:\/\/citycars.globaltouchdev.eu\/fr\/la-ville-de-thessalonique\/#primaryimage\",\"url\":\"https:\/\/citycars.globaltouchdev.eu\/wp-content\/uploads\/2021\/03\/thessaloniki_ano_poli_1280x960-edited.jpg\",\"contentUrl\":\"https:\/\/citycars.globaltouchdev.eu\/wp-content\/uploads\/2021\/03\/thessaloniki_ano_poli_1280x960-edited.jpg\",\"width\":1280,\"height\":800,\"caption\":\"Thessaloniki View\"},{\"@type\":\"BreadcrumbList\",\"@id\":\"https:\/\/citycars.globaltouchdev.eu\/fr\/la-ville-de-thessalonique\/#breadcrumb\",\"itemListElement\":[{\"@type\":\"ListItem\",\"position\":1,\"name\":\"\u0391\u03c1\u03c7\u03b9\u03ba\u03ae\",\"item\":\"https:\/\/citycars.globaltouchdev.eu\/\"},{\"@type\":\"ListItem\",\"position\":2,\"name\":\"La ville de Thessalonique\"}]},{\"@type\":\"WebSite\",\"@id\":\"https:\/\/citycars.globaltouchdev.eu\/#website\",\"url\":\"https:\/\/citycars.globaltouchdev.eu\/\",\"name\":\"\u0395\u03bd\u03bf\u03b9\u03ba\u03b9\u03ac\u03c3\u03b5\u03b9\u03c2 \u0391\u03c5\u03c4\u03bf\u03ba\u03b9\u03bd\u03ae\u03c4\u03c9\u03bd \u0398\u03b5\u03c3\u03c3\u03b1\u03bb\u03bf\u03bd\u03af\u03ba\u03b7 | Rent a Car Thessaloniki | City Car Rental\",\"description\":\"Rent a Car Airport Thessaloniki Greece\",\"publisher\":{\"@id\":\"https:\/\/citycars.globaltouchdev.eu\/#organization\"},\"alternateName\":\"Auto Mieten Thessaloniki Flughafen\",\"potentialAction\":[{\"@type\":\"SearchAction\",\"target\":{\"@type\":\"EntryPoint\",\"urlTemplate\":\"https:\/\/citycars.globaltouchdev.eu\/?s={search_term_string}\"},\"query-input\":\"required name=search_term_string\"}],\"inLanguage\":\"fr-FR\"},{\"@type\":\"Organization\",\"@id\":\"https:\/\/citycars.globaltouchdev.eu\/#organization\",\"name\":\"City Car Rental Thessaloniki | \u0395\u03bd\u03bf\u03b9\u03ba\u03b9\u03ac\u03c3\u03b5\u03b9\u03c2 \u0391\u03c5\u03c4\u03bf\u03ba\u03b9\u03bd\u03ae\u03c4\u03c9\u03bd \u0398\u03b5\u03c3\u03c3\u03b1\u03bb\u03bf\u03bd\u03af\u03ba\u03b7\",\"alternateName\":\"Car Rental Airport Thessaloniki Greece | City Car Rental\",\"url\":\"https:\/\/citycars.globaltouchdev.eu\/\",\"logo\":{\"@type\":\"ImageObject\",\"inLanguage\":\"fr-FR\",\"@id\":\"https:\/\/citycars.globaltouchdev.eu\/#\/schema\/logo\/image\/\",\"url\":\"https:\/\/citycars.globaltouchdev.eu\/wp-content\/uploads\/2021\/03\/logo-landscape.png\",\"contentUrl\":\"https:\/\/citycars.globaltouchdev.eu\/wp-content\/uploads\/2021\/03\/logo-landscape.png\",\"width\":640,\"height\":303,\"caption\":\"City Car Rental Thessaloniki | \u0395\u03bd\u03bf\u03b9\u03ba\u03b9\u03ac\u03c3\u03b5\u03b9\u03c2 \u0391\u03c5\u03c4\u03bf\u03ba\u03b9\u03bd\u03ae\u03c4\u03c9\u03bd \u0398\u03b5\u03c3\u03c3\u03b1\u03bb\u03bf\u03bd\u03af\u03ba\u03b7\"},\"image\":{\"@id\":\"https:\/\/citycars.globaltouchdev.eu\/#\/schema\/logo\/image\/\"},\"sameAs\":[\"https:\/\/www.facebook.com\/CityCarRentalThessaloniki\",\"https:\/\/twitter.com\/CityCarSalonika\",\"https:\/\/mastodon.social\/@Citycars\",\"https:\/\/www.instagram.com\/city_car_rental_thess\/\",\"https:\/\/www.youtube.com\/watch?v=Duixnt_tgZ8&ab_channel=AlexandrosTsapournias\",\"https:\/\/www.tripadvisor.com\/Attraction_Review-g189473-d23048607-Reviews-City_Car_Rental-Thessaloniki_Thessaloniki_Region_Central_Macedonia.html\"],\"description\":\"Car Rental Company in Thessaloniki Greece\",\"email\":\"rentacar@citycars.gr\",\"telephone\":\"+302310202029\",\"foundingDate\":\"2013-11-13\",\"vatID\":\"EL801704863\",\"numberOfEmployees\":{\"@type\":\"QuantitativeValue\",\"minValue\":\"1\",\"maxValue\":\"10\"}}]}<\/script>\n<!-- \/ Yoast SEO Premium plugin. -->","yoast_head_json":{"title":"La ville de Thessalonique | Location de voiture en ville","description":"D\u00e9couvrez la magie de Thessalonique : histoire ancienne, culture vibrante et vie nocturne riche. Louez une voiture maintenant","robots":{"index":"noindex","follow":"follow","max-snippet":"max-snippet:-1","max-image-preview":"max-image-preview:large","max-video-preview":"max-video-preview:-1"},"og_locale":"fr_FR","og_type":"article","og_title":"La ville de Thessalonique","og_description":"D\u00e9couvrez la magie de Thessalonique : histoire ancienne, culture vibrante et vie nocturne riche. Louez une voiture maintenant","og_url":"https:\/\/citycars.globaltouchdev.eu\/fr\/la-ville-de-thessalonique\/","og_site_name":"City Car Rental","article_publisher":"https:\/\/www.facebook.com\/CityCarRentalThessaloniki","article_modified_time":"2024-07-10T13:33:22+00:00","og_image":[{"url":"https:\/\/citycars.globaltouchdev.eu\/wp-content\/uploads\/2021\/03\/thessaloniki_ano_poli_1280x960-edited-1024x640.jpg"}],"twitter_card":"summary_large_image","twitter_site":"@CityCarSalonika","twitter_misc":{"Dur\u00e9e de lecture estim\u00e9e":"4 minutes"},"schema":{"@context":"https:\/\/schema.org","@graph":[{"@type":"WebPage","@id":"https:\/\/citycars.globaltouchdev.eu\/fr\/la-ville-de-thessalonique\/","url":"https:\/\/citycars.globaltouchdev.eu\/fr\/la-ville-de-thessalonique\/","name":"La ville de Thessalonique | Location de voiture en ville","isPartOf":{"@id":"https:\/\/citycars.globaltouchdev.eu\/#website"},"primaryImageOfPage":{"@id":"https:\/\/citycars.globaltouchdev.eu\/fr\/la-ville-de-thessalonique\/#primaryimage"},"image":{"@id":"https:\/\/citycars.globaltouchdev.eu\/fr\/la-ville-de-thessalonique\/#primaryimage"},"thumbnailUrl":"https:\/\/citycars.globaltouchdev.eu\/wp-content\/uploads\/2021\/03\/thessaloniki_ano_poli_1280x960-edited-1024x640.jpg","datePublished":"2024-07-10T13:33:02+00:00","dateModified":"2024-07-10T13:33:22+00:00","description":"D\u00e9couvrez la magie de Thessalonique : histoire ancienne, culture vibrante et vie nocturne riche. Louez une voiture maintenant","breadcrumb":{"@id":"https:\/\/citycars.globaltouchdev.eu\/fr\/la-ville-de-thessalonique\/#breadcrumb"},"inLanguage":"fr-FR","potentialAction":[{"@type":"ReadAction","target":["https:\/\/citycars.globaltouchdev.eu\/fr\/la-ville-de-thessalonique\/"]}]},{"@type":"ImageObject","inLanguage":"fr-FR","@id":"https:\/\/citycars.globaltouchdev.eu\/fr\/la-ville-de-thessalonique\/#primaryimage","url":"https:\/\/citycars.globaltouchdev.eu\/wp-content\/uploads\/2021\/03\/thessaloniki_ano_poli_1280x960-edited.jpg","contentUrl":"https:\/\/citycars.globaltouchdev.eu\/wp-content\/uploads\/2021\/03\/thessaloniki_ano_poli_1280x960-edited.jpg","width":1280,"height":800,"caption":"Thessaloniki View"},{"@type":"BreadcrumbList","@id":"https:\/\/citycars.globaltouchdev.eu\/fr\/la-ville-de-thessalonique\/#breadcrumb","itemListElement":[{"@type":"ListItem","position":1,"name":"\u0391\u03c1\u03c7\u03b9\u03ba\u03ae","item":"https:\/\/citycars.globaltouchdev.eu\/"},{"@type":"ListItem","position":2,"name":"La ville de Thessalonique"}]},{"@type":"WebSite","@id":"https:\/\/citycars.globaltouchdev.eu\/#website","url":"https:\/\/citycars.globaltouchdev.eu\/","name":"\u0395\u03bd\u03bf\u03b9\u03ba\u03b9\u03ac\u03c3\u03b5\u03b9\u03c2 \u0391\u03c5\u03c4\u03bf\u03ba\u03b9\u03bd\u03ae\u03c4\u03c9\u03bd \u0398\u03b5\u03c3\u03c3\u03b1\u03bb\u03bf\u03bd\u03af\u03ba\u03b7 | Rent a Car Thessaloniki | City Car Rental","description":"Rent a Car Airport Thessaloniki Greece","publisher":{"@id":"https:\/\/citycars.globaltouchdev.eu\/#organization"},"alternateName":"Auto Mieten Thessaloniki Flughafen","potentialAction":[{"@type":"SearchAction","target":{"@type":"EntryPoint","urlTemplate":"https:\/\/citycars.globaltouchdev.eu\/?s={search_term_string}"},"query-input":"required name=search_term_string"}],"inLanguage":"fr-FR"},{"@type":"Organization","@id":"https:\/\/citycars.globaltouchdev.eu\/#organization","name":"City Car Rental Thessaloniki | \u0395\u03bd\u03bf\u03b9\u03ba\u03b9\u03ac\u03c3\u03b5\u03b9\u03c2 \u0391\u03c5\u03c4\u03bf\u03ba\u03b9\u03bd\u03ae\u03c4\u03c9\u03bd \u0398\u03b5\u03c3\u03c3\u03b1\u03bb\u03bf\u03bd\u03af\u03ba\u03b7","alternateName":"Car Rental Airport Thessaloniki Greece | City Car Rental","url":"https:\/\/citycars.globaltouchdev.eu\/","logo":{"@type":"ImageObject","inLanguage":"fr-FR","@id":"https:\/\/citycars.globaltouchdev.eu\/#\/schema\/logo\/image\/","url":"https:\/\/citycars.globaltouchdev.eu\/wp-content\/uploads\/2021\/03\/logo-landscape.png","contentUrl":"https:\/\/citycars.globaltouchdev.eu\/wp-content\/uploads\/2021\/03\/logo-landscape.png","width":640,"height":303,"caption":"City Car Rental Thessaloniki | \u0395\u03bd\u03bf\u03b9\u03ba\u03b9\u03ac\u03c3\u03b5\u03b9\u03c2 \u0391\u03c5\u03c4\u03bf\u03ba\u03b9\u03bd\u03ae\u03c4\u03c9\u03bd \u0398\u03b5\u03c3\u03c3\u03b1\u03bb\u03bf\u03bd\u03af\u03ba\u03b7"},"image":{"@id":"https:\/\/citycars.globaltouchdev.eu\/#\/schema\/logo\/image\/"},"sameAs":["https:\/\/www.facebook.com\/CityCarRentalThessaloniki","https:\/\/twitter.com\/CityCarSalonika","https:\/\/mastodon.social\/@Citycars","https:\/\/www.instagram.com\/city_car_rental_thess\/","https:\/\/www.youtube.com\/watch?v=Duixnt_tgZ8&ab_channel=AlexandrosTsapournias","https:\/\/www.tripadvisor.com\/Attraction_Review-g189473-d23048607-Reviews-City_Car_Rental-Thessaloniki_Thessaloniki_Region_Central_Macedonia.html"],"description":"Car Rental Company in Thessaloniki Greece","email":"rentacar@citycars.gr","telephone":"+302310202029","foundingDate":"2013-11-13","vatID":"EL801704863","numberOfEmployees":{"@type":"QuantitativeValue","minValue":"1","maxValue":"10"}}]}},"_links":{"self":[{"href":"https:\/\/citycars.globaltouchdev.eu\/fr\/wp-json\/wp\/v2\/pages\/3277","targetHints":{"allow":["GET"]}}],"collection":[{"href":"https:\/\/citycars.globaltouchdev.eu\/fr\/wp-json\/wp\/v2\/pages"}],"about":[{"href":"https:\/\/citycars.globaltouchdev.eu\/fr\/wp-json\/wp\/v2\/types\/page"}],"author":[{"embeddable":true,"href":"https:\/\/citycars.globaltouchdev.eu\/fr\/wp-json\/wp\/v2\/users\/1"}],"replies":[{"embeddable":true,"href":"https:\/\/citycars.globaltouchdev.eu\/fr\/wp-json\/wp\/v2\/comments?post=3277"}],"version-history":[{"count":1,"href":"https:\/\/citycars.globaltouchdev.eu\/fr\/wp-json\/wp\/v2\/pages\/3277\/revisions"}],"predecessor-version":[{"id":3278,"href":"https:\/\/citycars.globaltouchdev.eu\/fr\/wp-json\/wp\/v2\/pages\/3277\/revisions\/3278"}],"wp:attachment":[{"href":"https:\/\/citycars.globaltouchdev.eu\/fr\/wp-json\/wp\/v2\/media?parent=3277"}],"curies":[{"name":"wp","href":"https:\/\/api.w.org\/{rel}","templated":true}]}}