{"id":3275,"date":"2024-07-10T16:27:16","date_gmt":"2024-07-10T13:27:16","guid":{"rendered":"https:\/\/citycars.globaltouchdev.eu\/location-de-voiture-chalcidique\/"},"modified":"2024-07-10T16:27:33","modified_gmt":"2024-07-10T13:27:33","slug":"location-de-voiture-chalcidique","status":"publish","type":"page","link":"https:\/\/citycars.globaltouchdev.eu\/fr\/location-de-voiture-chalcidique\/","title":{"rendered":"Location de voiture Chalcidique"},"content":{"rendered":"&#13;\n<figure class=\"wp-block-image size-large\"><img decoding=\"async\" src=\"https:\/\/www.sarti-chalkidiki.com\/images\/Beaches\/Armenistis_Beach\/283_armenistis2.jpg\" alt=\"\"\/><figcaption>Sarti Halkidiki Greece<\/figcaption><\/figure>&#13;\n<p>\u0397 <strong>La Chalcidique <\/strong> attire de nombreux touristes et se compose de trois fines p\u00e9ninsules (Kassandra, Sithonia et Athos). La Chalcidique est une destination facilement accessible depuis Thessalonique gr\u00e2ce au r\u00e9seau routier moderne de la r\u00e9gion. La pr\u00e9fecture de Chalcidique est l\u2019une des plus belles r\u00e9gions c\u00f4ti\u00e8res de Gr\u00e8ce avec des plages fantastiques, une nature luxuriante, de belles baies, des \u00eeles, diverses installations touristiques, des h\u00f4tels et d\u2019innombrables villages \u00e0 l\u2019architecture traditionnelle. Vous serez fascin\u00e9 par la gastronomie, les diff\u00e9rentes fa\u00e7ons de se divertir et les \u00e9v\u00e9nements culturels, les festivals et les f\u00eates traditionnelles de l\u2019endroit.<\/p>&#13;\n&#13;\n<p><strong>La Chalcidique<\/strong>  est riche en centres d\u2019int\u00e9r\u00eat de toutes sortes (sites arch\u00e9ologiques, mus\u00e9es, \u00e9glises, monast\u00e8res, parcs, villages traditionnels, etc.)<\/p>&#13;\n&#13;\n<p>Les plus importants d\u2019entre eux sont :<\/p>&#13;\n&#13;\n<ul class=\"wp-block-list\"><li><strong>La Sainte Montagne<\/strong> avec les v\u00e9n\u00e9rables monast\u00e8res, uniques au monde.<\/li>&#13;\n<li> La grotte de Petralona o\u00f9 ont \u00e9t\u00e9 d\u00e9couverts des ossements humains \u00e2g\u00e9s de 700 000 ans.<\/li>&#13;\n<li>Les ruines de l\u2019ancien temple de Pos\u00e9idon, l\u2019ancien temple de Zeus Ammon, le canal et les ruines du ch\u00e2teau de Kassandra.<\/li>&#13;\n<li><strong>Le Stagira<\/strong> , le lieu de naissance d\u2019Aristote avec le parc \u00e0 th\u00e8me de ses inventions.<\/li>&#13;\n<li>Les \u00e9tablissements traditionnels<strong>d\u2019Aphitos, d\u2019Arnaia<\/strong>, \u03c4\u03b7\u03c2 <strong>\u0391\u03c1\u03bd\u03b1\u03af\u03b1\u03c2<\/strong>et d\u2019autres villages aux rues pav\u00e9es, aux maisons en pierre et aux mus\u00e9es folkloriques.<\/li>&#13;\n<li>La tour byzantine <strong>Stavronikita<\/strong> \u03c3\u03c4\u03b7 <strong>\u00e0 Sani.<\/strong>.<\/li>&#13;\n<li>Les \u00e9glises byzantines et les d\u00e9couvertes \u00e0 <strong>Fourka<\/strong>.<\/li>&#13;\n<\/ul>","protected":false},"excerpt":{"rendered":"<p>&#13; \u0397 La Chalcidique attire de nombreux touristes et se compose de trois fines p\u00e9ninsules (Kassandra, Sithonia et Athos). La Chalcidique est une destination facilement accessible depuis Thessalonique gr\u00e2ce au r\u00e9seau routier moderne de la r\u00e9gion. La pr\u00e9fecture de Chalcidique est l\u2019une des plus belles r\u00e9gions c\u00f4ti\u00e8res de Gr\u00e8ce avec des plages fantastiques, une nature [&hellip;]<\/p>\n","protected":false},"author":1,"featured_media":0,"parent":0,"menu_order":0,"comment_status":"closed","ping_status":"closed","template":"","meta":{"footnotes":""},"class_list":["post-3275","page","type-page","status-publish","hentry"],"yoast_head":"<!-- This site is optimized with the Yoast SEO Premium plugin v22.3 (Yoast SEO v22.3) - https:\/\/yoast.com\/wordpress\/plugins\/seo\/ -->\n<title>&quot;Location de voitures \u00e0 Halkidiki | Location de voitures de ville&quot;<\/title>\n<meta name=\"description\" content=\"&#013; Sarti Halkidiki Greece&#013; \u0397 La Chalcidique attire de nombreux touristes et se compose de trois fines p\u00e9ninsules (Kassandra, Sithonia et Athos). La Chalcidique est une destination facilement accessible depuis Thessalonique gr\u00e2ce au r\u00e9seau routier moderne de la r\u00e9gion. La pr\u00e9fecture de Chalcidique est l\u2019une des plus belles r\u00e9gions c\u00f4ti\u00e8res de Gr\u00e8ce avec des plages fantastiques, une nature luxuriante, de belles baies, des \u00eeles, diverses installations touristiques, des h\u00f4tels et d\u2019innombrables villages \u00e0 l\u2019architecture traditionnelle. Vous serez fascin\u00e9 par la gastronomie, les diff\u00e9rentes fa\u00e7ons de se divertir et les \u00e9v\u00e9nements culturels, les festivals et les f\u00eates traditionnelles de l\u2019endroit.&#013; &#013; La Chalcidique est riche en centres d\u2019int\u00e9r\u00eat de toutes sortes (sites arch\u00e9ologiques, mus\u00e9es, \u00e9glises, monast\u00e8res, parcs, villages traditionnels, etc.)&#013; &#013; Les plus importants d\u2019entre eux sont :&#013; &#013; La Sainte Montagne avec les v\u00e9n\u00e9rables monast\u00e8res, uniques au monde.&#013; La grotte de Petralona o\u00f9 ont \u00e9t\u00e9 d\u00e9couverts des ossements humains \u00e2g\u00e9s de 700 000 ans.&#013; Les ruines de l\u2019ancien temple de Pos\u00e9idon, l\u2019ancien temple de Zeus Ammon, le canal et les ruines du ch\u00e2teau de Kassandra.&#013; Le Stagira , le lieu de naissance d\u2019Aristote avec le parc \u00e0 th\u00e8me de ses inventions.&#013; Les \u00e9tablissements traditionnelsd\u2019Aphitos, d\u2019Arnaia, \u03c4\u03b7\u03c2 \u0391\u03c1\u03bd\u03b1\u03af\u03b1\u03c2et d\u2019autres villages aux rues pav\u00e9es, aux maisons en pierre et aux mus\u00e9es folkloriques.&#013; La tour byzantine Stavronikita \u03c3\u03c4\u03b7 \u00e0 Sani..&#013; Les \u00e9glises byzantines et les d\u00e9couvertes \u00e0 Fourka.&#013;\" \/>\n<meta name=\"robots\" content=\"noindex, follow, max-snippet:-1, max-image-preview:large, max-video-preview:-1\" \/>\n<meta property=\"og:locale\" content=\"fr_FR\" \/>\n<meta property=\"og:type\" content=\"article\" \/>\n<meta property=\"og:title\" content=\"Location de voiture Chalcidique\" \/>\n<meta property=\"og:description\" content=\"&#013; Sarti Halkidiki Greece&#013; \u0397 La Chalcidique attire de nombreux touristes et se compose de trois fines p\u00e9ninsules (Kassandra, Sithonia et Athos). La Chalcidique est une destination facilement accessible depuis Thessalonique gr\u00e2ce au r\u00e9seau routier moderne de la r\u00e9gion. La pr\u00e9fecture de Chalcidique est l\u2019une des plus belles r\u00e9gions c\u00f4ti\u00e8res de Gr\u00e8ce avec des plages fantastiques, une nature luxuriante, de belles baies, des \u00eeles, diverses installations touristiques, des h\u00f4tels et d\u2019innombrables villages \u00e0 l\u2019architecture traditionnelle. Vous serez fascin\u00e9 par la gastronomie, les diff\u00e9rentes fa\u00e7ons de se divertir et les \u00e9v\u00e9nements culturels, les festivals et les f\u00eates traditionnelles de l\u2019endroit.&#013; &#013; La Chalcidique est riche en centres d\u2019int\u00e9r\u00eat de toutes sortes (sites arch\u00e9ologiques, mus\u00e9es, \u00e9glises, monast\u00e8res, parcs, villages traditionnels, etc.)&#013; &#013; Les plus importants d\u2019entre eux sont :&#013; &#013; La Sainte Montagne avec les v\u00e9n\u00e9rables monast\u00e8res, uniques au monde.&#013; La grotte de Petralona o\u00f9 ont \u00e9t\u00e9 d\u00e9couverts des ossements humains \u00e2g\u00e9s de 700 000 ans.&#013; Les ruines de l\u2019ancien temple de Pos\u00e9idon, l\u2019ancien temple de Zeus Ammon, le canal et les ruines du ch\u00e2teau de Kassandra.&#013; Le Stagira , le lieu de naissance d\u2019Aristote avec le parc \u00e0 th\u00e8me de ses inventions.&#013; Les \u00e9tablissements traditionnelsd\u2019Aphitos, d\u2019Arnaia, \u03c4\u03b7\u03c2 \u0391\u03c1\u03bd\u03b1\u03af\u03b1\u03c2et d\u2019autres villages aux rues pav\u00e9es, aux maisons en pierre et aux mus\u00e9es folkloriques.&#013; La tour byzantine Stavronikita \u03c3\u03c4\u03b7 \u00e0 Sani..&#013; Les \u00e9glises byzantines et les d\u00e9couvertes \u00e0 Fourka.&#013;\" \/>\n<meta property=\"og:url\" content=\"https:\/\/citycars.globaltouchdev.eu\/fr\/location-de-voiture-chalcidique\/\" \/>\n<meta property=\"og:site_name\" content=\"City Car Rental\" \/>\n<meta property=\"article:publisher\" content=\"https:\/\/www.facebook.com\/CityCarRentalThessaloniki\" \/>\n<meta property=\"article:modified_time\" content=\"2024-07-10T13:27:33+00:00\" \/>\n<meta property=\"og:image\" content=\"https:\/\/www.sarti-chalkidiki.com\/images\/Beaches\/Armenistis_Beach\/283_armenistis2.jpg\" \/>\n<meta name=\"twitter:card\" content=\"summary_large_image\" \/>\n<meta name=\"twitter:site\" content=\"@CityCarSalonika\" \/>\n<meta name=\"twitter:label1\" content=\"Dur\u00e9e de lecture estim\u00e9e\" \/>\n\t<meta name=\"twitter:data1\" content=\"1 minute\" \/>\n<script type=\"application\/ld+json\" class=\"yoast-schema-graph\">{\"@context\":\"https:\/\/schema.org\",\"@graph\":[{\"@type\":\"WebPage\",\"@id\":\"https:\/\/citycars.globaltouchdev.eu\/fr\/location-de-voiture-chalcidique\/\",\"url\":\"https:\/\/citycars.globaltouchdev.eu\/fr\/location-de-voiture-chalcidique\/\",\"name\":\"\\\"Location de voitures \u00e0 Halkidiki | Location de voitures de ville\\\"\",\"isPartOf\":{\"@id\":\"https:\/\/citycars.globaltouchdev.eu\/#website\"},\"primaryImageOfPage\":{\"@id\":\"https:\/\/citycars.globaltouchdev.eu\/fr\/location-de-voiture-chalcidique\/#primaryimage\"},\"image\":{\"@id\":\"https:\/\/citycars.globaltouchdev.eu\/fr\/location-de-voiture-chalcidique\/#primaryimage\"},\"thumbnailUrl\":\"https:\/\/www.sarti-chalkidiki.com\/images\/Beaches\/Armenistis_Beach\/283_armenistis2.jpg\",\"datePublished\":\"2024-07-10T13:27:16+00:00\",\"dateModified\":\"2024-07-10T13:27:33+00:00\",\"description\":\"&#13; Sarti Halkidiki Greece&#13; \u0397 La Chalcidique attire de nombreux touristes et se compose de trois fines p\u00e9ninsules (Kassandra, Sithonia et Athos). La Chalcidique est une destination facilement accessible depuis Thessalonique gr\u00e2ce au r\u00e9seau routier moderne de la r\u00e9gion. La pr\u00e9fecture de Chalcidique est l\u2019une des plus belles r\u00e9gions c\u00f4ti\u00e8res de Gr\u00e8ce avec des plages fantastiques, une nature luxuriante, de belles baies, des \u00eeles, diverses installations touristiques, des h\u00f4tels et d\u2019innombrables villages \u00e0 l\u2019architecture traditionnelle. Vous serez fascin\u00e9 par la gastronomie, les diff\u00e9rentes fa\u00e7ons de se divertir et les \u00e9v\u00e9nements culturels, les festivals et les f\u00eates traditionnelles de l\u2019endroit.&#13; &#13; La Chalcidique est riche en centres d\u2019int\u00e9r\u00eat de toutes sortes (sites arch\u00e9ologiques, mus\u00e9es, \u00e9glises, monast\u00e8res, parcs, villages traditionnels, etc.)&#13; &#13; Les plus importants d\u2019entre eux sont :&#13; &#13; La Sainte Montagne avec les v\u00e9n\u00e9rables monast\u00e8res, uniques au monde.&#13; La grotte de Petralona o\u00f9 ont \u00e9t\u00e9 d\u00e9couverts des ossements humains \u00e2g\u00e9s de 700 000 ans.&#13; Les ruines de l\u2019ancien temple de Pos\u00e9idon, l\u2019ancien temple de Zeus Ammon, le canal et les ruines du ch\u00e2teau de Kassandra.&#13; Le Stagira , le lieu de naissance d\u2019Aristote avec le parc \u00e0 th\u00e8me de ses inventions.&#13; Les \u00e9tablissements traditionnelsd\u2019Aphitos, d\u2019Arnaia, \u03c4\u03b7\u03c2 \u0391\u03c1\u03bd\u03b1\u03af\u03b1\u03c2et d\u2019autres villages aux rues pav\u00e9es, aux maisons en pierre et aux mus\u00e9es folkloriques.&#13; La tour byzantine Stavronikita \u03c3\u03c4\u03b7 \u00e0 Sani..&#13; Les \u00e9glises byzantines et les d\u00e9couvertes \u00e0 Fourka.&#13;\",\"breadcrumb\":{\"@id\":\"https:\/\/citycars.globaltouchdev.eu\/fr\/location-de-voiture-chalcidique\/#breadcrumb\"},\"inLanguage\":\"fr-FR\",\"potentialAction\":[{\"@type\":\"ReadAction\",\"target\":[\"https:\/\/citycars.globaltouchdev.eu\/fr\/location-de-voiture-chalcidique\/\"]}]},{\"@type\":\"ImageObject\",\"inLanguage\":\"fr-FR\",\"@id\":\"https:\/\/citycars.globaltouchdev.eu\/fr\/location-de-voiture-chalcidique\/#primaryimage\",\"url\":\"https:\/\/www.sarti-chalkidiki.com\/images\/Beaches\/Armenistis_Beach\/283_armenistis2.jpg\",\"contentUrl\":\"https:\/\/www.sarti-chalkidiki.com\/images\/Beaches\/Armenistis_Beach\/283_armenistis2.jpg\"},{\"@type\":\"BreadcrumbList\",\"@id\":\"https:\/\/citycars.globaltouchdev.eu\/fr\/location-de-voiture-chalcidique\/#breadcrumb\",\"itemListElement\":[{\"@type\":\"ListItem\",\"position\":1,\"name\":\"\u0391\u03c1\u03c7\u03b9\u03ba\u03ae\",\"item\":\"https:\/\/citycars.globaltouchdev.eu\/\"},{\"@type\":\"ListItem\",\"position\":2,\"name\":\"Location de voiture Chalcidique\"}]},{\"@type\":\"WebSite\",\"@id\":\"https:\/\/citycars.globaltouchdev.eu\/#website\",\"url\":\"https:\/\/citycars.globaltouchdev.eu\/\",\"name\":\"\u0395\u03bd\u03bf\u03b9\u03ba\u03b9\u03ac\u03c3\u03b5\u03b9\u03c2 \u0391\u03c5\u03c4\u03bf\u03ba\u03b9\u03bd\u03ae\u03c4\u03c9\u03bd \u0398\u03b5\u03c3\u03c3\u03b1\u03bb\u03bf\u03bd\u03af\u03ba\u03b7 | Rent a Car Thessaloniki | City Car Rental\",\"description\":\"Rent a Car Airport Thessaloniki Greece\",\"publisher\":{\"@id\":\"https:\/\/citycars.globaltouchdev.eu\/#organization\"},\"alternateName\":\"Auto Mieten Thessaloniki Flughafen\",\"potentialAction\":[{\"@type\":\"SearchAction\",\"target\":{\"@type\":\"EntryPoint\",\"urlTemplate\":\"https:\/\/citycars.globaltouchdev.eu\/?s={search_term_string}\"},\"query-input\":\"required name=search_term_string\"}],\"inLanguage\":\"fr-FR\"},{\"@type\":\"Organization\",\"@id\":\"https:\/\/citycars.globaltouchdev.eu\/#organization\",\"name\":\"City Car Rental Thessaloniki | \u0395\u03bd\u03bf\u03b9\u03ba\u03b9\u03ac\u03c3\u03b5\u03b9\u03c2 \u0391\u03c5\u03c4\u03bf\u03ba\u03b9\u03bd\u03ae\u03c4\u03c9\u03bd \u0398\u03b5\u03c3\u03c3\u03b1\u03bb\u03bf\u03bd\u03af\u03ba\u03b7\",\"alternateName\":\"Car Rental Airport Thessaloniki Greece | City Car Rental\",\"url\":\"https:\/\/citycars.globaltouchdev.eu\/\",\"logo\":{\"@type\":\"ImageObject\",\"inLanguage\":\"fr-FR\",\"@id\":\"https:\/\/citycars.globaltouchdev.eu\/#\/schema\/logo\/image\/\",\"url\":\"https:\/\/citycars.globaltouchdev.eu\/wp-content\/uploads\/2021\/03\/logo-landscape.png\",\"contentUrl\":\"https:\/\/citycars.globaltouchdev.eu\/wp-content\/uploads\/2021\/03\/logo-landscape.png\",\"width\":640,\"height\":303,\"caption\":\"City Car Rental Thessaloniki | \u0395\u03bd\u03bf\u03b9\u03ba\u03b9\u03ac\u03c3\u03b5\u03b9\u03c2 \u0391\u03c5\u03c4\u03bf\u03ba\u03b9\u03bd\u03ae\u03c4\u03c9\u03bd \u0398\u03b5\u03c3\u03c3\u03b1\u03bb\u03bf\u03bd\u03af\u03ba\u03b7\"},\"image\":{\"@id\":\"https:\/\/citycars.globaltouchdev.eu\/#\/schema\/logo\/image\/\"},\"sameAs\":[\"https:\/\/www.facebook.com\/CityCarRentalThessaloniki\",\"https:\/\/twitter.com\/CityCarSalonika\",\"https:\/\/mastodon.social\/@Citycars\",\"https:\/\/www.instagram.com\/city_car_rental_thess\/\",\"https:\/\/www.youtube.com\/watch?v=Duixnt_tgZ8&ab_channel=AlexandrosTsapournias\",\"https:\/\/www.tripadvisor.com\/Attraction_Review-g189473-d23048607-Reviews-City_Car_Rental-Thessaloniki_Thessaloniki_Region_Central_Macedonia.html\"],\"description\":\"Car Rental Company in Thessaloniki Greece\",\"email\":\"rentacar@citycars.gr\",\"telephone\":\"+302310202029\",\"foundingDate\":\"2013-11-13\",\"vatID\":\"EL801704863\",\"numberOfEmployees\":{\"@type\":\"QuantitativeValue\",\"minValue\":\"1\",\"maxValue\":\"10\"}}]}<\/script>\n<!-- \/ Yoast SEO Premium plugin. -->","yoast_head_json":{"title":"\"Location de voitures \u00e0 Halkidiki | Location de voitures de ville\"","description":"&#13; Sarti Halkidiki Greece&#13; \u0397 La Chalcidique attire de nombreux touristes et se compose de trois fines p\u00e9ninsules (Kassandra, Sithonia et Athos). La Chalcidique est une destination facilement accessible depuis Thessalonique gr\u00e2ce au r\u00e9seau routier moderne de la r\u00e9gion. La pr\u00e9fecture de Chalcidique est l\u2019une des plus belles r\u00e9gions c\u00f4ti\u00e8res de Gr\u00e8ce avec des plages fantastiques, une nature luxuriante, de belles baies, des \u00eeles, diverses installations touristiques, des h\u00f4tels et d\u2019innombrables villages \u00e0 l\u2019architecture traditionnelle. Vous serez fascin\u00e9 par la gastronomie, les diff\u00e9rentes fa\u00e7ons de se divertir et les \u00e9v\u00e9nements culturels, les festivals et les f\u00eates traditionnelles de l\u2019endroit.&#13; &#13; La Chalcidique est riche en centres d\u2019int\u00e9r\u00eat de toutes sortes (sites arch\u00e9ologiques, mus\u00e9es, \u00e9glises, monast\u00e8res, parcs, villages traditionnels, etc.)&#13; &#13; Les plus importants d\u2019entre eux sont :&#13; &#13; La Sainte Montagne avec les v\u00e9n\u00e9rables monast\u00e8res, uniques au monde.&#13; La grotte de Petralona o\u00f9 ont \u00e9t\u00e9 d\u00e9couverts des ossements humains \u00e2g\u00e9s de 700 000 ans.&#13; Les ruines de l\u2019ancien temple de Pos\u00e9idon, l\u2019ancien temple de Zeus Ammon, le canal et les ruines du ch\u00e2teau de Kassandra.&#13; Le Stagira , le lieu de naissance d\u2019Aristote avec le parc \u00e0 th\u00e8me de ses inventions.&#13; Les \u00e9tablissements traditionnelsd\u2019Aphitos, d\u2019Arnaia, \u03c4\u03b7\u03c2 \u0391\u03c1\u03bd\u03b1\u03af\u03b1\u03c2et d\u2019autres villages aux rues pav\u00e9es, aux maisons en pierre et aux mus\u00e9es folkloriques.&#13; La tour byzantine Stavronikita \u03c3\u03c4\u03b7 \u00e0 Sani..&#13; Les \u00e9glises byzantines et les d\u00e9couvertes \u00e0 Fourka.&#13;","robots":{"index":"noindex","follow":"follow","max-snippet":"max-snippet:-1","max-image-preview":"max-image-preview:large","max-video-preview":"max-video-preview:-1"},"og_locale":"fr_FR","og_type":"article","og_title":"Location de voiture Chalcidique","og_description":"&#13; Sarti Halkidiki Greece&#13; \u0397 La Chalcidique attire de nombreux touristes et se compose de trois fines p\u00e9ninsules (Kassandra, Sithonia et Athos). La Chalcidique est une destination facilement accessible depuis Thessalonique gr\u00e2ce au r\u00e9seau routier moderne de la r\u00e9gion. La pr\u00e9fecture de Chalcidique est l\u2019une des plus belles r\u00e9gions c\u00f4ti\u00e8res de Gr\u00e8ce avec des plages fantastiques, une nature luxuriante, de belles baies, des \u00eeles, diverses installations touristiques, des h\u00f4tels et d\u2019innombrables villages \u00e0 l\u2019architecture traditionnelle. Vous serez fascin\u00e9 par la gastronomie, les diff\u00e9rentes fa\u00e7ons de se divertir et les \u00e9v\u00e9nements culturels, les festivals et les f\u00eates traditionnelles de l\u2019endroit.&#13; &#13; La Chalcidique est riche en centres d\u2019int\u00e9r\u00eat de toutes sortes (sites arch\u00e9ologiques, mus\u00e9es, \u00e9glises, monast\u00e8res, parcs, villages traditionnels, etc.)&#13; &#13; Les plus importants d\u2019entre eux sont :&#13; &#13; La Sainte Montagne avec les v\u00e9n\u00e9rables monast\u00e8res, uniques au monde.&#13; La grotte de Petralona o\u00f9 ont \u00e9t\u00e9 d\u00e9couverts des ossements humains \u00e2g\u00e9s de 700 000 ans.&#13; Les ruines de l\u2019ancien temple de Pos\u00e9idon, l\u2019ancien temple de Zeus Ammon, le canal et les ruines du ch\u00e2teau de Kassandra.&#13; Le Stagira , le lieu de naissance d\u2019Aristote avec le parc \u00e0 th\u00e8me de ses inventions.&#13; Les \u00e9tablissements traditionnelsd\u2019Aphitos, d\u2019Arnaia, \u03c4\u03b7\u03c2 \u0391\u03c1\u03bd\u03b1\u03af\u03b1\u03c2et d\u2019autres villages aux rues pav\u00e9es, aux maisons en pierre et aux mus\u00e9es folkloriques.&#13; La tour byzantine Stavronikita \u03c3\u03c4\u03b7 \u00e0 Sani..&#13; Les \u00e9glises byzantines et les d\u00e9couvertes \u00e0 Fourka.&#13;","og_url":"https:\/\/citycars.globaltouchdev.eu\/fr\/location-de-voiture-chalcidique\/","og_site_name":"City Car Rental","article_publisher":"https:\/\/www.facebook.com\/CityCarRentalThessaloniki","article_modified_time":"2024-07-10T13:27:33+00:00","og_image":[{"url":"https:\/\/www.sarti-chalkidiki.com\/images\/Beaches\/Armenistis_Beach\/283_armenistis2.jpg"}],"twitter_card":"summary_large_image","twitter_site":"@CityCarSalonika","twitter_misc":{"Dur\u00e9e de lecture estim\u00e9e":"1 minute"},"schema":{"@context":"https:\/\/schema.org","@graph":[{"@type":"WebPage","@id":"https:\/\/citycars.globaltouchdev.eu\/fr\/location-de-voiture-chalcidique\/","url":"https:\/\/citycars.globaltouchdev.eu\/fr\/location-de-voiture-chalcidique\/","name":"\"Location de voitures \u00e0 Halkidiki | Location de voitures de ville\"","isPartOf":{"@id":"https:\/\/citycars.globaltouchdev.eu\/#website"},"primaryImageOfPage":{"@id":"https:\/\/citycars.globaltouchdev.eu\/fr\/location-de-voiture-chalcidique\/#primaryimage"},"image":{"@id":"https:\/\/citycars.globaltouchdev.eu\/fr\/location-de-voiture-chalcidique\/#primaryimage"},"thumbnailUrl":"https:\/\/www.sarti-chalkidiki.com\/images\/Beaches\/Armenistis_Beach\/283_armenistis2.jpg","datePublished":"2024-07-10T13:27:16+00:00","dateModified":"2024-07-10T13:27:33+00:00","description":"&#13; Sarti Halkidiki Greece&#13; \u0397 La Chalcidique attire de nombreux touristes et se compose de trois fines p\u00e9ninsules (Kassandra, Sithonia et Athos). La Chalcidique est une destination facilement accessible depuis Thessalonique gr\u00e2ce au r\u00e9seau routier moderne de la r\u00e9gion. La pr\u00e9fecture de Chalcidique est l\u2019une des plus belles r\u00e9gions c\u00f4ti\u00e8res de Gr\u00e8ce avec des plages fantastiques, une nature luxuriante, de belles baies, des \u00eeles, diverses installations touristiques, des h\u00f4tels et d\u2019innombrables villages \u00e0 l\u2019architecture traditionnelle. Vous serez fascin\u00e9 par la gastronomie, les diff\u00e9rentes fa\u00e7ons de se divertir et les \u00e9v\u00e9nements culturels, les festivals et les f\u00eates traditionnelles de l\u2019endroit.&#13; &#13; La Chalcidique est riche en centres d\u2019int\u00e9r\u00eat de toutes sortes (sites arch\u00e9ologiques, mus\u00e9es, \u00e9glises, monast\u00e8res, parcs, villages traditionnels, etc.)&#13; &#13; Les plus importants d\u2019entre eux sont :&#13; &#13; La Sainte Montagne avec les v\u00e9n\u00e9rables monast\u00e8res, uniques au monde.&#13; La grotte de Petralona o\u00f9 ont \u00e9t\u00e9 d\u00e9couverts des ossements humains \u00e2g\u00e9s de 700 000 ans.&#13; Les ruines de l\u2019ancien temple de Pos\u00e9idon, l\u2019ancien temple de Zeus Ammon, le canal et les ruines du ch\u00e2teau de Kassandra.&#13; Le Stagira , le lieu de naissance d\u2019Aristote avec le parc \u00e0 th\u00e8me de ses inventions.&#13; Les \u00e9tablissements traditionnelsd\u2019Aphitos, d\u2019Arnaia, \u03c4\u03b7\u03c2 \u0391\u03c1\u03bd\u03b1\u03af\u03b1\u03c2et d\u2019autres villages aux rues pav\u00e9es, aux maisons en pierre et aux mus\u00e9es folkloriques.&#13; La tour byzantine Stavronikita \u03c3\u03c4\u03b7 \u00e0 Sani..&#13; Les \u00e9glises byzantines et les d\u00e9couvertes \u00e0 Fourka.&#13;","breadcrumb":{"@id":"https:\/\/citycars.globaltouchdev.eu\/fr\/location-de-voiture-chalcidique\/#breadcrumb"},"inLanguage":"fr-FR","potentialAction":[{"@type":"ReadAction","target":["https:\/\/citycars.globaltouchdev.eu\/fr\/location-de-voiture-chalcidique\/"]}]},{"@type":"ImageObject","inLanguage":"fr-FR","@id":"https:\/\/citycars.globaltouchdev.eu\/fr\/location-de-voiture-chalcidique\/#primaryimage","url":"https:\/\/www.sarti-chalkidiki.com\/images\/Beaches\/Armenistis_Beach\/283_armenistis2.jpg","contentUrl":"https:\/\/www.sarti-chalkidiki.com\/images\/Beaches\/Armenistis_Beach\/283_armenistis2.jpg"},{"@type":"BreadcrumbList","@id":"https:\/\/citycars.globaltouchdev.eu\/fr\/location-de-voiture-chalcidique\/#breadcrumb","itemListElement":[{"@type":"ListItem","position":1,"name":"\u0391\u03c1\u03c7\u03b9\u03ba\u03ae","item":"https:\/\/citycars.globaltouchdev.eu\/"},{"@type":"ListItem","position":2,"name":"Location de voiture Chalcidique"}]},{"@type":"WebSite","@id":"https:\/\/citycars.globaltouchdev.eu\/#website","url":"https:\/\/citycars.globaltouchdev.eu\/","name":"\u0395\u03bd\u03bf\u03b9\u03ba\u03b9\u03ac\u03c3\u03b5\u03b9\u03c2 \u0391\u03c5\u03c4\u03bf\u03ba\u03b9\u03bd\u03ae\u03c4\u03c9\u03bd \u0398\u03b5\u03c3\u03c3\u03b1\u03bb\u03bf\u03bd\u03af\u03ba\u03b7 | Rent a Car Thessaloniki | City Car Rental","description":"Rent a Car Airport Thessaloniki Greece","publisher":{"@id":"https:\/\/citycars.globaltouchdev.eu\/#organization"},"alternateName":"Auto Mieten Thessaloniki Flughafen","potentialAction":[{"@type":"SearchAction","target":{"@type":"EntryPoint","urlTemplate":"https:\/\/citycars.globaltouchdev.eu\/?s={search_term_string}"},"query-input":"required name=search_term_string"}],"inLanguage":"fr-FR"},{"@type":"Organization","@id":"https:\/\/citycars.globaltouchdev.eu\/#organization","name":"City Car Rental Thessaloniki | \u0395\u03bd\u03bf\u03b9\u03ba\u03b9\u03ac\u03c3\u03b5\u03b9\u03c2 \u0391\u03c5\u03c4\u03bf\u03ba\u03b9\u03bd\u03ae\u03c4\u03c9\u03bd \u0398\u03b5\u03c3\u03c3\u03b1\u03bb\u03bf\u03bd\u03af\u03ba\u03b7","alternateName":"Car Rental Airport Thessaloniki Greece | City Car Rental","url":"https:\/\/citycars.globaltouchdev.eu\/","logo":{"@type":"ImageObject","inLanguage":"fr-FR","@id":"https:\/\/citycars.globaltouchdev.eu\/#\/schema\/logo\/image\/","url":"https:\/\/citycars.globaltouchdev.eu\/wp-content\/uploads\/2021\/03\/logo-landscape.png","contentUrl":"https:\/\/citycars.globaltouchdev.eu\/wp-content\/uploads\/2021\/03\/logo-landscape.png","width":640,"height":303,"caption":"City Car Rental Thessaloniki | \u0395\u03bd\u03bf\u03b9\u03ba\u03b9\u03ac\u03c3\u03b5\u03b9\u03c2 \u0391\u03c5\u03c4\u03bf\u03ba\u03b9\u03bd\u03ae\u03c4\u03c9\u03bd \u0398\u03b5\u03c3\u03c3\u03b1\u03bb\u03bf\u03bd\u03af\u03ba\u03b7"},"image":{"@id":"https:\/\/citycars.globaltouchdev.eu\/#\/schema\/logo\/image\/"},"sameAs":["https:\/\/www.facebook.com\/CityCarRentalThessaloniki","https:\/\/twitter.com\/CityCarSalonika","https:\/\/mastodon.social\/@Citycars","https:\/\/www.instagram.com\/city_car_rental_thess\/","https:\/\/www.youtube.com\/watch?v=Duixnt_tgZ8&ab_channel=AlexandrosTsapournias","https:\/\/www.tripadvisor.com\/Attraction_Review-g189473-d23048607-Reviews-City_Car_Rental-Thessaloniki_Thessaloniki_Region_Central_Macedonia.html"],"description":"Car Rental Company in Thessaloniki Greece","email":"rentacar@citycars.gr","telephone":"+302310202029","foundingDate":"2013-11-13","vatID":"EL801704863","numberOfEmployees":{"@type":"QuantitativeValue","minValue":"1","maxValue":"10"}}]}},"_links":{"self":[{"href":"https:\/\/citycars.globaltouchdev.eu\/fr\/wp-json\/wp\/v2\/pages\/3275","targetHints":{"allow":["GET"]}}],"collection":[{"href":"https:\/\/citycars.globaltouchdev.eu\/fr\/wp-json\/wp\/v2\/pages"}],"about":[{"href":"https:\/\/citycars.globaltouchdev.eu\/fr\/wp-json\/wp\/v2\/types\/page"}],"author":[{"embeddable":true,"href":"https:\/\/citycars.globaltouchdev.eu\/fr\/wp-json\/wp\/v2\/users\/1"}],"replies":[{"embeddable":true,"href":"https:\/\/citycars.globaltouchdev.eu\/fr\/wp-json\/wp\/v2\/comments?post=3275"}],"version-history":[{"count":1,"href":"https:\/\/citycars.globaltouchdev.eu\/fr\/wp-json\/wp\/v2\/pages\/3275\/revisions"}],"predecessor-version":[{"id":3276,"href":"https:\/\/citycars.globaltouchdev.eu\/fr\/wp-json\/wp\/v2\/pages\/3275\/revisions\/3276"}],"wp:attachment":[{"href":"https:\/\/citycars.globaltouchdev.eu\/fr\/wp-json\/wp\/v2\/media?parent=3275"}],"curies":[{"name":"wp","href":"https:\/\/api.w.org\/{rel}","templated":true}]}}