{"id":3273,"date":"2024-07-10T16:21:49","date_gmt":"2024-07-10T13:21:49","guid":{"rendered":"https:\/\/citycars.globaltouchdev.eu\/les-sites-archeologiques-de-thessalonique\/"},"modified":"2024-07-10T16:22:19","modified_gmt":"2024-07-10T13:22:19","slug":"les-sites-archeologiques-de-thessalonique","status":"publish","type":"page","link":"https:\/\/citycars.globaltouchdev.eu\/fr\/les-sites-archeologiques-de-thessalonique\/","title":{"rendered":"Les sites arch\u00e9ologiques de Thessalonique"},"content":{"rendered":"&#13;\n<h1 class=\"wp-block-heading\"><a href=\"http:\/\/www.amth.gr\"><strong>Mus\u00e9e Arch\u00e9ologique<\/strong><\/a><\/h1>&#13;\n<h2><a href=\"http:\/\/www.lpth.gr\"><strong>La Tour Blanche<\/strong><\/a><\/h2>&#13;\n&#13;\n<figure class=\"wp-block-image size-large is-resized\"><img fetchpriority=\"high\" decoding=\"async\" src=\"https:\/\/www.aegeantrails.com\/wp-content\/uploads\/2018\/05\/Thessaloniki_Slider04.jpg\" alt=\"\" width=\"838\" height=\"561\"\/><figcaption>La Tour Blanche<\/figcaption><\/figure>&#13;\n<p>&#13;\nLes sites arch\u00e9ologiques de Thessalonique&#13;\nLa Tour Blanche&#13;\n&#13;\nLa Tour Blanche&#13;\nLa Tour Blanche est le symbole de Thessalonique. Construite en 1535, elle \u00e9tait la forteresse de la ville sur la mer, mais elle a \u00e9galement \u00e9t\u00e9 utilis\u00e9e comme prison et lieu de torture. Apr\u00e8s la lib\u00e9ration de la ville, la tour a \u00e9t\u00e9 peinte en blanc pour purifier le sang et a \u00e9t\u00e9 rebaptis\u00e9e \u201cTour Blanche\u201d. Elle a une forme cylindrique, une hauteur d\u2019environ 35 m\u00e8tres, et se compose de six \u00e9tages, avec une salle circulaire centrale, o\u00f9 sont expos\u00e9es des d\u00e9couvertes historiquement importantes. Elle est maintenue en excellent \u00e9tat et la vue du sommet est \u00e0 couper le souffle.<\/p>&#13;\n&#13;\n<h2 class=\"wp-block-heading\"><strong>L\u2019arc de Gal\u00e8re, \u00e9galement connu sous le nom de Kamara<\/strong><\/h2>&#13;\n&#13;\n<figure class=\"wp-block-image size-large\"><img decoding=\"async\" src=\"https:\/\/thessalonikilocal.com\/wp-content\/uploads\/2020\/05\/Kamara.jpg\" alt=\"\"\/><figcaption><strong>L\u2019arc de Gal\u00e8re, \u00e9galement connu sous le nom de Kamara<\/strong><\/figcaption><\/figure>&#13;\n<p>Construit en 305 apr\u00e8s J.-C. pour c\u00e9l\u00e9brer le triomphe de l\u2019empereur sur les Perses. De l\u2019arc original, seuls trois poteaux et une partie de la ma\u00e7onnerie sup\u00e9rieure ont \u00e9t\u00e9 conserv\u00e9s. Les deux piliers principaux sont recouverts de plaques de marbre sculpt\u00e9es. La structure initiale \u00e9tait compos\u00e9e de 4 poteaux principaux et de 2 plus petits de chaque c\u00f4t\u00e9 qui soutenaient la structure centrale. A travers l\u2019arc on ne pouvait acc\u00e9der au palais de Gal\u00e8re et \u00e0 la Rotonde.<\/p>&#13;\n&#13;\n<h2 class=\"wp-block-heading\"><strong>La Rotonde (aka \u00e9glise Agios Georgios ou Rotonde de St George)<\/strong><\/h2>&#13;\n&#13;\n<figure class=\"wp-block-image size-large is-resized\"><img decoding=\"async\" src=\"https:\/\/thessaloniki-sightseeing.com\/wp-content\/uploads\/2018\/03\/rotonta.jpg\" alt=\"\" width=\"843\" height=\"263\"\/><figcaption><strong>The Rotunda of Agios Georgios (Rotonda)<\/strong><\/figcaption><\/figure>&#13;\n<p>La Rotonde a \u00e9t\u00e9 construite sous le r\u00e8gne du C\u00e9sar Gal\u00e8re, (vers 306 apr\u00e8s J.-C.), comme un temple de Jupiter ou de Kabiris ou autrement, comme le mausol\u00e9e du sien. Elle doit son nom \u00e0 sa forme circulaire. Il \u00e9tait reli\u00e9 \u00e0 l\u2019Arc de Gal\u00e8re et \u00e0 ses palais par un parcours particulier. Elle a subi de nombreux chocs dus aux tremblements de terre et aux guerres et de nombreuses interventions au cours des si\u00e8cles. Elle est devenue une \u00e9glise chr\u00e9tienne, une mosqu\u00e9e, un mus\u00e9e et un lieu de manifestations culturelles.<\/p>&#13;\n&#13;\n<h2 class=\"wp-block-heading\"><strong>L\u2019Agora antique ou Agora romaine<\/strong><\/h2>&#13;\n&#13;\n<figure class=\"wp-block-image size-large\"><img decoding=\"async\" src=\"https:\/\/thessaloniki.travel\/media\/k2\/items\/cache\/62d8a0a826023e1f0111f69f3b6a2d59_XL.jpg\" alt=\"\"\/><figcaption><strong>L\u2019Agora antique ou Agora romaine<\/strong><\/figcaption><\/figure>&#13;\n<p>L\u2019Agora antique \u00e9tait le centre de la ville romaine de Thessalonique avec des b\u00e2timents publics, un conservatoire, des galeries et des lieux de divertissement. S\u2019\u00e9tendant sur une superficie d\u2019environ 20 acres entre la route actuelle et Olympus Philip.<\/p>&#13;\n&#13;\n<h2 class=\"wp-block-heading\"><strong><a title=\"www.amth.gr\" href=\"http:\/\/www.amth.gr\" target=\"_blank\" rel=\"noreferrer noopener\">Mus\u00e9e arch\u00e9ologique de Thessalonique<\/a><\/strong><\/h2>&#13;\n&#13;\n<figure class=\"wp-block-image size-large is-resized\"><img decoding=\"async\" src=\"https:\/\/upload.wikimedia.org\/wikipedia\/commons\/thumb\/6\/65\/Archaeological_Museum_of_Thessaloniki_by_Joy_of_Museums.jpg\/1024px-Archaeological_Museum_of_Thessaloniki_by_Joy_of_Museums.jpg\" alt=\"\" width=\"839\" height=\"524\"\/><figcaption>Archaeological Museum of Thessaloniki<\/figcaption><\/figure>&#13;\n<p>Sont expos\u00e9es de riches collections de l\u2019histoire antique hell\u00e9nistique et romaine de Thessalonique, de grandes sculptures, des sarcophages et de nombreuses pierres pr\u00e9cieuses, des objets pr\u00e9cieux et quotidiens, des tr\u00e9sors de cr\u00eate de Vergina et Derveni.<\/p>&#13;\n&#13;\n<h2 class=\"wp-block-heading\"><a href=\"http:\/\/www.jmth.gr\"><strong>Le mus\u00e9e juif de Thessalonique<\/strong><\/a><\/h2>&#13;\n&#13;\n<figure class=\"wp-block-image size-large\"><img decoding=\"async\" src=\"https:\/\/upload.wikimedia.org\/wikipedia\/commons\/6\/6f\/J%C3%BCdisches_Museum_Thessaloniki.JPG\" alt=\"\"\/><figcaption>Jewish Museum of Thessaloniki<\/figcaption><\/figure>&#13;\n<p>Le mus\u00e9e juif de Thessalonique, situ\u00e9 dans la rue Saint-Menas, fonctionne depuis 2001 afin d\u2019enregistrer l\u2019h\u00e9ritage des juifs s\u00e9farades qui se sont install\u00e9s en Gr\u00e8ce, apr\u00e8s avoir \u00e9t\u00e9 exil\u00e9s d\u2019Espagne au 15e si\u00e8cle, apportant avec eux la culture occidentale de la M\u00e9diterran\u00e9e de la Renaissance. Ce qui est rest\u00e9 du d\u00e9sastreux incendie de 1917 et du tourbillon de la Seconde Guerre mondiale, comme des pierres tombales, des ustensiles religieux et c\u00e9r\u00e9moniels, des livres, des documents, des costumes et des objets utilitaires de la vie quotidienne, t\u00e9moigne de l\u2019histoire de la communaut\u00e9 juive de Thessalonique, du IIIe si\u00e8cle avant J.-C. \u00e0 l\u2019Holocauste, qui est refl\u00e9t\u00e9e par une multitude de photographies et de textes informatifs.<\/p>&#13;\n&#13;\n<h2 class=\"wp-block-heading\">Le centre des sciences et le mus\u00e9e de la technologie \u201cNOESIS<\/h2>&#13;\n&#13;\n<h3 class=\"wp-block-image size-large is-resized\"><img loading=\"lazy\" decoding=\"async\" src=\"https:\/\/lh3.googleusercontent.com\/proxy\/cM7FJU86IthVUXs7_azLQF8colK9P87ysBq1NZ1up9yJHEL4irnDTctxjRFGnO6QmftWTbmgv9k1cP38V6XRmqpuIGTUPqjd9n1OEpI3G-oDLfa63iXUP1tExIbpEGkS7DIzxSvwWv_KrO93\" alt=\"\" width=\"830\" height=\"553\"\/>Science Center and Technology Museum \u00ab\u00a0NOESIS\u00a0\u00bb<\/h3>&#13;\n&#13;\n<p>Le Science Center &amp; Technology Museum NOESIS a \u00e9t\u00e9 cr\u00e9\u00e9 en 2001 pour promouvoir la connaissance et la compr\u00e9hension de la science, de la technologie et de la culture technique. Ce mus\u00e9e ultramoderne comprend une zone d\u2019interaction, des projections cin\u00e9matographiques sur \u00e9cran g\u00e9ant pour des films scientifiques et environnementaux en 3D, le plan\u00e9tarium num\u00e9rique o\u00f9 l\u2019on trouve une repr\u00e9sentation de ph\u00e9nom\u00e8nes astronomiques et physiques, et le simulateur de r\u00e9alit\u00e9 virtuelle comme un voyage dans l\u2019espace ou au fond de l\u2019oc\u00e9an. Il s\u2019agit du mus\u00e9e le plus moderne de Thessalonique. \u00c0 seulement 10 minutes de l\u2019a\u00e9roport de Mac\u00e9doine de Thessalonique.<\/p>&#13;\n","protected":false},"excerpt":{"rendered":"<p>&#13; Mus\u00e9e Arch\u00e9ologique &#13; La Tour Blanche &#13; &#13; &#13; Les sites arch\u00e9ologiques de Thessalonique&#13; La Tour Blanche&#13; &#13; La Tour Blanche&#13; La Tour Blanche est le symbole de Thessalonique. Construite en 1535, elle \u00e9tait la forteresse de la ville sur la mer, mais elle a \u00e9galement \u00e9t\u00e9 utilis\u00e9e comme prison et lieu de torture. [&hellip;]<\/p>\n","protected":false},"author":1,"featured_media":0,"parent":0,"menu_order":0,"comment_status":"closed","ping_status":"closed","template":"","meta":{"footnotes":""},"class_list":["post-3273","page","type-page","status-publish","hentry"],"yoast_head":"<!-- This site is optimized with the Yoast SEO Premium plugin v22.3 (Yoast SEO v22.3) - https:\/\/yoast.com\/wordpress\/plugins\/seo\/ -->\n<title>Thessalonique antique : diamants arch\u00e9ologiques<\/title>\n<meta name=\"description\" content=\"D\u00e9couvrez les sites arch\u00e9ologiques de Thessalonique. Explorez les ruines et plongez-vous dans la riche histoire de la Gr\u00e8ce\" \/>\n<meta name=\"robots\" content=\"noindex, follow, max-snippet:-1, max-image-preview:large, max-video-preview:-1\" \/>\n<meta property=\"og:locale\" content=\"fr_FR\" \/>\n<meta property=\"og:type\" content=\"article\" \/>\n<meta property=\"og:title\" content=\"Les sites arch\u00e9ologiques de Thessalonique\" \/>\n<meta property=\"og:description\" content=\"D\u00e9couvrez les sites arch\u00e9ologiques de Thessalonique. Explorez les ruines et plongez-vous dans la riche histoire de la Gr\u00e8ce\" \/>\n<meta property=\"og:url\" content=\"https:\/\/citycars.globaltouchdev.eu\/fr\/les-sites-archeologiques-de-thessalonique\/\" \/>\n<meta property=\"og:site_name\" content=\"City Car Rental\" \/>\n<meta property=\"article:publisher\" content=\"https:\/\/www.facebook.com\/CityCarRentalThessaloniki\" \/>\n<meta property=\"article:modified_time\" content=\"2024-07-10T13:22:19+00:00\" \/>\n<meta property=\"og:image\" content=\"https:\/\/www.aegeantrails.com\/wp-content\/uploads\/2018\/05\/Thessaloniki_Slider04.jpg\" \/>\n<meta name=\"twitter:card\" content=\"summary_large_image\" \/>\n<meta name=\"twitter:site\" content=\"@CityCarSalonika\" \/>\n<meta name=\"twitter:label1\" content=\"Dur\u00e9e de lecture estim\u00e9e\" \/>\n\t<meta name=\"twitter:data1\" content=\"4 minutes\" \/>\n<script type=\"application\/ld+json\" class=\"yoast-schema-graph\">{\"@context\":\"https:\/\/schema.org\",\"@graph\":[{\"@type\":\"WebPage\",\"@id\":\"https:\/\/citycars.globaltouchdev.eu\/fr\/les-sites-archeologiques-de-thessalonique\/\",\"url\":\"https:\/\/citycars.globaltouchdev.eu\/fr\/les-sites-archeologiques-de-thessalonique\/\",\"name\":\"Thessalonique antique : diamants arch\u00e9ologiques\",\"isPartOf\":{\"@id\":\"https:\/\/citycars.globaltouchdev.eu\/#website\"},\"primaryImageOfPage\":{\"@id\":\"https:\/\/citycars.globaltouchdev.eu\/fr\/les-sites-archeologiques-de-thessalonique\/#primaryimage\"},\"image\":{\"@id\":\"https:\/\/citycars.globaltouchdev.eu\/fr\/les-sites-archeologiques-de-thessalonique\/#primaryimage\"},\"thumbnailUrl\":\"https:\/\/www.aegeantrails.com\/wp-content\/uploads\/2018\/05\/Thessaloniki_Slider04.jpg\",\"datePublished\":\"2024-07-10T13:21:49+00:00\",\"dateModified\":\"2024-07-10T13:22:19+00:00\",\"description\":\"D\u00e9couvrez les sites arch\u00e9ologiques de Thessalonique. Explorez les ruines et plongez-vous dans la riche histoire de la Gr\u00e8ce\",\"breadcrumb\":{\"@id\":\"https:\/\/citycars.globaltouchdev.eu\/fr\/les-sites-archeologiques-de-thessalonique\/#breadcrumb\"},\"inLanguage\":\"fr-FR\",\"potentialAction\":[{\"@type\":\"ReadAction\",\"target\":[\"https:\/\/citycars.globaltouchdev.eu\/fr\/les-sites-archeologiques-de-thessalonique\/\"]}]},{\"@type\":\"ImageObject\",\"inLanguage\":\"fr-FR\",\"@id\":\"https:\/\/citycars.globaltouchdev.eu\/fr\/les-sites-archeologiques-de-thessalonique\/#primaryimage\",\"url\":\"https:\/\/www.aegeantrails.com\/wp-content\/uploads\/2018\/05\/Thessaloniki_Slider04.jpg\",\"contentUrl\":\"https:\/\/www.aegeantrails.com\/wp-content\/uploads\/2018\/05\/Thessaloniki_Slider04.jpg\"},{\"@type\":\"BreadcrumbList\",\"@id\":\"https:\/\/citycars.globaltouchdev.eu\/fr\/les-sites-archeologiques-de-thessalonique\/#breadcrumb\",\"itemListElement\":[{\"@type\":\"ListItem\",\"position\":1,\"name\":\"\u0391\u03c1\u03c7\u03b9\u03ba\u03ae\",\"item\":\"https:\/\/citycars.globaltouchdev.eu\/\"},{\"@type\":\"ListItem\",\"position\":2,\"name\":\"Les sites arch\u00e9ologiques de Thessalonique\"}]},{\"@type\":\"WebSite\",\"@id\":\"https:\/\/citycars.globaltouchdev.eu\/#website\",\"url\":\"https:\/\/citycars.globaltouchdev.eu\/\",\"name\":\"\u0395\u03bd\u03bf\u03b9\u03ba\u03b9\u03ac\u03c3\u03b5\u03b9\u03c2 \u0391\u03c5\u03c4\u03bf\u03ba\u03b9\u03bd\u03ae\u03c4\u03c9\u03bd \u0398\u03b5\u03c3\u03c3\u03b1\u03bb\u03bf\u03bd\u03af\u03ba\u03b7 | Rent a Car Thessaloniki | City Car Rental\",\"description\":\"Rent a Car Airport Thessaloniki Greece\",\"publisher\":{\"@id\":\"https:\/\/citycars.globaltouchdev.eu\/#organization\"},\"alternateName\":\"Auto Mieten Thessaloniki Flughafen\",\"potentialAction\":[{\"@type\":\"SearchAction\",\"target\":{\"@type\":\"EntryPoint\",\"urlTemplate\":\"https:\/\/citycars.globaltouchdev.eu\/?s={search_term_string}\"},\"query-input\":\"required name=search_term_string\"}],\"inLanguage\":\"fr-FR\"},{\"@type\":\"Organization\",\"@id\":\"https:\/\/citycars.globaltouchdev.eu\/#organization\",\"name\":\"City Car Rental Thessaloniki | \u0395\u03bd\u03bf\u03b9\u03ba\u03b9\u03ac\u03c3\u03b5\u03b9\u03c2 \u0391\u03c5\u03c4\u03bf\u03ba\u03b9\u03bd\u03ae\u03c4\u03c9\u03bd \u0398\u03b5\u03c3\u03c3\u03b1\u03bb\u03bf\u03bd\u03af\u03ba\u03b7\",\"alternateName\":\"Car Rental Airport Thessaloniki Greece | City Car Rental\",\"url\":\"https:\/\/citycars.globaltouchdev.eu\/\",\"logo\":{\"@type\":\"ImageObject\",\"inLanguage\":\"fr-FR\",\"@id\":\"https:\/\/citycars.globaltouchdev.eu\/#\/schema\/logo\/image\/\",\"url\":\"https:\/\/citycars.globaltouchdev.eu\/wp-content\/uploads\/2021\/03\/logo-landscape.png\",\"contentUrl\":\"https:\/\/citycars.globaltouchdev.eu\/wp-content\/uploads\/2021\/03\/logo-landscape.png\",\"width\":640,\"height\":303,\"caption\":\"City Car Rental Thessaloniki | \u0395\u03bd\u03bf\u03b9\u03ba\u03b9\u03ac\u03c3\u03b5\u03b9\u03c2 \u0391\u03c5\u03c4\u03bf\u03ba\u03b9\u03bd\u03ae\u03c4\u03c9\u03bd \u0398\u03b5\u03c3\u03c3\u03b1\u03bb\u03bf\u03bd\u03af\u03ba\u03b7\"},\"image\":{\"@id\":\"https:\/\/citycars.globaltouchdev.eu\/#\/schema\/logo\/image\/\"},\"sameAs\":[\"https:\/\/www.facebook.com\/CityCarRentalThessaloniki\",\"https:\/\/twitter.com\/CityCarSalonika\",\"https:\/\/mastodon.social\/@Citycars\",\"https:\/\/www.instagram.com\/city_car_rental_thess\/\",\"https:\/\/www.youtube.com\/watch?v=Duixnt_tgZ8&ab_channel=AlexandrosTsapournias\",\"https:\/\/www.tripadvisor.com\/Attraction_Review-g189473-d23048607-Reviews-City_Car_Rental-Thessaloniki_Thessaloniki_Region_Central_Macedonia.html\"],\"description\":\"Car Rental Company in Thessaloniki Greece\",\"email\":\"rentacar@citycars.gr\",\"telephone\":\"+302310202029\",\"foundingDate\":\"2013-11-13\",\"vatID\":\"EL801704863\",\"numberOfEmployees\":{\"@type\":\"QuantitativeValue\",\"minValue\":\"1\",\"maxValue\":\"10\"}}]}<\/script>\n<!-- \/ Yoast SEO Premium plugin. -->","yoast_head_json":{"title":"Thessalonique antique : diamants arch\u00e9ologiques","description":"D\u00e9couvrez les sites arch\u00e9ologiques de Thessalonique. Explorez les ruines et plongez-vous dans la riche histoire de la Gr\u00e8ce","robots":{"index":"noindex","follow":"follow","max-snippet":"max-snippet:-1","max-image-preview":"max-image-preview:large","max-video-preview":"max-video-preview:-1"},"og_locale":"fr_FR","og_type":"article","og_title":"Les sites arch\u00e9ologiques de Thessalonique","og_description":"D\u00e9couvrez les sites arch\u00e9ologiques de Thessalonique. Explorez les ruines et plongez-vous dans la riche histoire de la Gr\u00e8ce","og_url":"https:\/\/citycars.globaltouchdev.eu\/fr\/les-sites-archeologiques-de-thessalonique\/","og_site_name":"City Car Rental","article_publisher":"https:\/\/www.facebook.com\/CityCarRentalThessaloniki","article_modified_time":"2024-07-10T13:22:19+00:00","og_image":[{"url":"https:\/\/www.aegeantrails.com\/wp-content\/uploads\/2018\/05\/Thessaloniki_Slider04.jpg"}],"twitter_card":"summary_large_image","twitter_site":"@CityCarSalonika","twitter_misc":{"Dur\u00e9e de lecture estim\u00e9e":"4 minutes"},"schema":{"@context":"https:\/\/schema.org","@graph":[{"@type":"WebPage","@id":"https:\/\/citycars.globaltouchdev.eu\/fr\/les-sites-archeologiques-de-thessalonique\/","url":"https:\/\/citycars.globaltouchdev.eu\/fr\/les-sites-archeologiques-de-thessalonique\/","name":"Thessalonique antique : diamants arch\u00e9ologiques","isPartOf":{"@id":"https:\/\/citycars.globaltouchdev.eu\/#website"},"primaryImageOfPage":{"@id":"https:\/\/citycars.globaltouchdev.eu\/fr\/les-sites-archeologiques-de-thessalonique\/#primaryimage"},"image":{"@id":"https:\/\/citycars.globaltouchdev.eu\/fr\/les-sites-archeologiques-de-thessalonique\/#primaryimage"},"thumbnailUrl":"https:\/\/www.aegeantrails.com\/wp-content\/uploads\/2018\/05\/Thessaloniki_Slider04.jpg","datePublished":"2024-07-10T13:21:49+00:00","dateModified":"2024-07-10T13:22:19+00:00","description":"D\u00e9couvrez les sites arch\u00e9ologiques de Thessalonique. Explorez les ruines et plongez-vous dans la riche histoire de la Gr\u00e8ce","breadcrumb":{"@id":"https:\/\/citycars.globaltouchdev.eu\/fr\/les-sites-archeologiques-de-thessalonique\/#breadcrumb"},"inLanguage":"fr-FR","potentialAction":[{"@type":"ReadAction","target":["https:\/\/citycars.globaltouchdev.eu\/fr\/les-sites-archeologiques-de-thessalonique\/"]}]},{"@type":"ImageObject","inLanguage":"fr-FR","@id":"https:\/\/citycars.globaltouchdev.eu\/fr\/les-sites-archeologiques-de-thessalonique\/#primaryimage","url":"https:\/\/www.aegeantrails.com\/wp-content\/uploads\/2018\/05\/Thessaloniki_Slider04.jpg","contentUrl":"https:\/\/www.aegeantrails.com\/wp-content\/uploads\/2018\/05\/Thessaloniki_Slider04.jpg"},{"@type":"BreadcrumbList","@id":"https:\/\/citycars.globaltouchdev.eu\/fr\/les-sites-archeologiques-de-thessalonique\/#breadcrumb","itemListElement":[{"@type":"ListItem","position":1,"name":"\u0391\u03c1\u03c7\u03b9\u03ba\u03ae","item":"https:\/\/citycars.globaltouchdev.eu\/"},{"@type":"ListItem","position":2,"name":"Les sites arch\u00e9ologiques de Thessalonique"}]},{"@type":"WebSite","@id":"https:\/\/citycars.globaltouchdev.eu\/#website","url":"https:\/\/citycars.globaltouchdev.eu\/","name":"\u0395\u03bd\u03bf\u03b9\u03ba\u03b9\u03ac\u03c3\u03b5\u03b9\u03c2 \u0391\u03c5\u03c4\u03bf\u03ba\u03b9\u03bd\u03ae\u03c4\u03c9\u03bd \u0398\u03b5\u03c3\u03c3\u03b1\u03bb\u03bf\u03bd\u03af\u03ba\u03b7 | Rent a Car Thessaloniki | City Car Rental","description":"Rent a Car Airport Thessaloniki Greece","publisher":{"@id":"https:\/\/citycars.globaltouchdev.eu\/#organization"},"alternateName":"Auto Mieten Thessaloniki Flughafen","potentialAction":[{"@type":"SearchAction","target":{"@type":"EntryPoint","urlTemplate":"https:\/\/citycars.globaltouchdev.eu\/?s={search_term_string}"},"query-input":"required name=search_term_string"}],"inLanguage":"fr-FR"},{"@type":"Organization","@id":"https:\/\/citycars.globaltouchdev.eu\/#organization","name":"City Car Rental Thessaloniki | \u0395\u03bd\u03bf\u03b9\u03ba\u03b9\u03ac\u03c3\u03b5\u03b9\u03c2 \u0391\u03c5\u03c4\u03bf\u03ba\u03b9\u03bd\u03ae\u03c4\u03c9\u03bd \u0398\u03b5\u03c3\u03c3\u03b1\u03bb\u03bf\u03bd\u03af\u03ba\u03b7","alternateName":"Car Rental Airport Thessaloniki Greece | City Car Rental","url":"https:\/\/citycars.globaltouchdev.eu\/","logo":{"@type":"ImageObject","inLanguage":"fr-FR","@id":"https:\/\/citycars.globaltouchdev.eu\/#\/schema\/logo\/image\/","url":"https:\/\/citycars.globaltouchdev.eu\/wp-content\/uploads\/2021\/03\/logo-landscape.png","contentUrl":"https:\/\/citycars.globaltouchdev.eu\/wp-content\/uploads\/2021\/03\/logo-landscape.png","width":640,"height":303,"caption":"City Car Rental Thessaloniki | \u0395\u03bd\u03bf\u03b9\u03ba\u03b9\u03ac\u03c3\u03b5\u03b9\u03c2 \u0391\u03c5\u03c4\u03bf\u03ba\u03b9\u03bd\u03ae\u03c4\u03c9\u03bd \u0398\u03b5\u03c3\u03c3\u03b1\u03bb\u03bf\u03bd\u03af\u03ba\u03b7"},"image":{"@id":"https:\/\/citycars.globaltouchdev.eu\/#\/schema\/logo\/image\/"},"sameAs":["https:\/\/www.facebook.com\/CityCarRentalThessaloniki","https:\/\/twitter.com\/CityCarSalonika","https:\/\/mastodon.social\/@Citycars","https:\/\/www.instagram.com\/city_car_rental_thess\/","https:\/\/www.youtube.com\/watch?v=Duixnt_tgZ8&ab_channel=AlexandrosTsapournias","https:\/\/www.tripadvisor.com\/Attraction_Review-g189473-d23048607-Reviews-City_Car_Rental-Thessaloniki_Thessaloniki_Region_Central_Macedonia.html"],"description":"Car Rental Company in Thessaloniki Greece","email":"rentacar@citycars.gr","telephone":"+302310202029","foundingDate":"2013-11-13","vatID":"EL801704863","numberOfEmployees":{"@type":"QuantitativeValue","minValue":"1","maxValue":"10"}}]}},"_links":{"self":[{"href":"https:\/\/citycars.globaltouchdev.eu\/fr\/wp-json\/wp\/v2\/pages\/3273","targetHints":{"allow":["GET"]}}],"collection":[{"href":"https:\/\/citycars.globaltouchdev.eu\/fr\/wp-json\/wp\/v2\/pages"}],"about":[{"href":"https:\/\/citycars.globaltouchdev.eu\/fr\/wp-json\/wp\/v2\/types\/page"}],"author":[{"embeddable":true,"href":"https:\/\/citycars.globaltouchdev.eu\/fr\/wp-json\/wp\/v2\/users\/1"}],"replies":[{"embeddable":true,"href":"https:\/\/citycars.globaltouchdev.eu\/fr\/wp-json\/wp\/v2\/comments?post=3273"}],"version-history":[{"count":1,"href":"https:\/\/citycars.globaltouchdev.eu\/fr\/wp-json\/wp\/v2\/pages\/3273\/revisions"}],"predecessor-version":[{"id":3274,"href":"https:\/\/citycars.globaltouchdev.eu\/fr\/wp-json\/wp\/v2\/pages\/3273\/revisions\/3274"}],"wp:attachment":[{"href":"https:\/\/citycars.globaltouchdev.eu\/fr\/wp-json\/wp\/v2\/media?parent=3273"}],"curies":[{"name":"wp","href":"https:\/\/api.w.org\/{rel}","templated":true}]}}