{"id":3269,"date":"2024-07-10T16:14:59","date_gmt":"2024-07-10T13:14:59","guid":{"rendered":"https:\/\/citycars.globaltouchdev.eu\/aeroport-de-thessalonique\/"},"modified":"2024-07-10T16:15:12","modified_gmt":"2024-07-10T13:15:12","slug":"aeroport-de-thessalonique","status":"publish","type":"page","link":"https:\/\/citycars.globaltouchdev.eu\/fr\/aeroport-de-thessalonique\/","title":{"rendered":"A\u00e9roport de Thessalonique"},"content":{"rendered":"&#13;\n<h2 class=\"wp-block-heading\"><img fetchpriority=\"high\" decoding=\"async\" class=\"alignnone  wp-image-2090\" src=\"https:\/\/citycars.globaltouchdev.eu\/wp-content\/uploads\/2024\/03\/skg-airport-300x169.jpeg\" alt=\"\" width=\"431\" height=\"243\" srcset=\"https:\/\/citycars.globaltouchdev.eu\/wp-content\/uploads\/2024\/03\/skg-airport-300x169.jpeg 300w, https:\/\/citycars.globaltouchdev.eu\/wp-content\/uploads\/2024\/03\/skg-airport-768x432.jpeg 768w, https:\/\/citycars.globaltouchdev.eu\/wp-content\/uploads\/2024\/03\/skg-airport-480x270.jpeg 480w, https:\/\/citycars.globaltouchdev.eu\/wp-content\/uploads\/2024\/03\/skg-airport-853x480.jpeg 853w, https:\/\/citycars.globaltouchdev.eu\/wp-content\/uploads\/2024\/03\/skg-airport-250x141.jpeg 250w, https:\/\/citycars.globaltouchdev.eu\/wp-content\/uploads\/2024\/03\/skg-airport-444x250.jpeg 444w, https:\/\/citycars.globaltouchdev.eu\/wp-content\/uploads\/2024\/03\/skg-airport-150x84.jpeg 150w, https:\/\/citycars.globaltouchdev.eu\/wp-content\/uploads\/2024\/03\/skg-airport-605x340.jpeg 605w, https:\/\/citycars.globaltouchdev.eu\/wp-content\/uploads\/2024\/03\/skg-airport.jpeg 960w\" sizes=\"(max-width: 431px) 100vw, 431px\" \/><\/h2>&#13;\n<h2>\u00a0<\/h2>&#13;\n<h2><a title=\"\" href=\"https:\/\/www.skg-airport.gr\/en\">A\u00e9roport de Thessalonique<\/a> |\u00a0<a title=\"\" href=\"http:\/\/citycars.globaltouchdev.eu\/booking\">Louer une voiture<\/a><\/h2>&#13;\n&#13;\n<p>Thessalonique, la deuxi\u00e8me plus grande ville de Gr\u00e8ce, est une destination tr\u00e8s int\u00e9ressante, non seulement pour la ville principale qui vous charmera, mais aussi pour ses environs. Des montagnes \u00e0 couper le souffle, des eaux de mer cristallines, les plages de sable dor\u00e9 de la\u00a0<strong><a title=\"Chalkidiki\" href=\"https:\/\/www.visitgreece.gr\/mainland\/macedonia\/halkidiki\/\" target=\"_blank\" rel=\"noopener\">Chalkidiki<\/a><\/strong>, de belles agglom\u00e9rations et des villes grecques populaires, comme\u00a0<strong><a title=\"Kavala\" href=\"https:\/\/www.visitkavala.gr\/en\/\" target=\"_blank\" rel=\"noopener\">Kavala<\/a><\/strong>,\u00a0<a title=\"Veroia \" href=\"https:\/\/en.discoververia.gr\/\" target=\"_blank\" rel=\"noopener\"><strong>Veroia<\/strong>\u00a0<\/a>et\u00a0<strong><a title=\"Edessa\" href=\"https:\/\/www.visitgreece.gr\/experiences\/nature\/waterfalls\/the-waterfalls-of-edessa\/\" target=\"_blank\" rel=\"noopener\">Edessa<\/a><\/strong>, ne sont qu\u2019\u00e0 une ou deux heures de route.&#13;\n&#13;\nQue vous s\u00e9journiez \u00e0 Thessalonique ou dans une autre station touristique du nord de la Gr\u00e8ce, louer une voiture \u00e0 l\u2019a\u00e9roport de Thessalonique est la meilleure solution pour explorer la r\u00e9gion en toute s\u00e9curit\u00e9 et flexibilit\u00e9. L\u2019a\u00e9roport de Thessalonique est situ\u00e9 \u00e0 l\u2019ext\u00e9rieur de la ville, et de l\u00e0, vous pouvez aller o\u00f9 vous voulez. Nous vous accueillons d\u00e8s votre arriv\u00e9e, pr\u00eats \u00e0 vous aider et \u00e0 vous guider avec des conseils pour un voyage \u00e9tonnant.&#13;\n&#13;\nFaites votre r\u00e9servation en ligne, choisissez la voiture id\u00e9ale pour vous et profitez de nos tarifs bas et de nos offres imbattables !<\/p>&#13;\n","protected":false},"excerpt":{"rendered":"<p>&#13; &#13; \u00a0 &#13; A\u00e9roport de Thessalonique |\u00a0Louer une voiture &#13; &#13; Thessalonique, la deuxi\u00e8me plus grande ville de Gr\u00e8ce, est une destination tr\u00e8s int\u00e9ressante, non seulement pour la ville principale qui vous charmera, mais aussi pour ses environs. Des montagnes \u00e0 couper le souffle, des eaux de mer cristallines, les plages de sable dor\u00e9 [&hellip;]<\/p>\n","protected":false},"author":1,"featured_media":3271,"parent":0,"menu_order":0,"comment_status":"closed","ping_status":"closed","template":"","meta":{"footnotes":""},"class_list":["post-3269","page","type-page","status-publish","has-post-thumbnail","hentry"],"yoast_head":"<!-- This site is optimized with the Yoast SEO Premium plugin v22.3 (Yoast SEO v22.3) - https:\/\/yoast.com\/wordpress\/plugins\/seo\/ -->\n<title>A\u00e9roport de Thessalonique | Location de voitures de ville \u00e0 Thessalonique<\/title>\n<meta name=\"description\" content=\"Explorez l&#039;a\u00e9roport de Thessalonique (SKG) : votre porte d&#039;entr\u00e9e vers le nord de la Gr\u00e8ce avec d&#039;excellentes installations et services. Commencez votre voyage ici !\" \/>\n<meta name=\"robots\" content=\"noindex, follow, max-snippet:-1, max-image-preview:large, max-video-preview:-1\" \/>\n<meta property=\"og:locale\" content=\"fr_FR\" \/>\n<meta property=\"og:type\" content=\"article\" \/>\n<meta property=\"og:title\" content=\"A\u00e9roport de Thessalonique\" \/>\n<meta property=\"og:description\" content=\"Explorez l&#039;a\u00e9roport de Thessalonique (SKG) : votre porte d&#039;entr\u00e9e vers le nord de la Gr\u00e8ce avec d&#039;excellentes installations et services. Commencez votre voyage ici !\" \/>\n<meta property=\"og:url\" content=\"https:\/\/citycars.globaltouchdev.eu\/fr\/aeroport-de-thessalonique\/\" \/>\n<meta property=\"og:site_name\" content=\"City Car Rental\" \/>\n<meta property=\"article:publisher\" content=\"https:\/\/www.facebook.com\/CityCarRentalThessaloniki\" \/>\n<meta property=\"article:modified_time\" content=\"2024-07-10T13:15:12+00:00\" \/>\n<meta property=\"og:image\" content=\"https:\/\/citycars.globaltouchdev.eu\/wp-content\/uploads\/2024\/03\/skg-airport.jpeg\" \/>\n\t<meta property=\"og:image:width\" content=\"960\" \/>\n\t<meta property=\"og:image:height\" content=\"540\" \/>\n\t<meta property=\"og:image:type\" content=\"image\/jpeg\" \/>\n<meta name=\"twitter:card\" content=\"summary_large_image\" \/>\n<meta name=\"twitter:site\" content=\"@CityCarSalonika\" \/>\n<meta name=\"twitter:label1\" content=\"Dur\u00e9e de lecture estim\u00e9e\" \/>\n\t<meta name=\"twitter:data1\" content=\"1 minute\" \/>\n<script type=\"application\/ld+json\" class=\"yoast-schema-graph\">{\"@context\":\"https:\/\/schema.org\",\"@graph\":[{\"@type\":\"WebPage\",\"@id\":\"https:\/\/citycars.globaltouchdev.eu\/fr\/aeroport-de-thessalonique\/\",\"url\":\"https:\/\/citycars.globaltouchdev.eu\/fr\/aeroport-de-thessalonique\/\",\"name\":\"A\u00e9roport de Thessalonique | Location de voitures de ville \u00e0 Thessalonique\",\"isPartOf\":{\"@id\":\"https:\/\/citycars.globaltouchdev.eu\/#website\"},\"primaryImageOfPage\":{\"@id\":\"https:\/\/citycars.globaltouchdev.eu\/fr\/aeroport-de-thessalonique\/#primaryimage\"},\"image\":{\"@id\":\"https:\/\/citycars.globaltouchdev.eu\/fr\/aeroport-de-thessalonique\/#primaryimage\"},\"thumbnailUrl\":\"https:\/\/citycars.globaltouchdev.eu\/wp-content\/uploads\/2024\/03\/skg-airport.jpeg\",\"datePublished\":\"2024-07-10T13:14:59+00:00\",\"dateModified\":\"2024-07-10T13:15:12+00:00\",\"description\":\"Explorez l'a\u00e9roport de Thessalonique (SKG) : votre porte d'entr\u00e9e vers le nord de la Gr\u00e8ce avec d'excellentes installations et services. Commencez votre voyage ici !\",\"breadcrumb\":{\"@id\":\"https:\/\/citycars.globaltouchdev.eu\/fr\/aeroport-de-thessalonique\/#breadcrumb\"},\"inLanguage\":\"fr-FR\",\"potentialAction\":[{\"@type\":\"ReadAction\",\"target\":[\"https:\/\/citycars.globaltouchdev.eu\/fr\/aeroport-de-thessalonique\/\"]}]},{\"@type\":\"ImageObject\",\"inLanguage\":\"fr-FR\",\"@id\":\"https:\/\/citycars.globaltouchdev.eu\/fr\/aeroport-de-thessalonique\/#primaryimage\",\"url\":\"https:\/\/citycars.globaltouchdev.eu\/wp-content\/uploads\/2024\/03\/skg-airport.jpeg\",\"contentUrl\":\"https:\/\/citycars.globaltouchdev.eu\/wp-content\/uploads\/2024\/03\/skg-airport.jpeg\",\"width\":960,\"height\":540},{\"@type\":\"BreadcrumbList\",\"@id\":\"https:\/\/citycars.globaltouchdev.eu\/fr\/aeroport-de-thessalonique\/#breadcrumb\",\"itemListElement\":[{\"@type\":\"ListItem\",\"position\":1,\"name\":\"\u0391\u03c1\u03c7\u03b9\u03ba\u03ae\",\"item\":\"https:\/\/citycars.globaltouchdev.eu\/\"},{\"@type\":\"ListItem\",\"position\":2,\"name\":\"A\u00e9roport de Thessalonique\"}]},{\"@type\":\"WebSite\",\"@id\":\"https:\/\/citycars.globaltouchdev.eu\/#website\",\"url\":\"https:\/\/citycars.globaltouchdev.eu\/\",\"name\":\"\u0395\u03bd\u03bf\u03b9\u03ba\u03b9\u03ac\u03c3\u03b5\u03b9\u03c2 \u0391\u03c5\u03c4\u03bf\u03ba\u03b9\u03bd\u03ae\u03c4\u03c9\u03bd \u0398\u03b5\u03c3\u03c3\u03b1\u03bb\u03bf\u03bd\u03af\u03ba\u03b7 | Rent a Car Thessaloniki | City Car Rental\",\"description\":\"Rent a Car Airport Thessaloniki Greece\",\"publisher\":{\"@id\":\"https:\/\/citycars.globaltouchdev.eu\/#organization\"},\"alternateName\":\"Auto Mieten Thessaloniki Flughafen\",\"potentialAction\":[{\"@type\":\"SearchAction\",\"target\":{\"@type\":\"EntryPoint\",\"urlTemplate\":\"https:\/\/citycars.globaltouchdev.eu\/?s={search_term_string}\"},\"query-input\":\"required name=search_term_string\"}],\"inLanguage\":\"fr-FR\"},{\"@type\":\"Organization\",\"@id\":\"https:\/\/citycars.globaltouchdev.eu\/#organization\",\"name\":\"City Car Rental Thessaloniki | \u0395\u03bd\u03bf\u03b9\u03ba\u03b9\u03ac\u03c3\u03b5\u03b9\u03c2 \u0391\u03c5\u03c4\u03bf\u03ba\u03b9\u03bd\u03ae\u03c4\u03c9\u03bd \u0398\u03b5\u03c3\u03c3\u03b1\u03bb\u03bf\u03bd\u03af\u03ba\u03b7\",\"alternateName\":\"Car Rental Airport Thessaloniki Greece | City Car Rental\",\"url\":\"https:\/\/citycars.globaltouchdev.eu\/\",\"logo\":{\"@type\":\"ImageObject\",\"inLanguage\":\"fr-FR\",\"@id\":\"https:\/\/citycars.globaltouchdev.eu\/#\/schema\/logo\/image\/\",\"url\":\"https:\/\/citycars.globaltouchdev.eu\/wp-content\/uploads\/2021\/03\/logo-landscape.png\",\"contentUrl\":\"https:\/\/citycars.globaltouchdev.eu\/wp-content\/uploads\/2021\/03\/logo-landscape.png\",\"width\":640,\"height\":303,\"caption\":\"City Car Rental Thessaloniki | \u0395\u03bd\u03bf\u03b9\u03ba\u03b9\u03ac\u03c3\u03b5\u03b9\u03c2 \u0391\u03c5\u03c4\u03bf\u03ba\u03b9\u03bd\u03ae\u03c4\u03c9\u03bd \u0398\u03b5\u03c3\u03c3\u03b1\u03bb\u03bf\u03bd\u03af\u03ba\u03b7\"},\"image\":{\"@id\":\"https:\/\/citycars.globaltouchdev.eu\/#\/schema\/logo\/image\/\"},\"sameAs\":[\"https:\/\/www.facebook.com\/CityCarRentalThessaloniki\",\"https:\/\/twitter.com\/CityCarSalonika\",\"https:\/\/mastodon.social\/@Citycars\",\"https:\/\/www.instagram.com\/city_car_rental_thess\/\",\"https:\/\/www.youtube.com\/watch?v=Duixnt_tgZ8&ab_channel=AlexandrosTsapournias\",\"https:\/\/www.tripadvisor.com\/Attraction_Review-g189473-d23048607-Reviews-City_Car_Rental-Thessaloniki_Thessaloniki_Region_Central_Macedonia.html\"],\"description\":\"Car Rental Company in Thessaloniki Greece\",\"email\":\"rentacar@citycars.gr\",\"telephone\":\"+302310202029\",\"foundingDate\":\"2013-11-13\",\"vatID\":\"EL801704863\",\"numberOfEmployees\":{\"@type\":\"QuantitativeValue\",\"minValue\":\"1\",\"maxValue\":\"10\"}}]}<\/script>\n<!-- \/ Yoast SEO Premium plugin. -->","yoast_head_json":{"title":"A\u00e9roport de Thessalonique | Location de voitures de ville \u00e0 Thessalonique","description":"Explorez l'a\u00e9roport de Thessalonique (SKG) : votre porte d'entr\u00e9e vers le nord de la Gr\u00e8ce avec d'excellentes installations et services. Commencez votre voyage ici !","robots":{"index":"noindex","follow":"follow","max-snippet":"max-snippet:-1","max-image-preview":"max-image-preview:large","max-video-preview":"max-video-preview:-1"},"og_locale":"fr_FR","og_type":"article","og_title":"A\u00e9roport de Thessalonique","og_description":"Explorez l'a\u00e9roport de Thessalonique (SKG) : votre porte d'entr\u00e9e vers le nord de la Gr\u00e8ce avec d'excellentes installations et services. Commencez votre voyage ici !","og_url":"https:\/\/citycars.globaltouchdev.eu\/fr\/aeroport-de-thessalonique\/","og_site_name":"City Car Rental","article_publisher":"https:\/\/www.facebook.com\/CityCarRentalThessaloniki","article_modified_time":"2024-07-10T13:15:12+00:00","og_image":[{"width":960,"height":540,"url":"https:\/\/citycars.globaltouchdev.eu\/wp-content\/uploads\/2024\/03\/skg-airport.jpeg","type":"image\/jpeg"}],"twitter_card":"summary_large_image","twitter_site":"@CityCarSalonika","twitter_misc":{"Dur\u00e9e de lecture estim\u00e9e":"1 minute"},"schema":{"@context":"https:\/\/schema.org","@graph":[{"@type":"WebPage","@id":"https:\/\/citycars.globaltouchdev.eu\/fr\/aeroport-de-thessalonique\/","url":"https:\/\/citycars.globaltouchdev.eu\/fr\/aeroport-de-thessalonique\/","name":"A\u00e9roport de Thessalonique | Location de voitures de ville \u00e0 Thessalonique","isPartOf":{"@id":"https:\/\/citycars.globaltouchdev.eu\/#website"},"primaryImageOfPage":{"@id":"https:\/\/citycars.globaltouchdev.eu\/fr\/aeroport-de-thessalonique\/#primaryimage"},"image":{"@id":"https:\/\/citycars.globaltouchdev.eu\/fr\/aeroport-de-thessalonique\/#primaryimage"},"thumbnailUrl":"https:\/\/citycars.globaltouchdev.eu\/wp-content\/uploads\/2024\/03\/skg-airport.jpeg","datePublished":"2024-07-10T13:14:59+00:00","dateModified":"2024-07-10T13:15:12+00:00","description":"Explorez l'a\u00e9roport de Thessalonique (SKG) : votre porte d'entr\u00e9e vers le nord de la Gr\u00e8ce avec d'excellentes installations et services. Commencez votre voyage ici !","breadcrumb":{"@id":"https:\/\/citycars.globaltouchdev.eu\/fr\/aeroport-de-thessalonique\/#breadcrumb"},"inLanguage":"fr-FR","potentialAction":[{"@type":"ReadAction","target":["https:\/\/citycars.globaltouchdev.eu\/fr\/aeroport-de-thessalonique\/"]}]},{"@type":"ImageObject","inLanguage":"fr-FR","@id":"https:\/\/citycars.globaltouchdev.eu\/fr\/aeroport-de-thessalonique\/#primaryimage","url":"https:\/\/citycars.globaltouchdev.eu\/wp-content\/uploads\/2024\/03\/skg-airport.jpeg","contentUrl":"https:\/\/citycars.globaltouchdev.eu\/wp-content\/uploads\/2024\/03\/skg-airport.jpeg","width":960,"height":540},{"@type":"BreadcrumbList","@id":"https:\/\/citycars.globaltouchdev.eu\/fr\/aeroport-de-thessalonique\/#breadcrumb","itemListElement":[{"@type":"ListItem","position":1,"name":"\u0391\u03c1\u03c7\u03b9\u03ba\u03ae","item":"https:\/\/citycars.globaltouchdev.eu\/"},{"@type":"ListItem","position":2,"name":"A\u00e9roport de Thessalonique"}]},{"@type":"WebSite","@id":"https:\/\/citycars.globaltouchdev.eu\/#website","url":"https:\/\/citycars.globaltouchdev.eu\/","name":"\u0395\u03bd\u03bf\u03b9\u03ba\u03b9\u03ac\u03c3\u03b5\u03b9\u03c2 \u0391\u03c5\u03c4\u03bf\u03ba\u03b9\u03bd\u03ae\u03c4\u03c9\u03bd \u0398\u03b5\u03c3\u03c3\u03b1\u03bb\u03bf\u03bd\u03af\u03ba\u03b7 | Rent a Car Thessaloniki | City Car Rental","description":"Rent a Car Airport Thessaloniki Greece","publisher":{"@id":"https:\/\/citycars.globaltouchdev.eu\/#organization"},"alternateName":"Auto Mieten Thessaloniki Flughafen","potentialAction":[{"@type":"SearchAction","target":{"@type":"EntryPoint","urlTemplate":"https:\/\/citycars.globaltouchdev.eu\/?s={search_term_string}"},"query-input":"required name=search_term_string"}],"inLanguage":"fr-FR"},{"@type":"Organization","@id":"https:\/\/citycars.globaltouchdev.eu\/#organization","name":"City Car Rental Thessaloniki | \u0395\u03bd\u03bf\u03b9\u03ba\u03b9\u03ac\u03c3\u03b5\u03b9\u03c2 \u0391\u03c5\u03c4\u03bf\u03ba\u03b9\u03bd\u03ae\u03c4\u03c9\u03bd \u0398\u03b5\u03c3\u03c3\u03b1\u03bb\u03bf\u03bd\u03af\u03ba\u03b7","alternateName":"Car Rental Airport Thessaloniki Greece | City Car Rental","url":"https:\/\/citycars.globaltouchdev.eu\/","logo":{"@type":"ImageObject","inLanguage":"fr-FR","@id":"https:\/\/citycars.globaltouchdev.eu\/#\/schema\/logo\/image\/","url":"https:\/\/citycars.globaltouchdev.eu\/wp-content\/uploads\/2021\/03\/logo-landscape.png","contentUrl":"https:\/\/citycars.globaltouchdev.eu\/wp-content\/uploads\/2021\/03\/logo-landscape.png","width":640,"height":303,"caption":"City Car Rental Thessaloniki | \u0395\u03bd\u03bf\u03b9\u03ba\u03b9\u03ac\u03c3\u03b5\u03b9\u03c2 \u0391\u03c5\u03c4\u03bf\u03ba\u03b9\u03bd\u03ae\u03c4\u03c9\u03bd \u0398\u03b5\u03c3\u03c3\u03b1\u03bb\u03bf\u03bd\u03af\u03ba\u03b7"},"image":{"@id":"https:\/\/citycars.globaltouchdev.eu\/#\/schema\/logo\/image\/"},"sameAs":["https:\/\/www.facebook.com\/CityCarRentalThessaloniki","https:\/\/twitter.com\/CityCarSalonika","https:\/\/mastodon.social\/@Citycars","https:\/\/www.instagram.com\/city_car_rental_thess\/","https:\/\/www.youtube.com\/watch?v=Duixnt_tgZ8&ab_channel=AlexandrosTsapournias","https:\/\/www.tripadvisor.com\/Attraction_Review-g189473-d23048607-Reviews-City_Car_Rental-Thessaloniki_Thessaloniki_Region_Central_Macedonia.html"],"description":"Car Rental Company in Thessaloniki Greece","email":"rentacar@citycars.gr","telephone":"+302310202029","foundingDate":"2013-11-13","vatID":"EL801704863","numberOfEmployees":{"@type":"QuantitativeValue","minValue":"1","maxValue":"10"}}]}},"_links":{"self":[{"href":"https:\/\/citycars.globaltouchdev.eu\/fr\/wp-json\/wp\/v2\/pages\/3269","targetHints":{"allow":["GET"]}}],"collection":[{"href":"https:\/\/citycars.globaltouchdev.eu\/fr\/wp-json\/wp\/v2\/pages"}],"about":[{"href":"https:\/\/citycars.globaltouchdev.eu\/fr\/wp-json\/wp\/v2\/types\/page"}],"author":[{"embeddable":true,"href":"https:\/\/citycars.globaltouchdev.eu\/fr\/wp-json\/wp\/v2\/users\/1"}],"replies":[{"embeddable":true,"href":"https:\/\/citycars.globaltouchdev.eu\/fr\/wp-json\/wp\/v2\/comments?post=3269"}],"version-history":[{"count":1,"href":"https:\/\/citycars.globaltouchdev.eu\/fr\/wp-json\/wp\/v2\/pages\/3269\/revisions"}],"predecessor-version":[{"id":3272,"href":"https:\/\/citycars.globaltouchdev.eu\/fr\/wp-json\/wp\/v2\/pages\/3269\/revisions\/3272"}],"wp:featuredmedia":[{"embeddable":true,"href":"https:\/\/citycars.globaltouchdev.eu\/fr\/wp-json\/wp\/v2\/media\/3271"}],"wp:attachment":[{"href":"https:\/\/citycars.globaltouchdev.eu\/fr\/wp-json\/wp\/v2\/media?parent=3269"}],"curies":[{"name":"wp","href":"https:\/\/api.w.org\/{rel}","templated":true}]}}