{"id":3675,"date":"2024-07-17T14:04:08","date_gmt":"2024-07-17T11:04:08","guid":{"rendered":"https:\/\/citycars.globaltouchdev.eu\/bedingungen-fuer-die-nutzung\/"},"modified":"2024-07-17T14:04:44","modified_gmt":"2024-07-17T11:04:44","slug":"bedingungen-fuer-die-nutzung","status":"publish","type":"page","link":"https:\/\/citycars.globaltouchdev.eu\/de\/bedingungen-fuer-die-nutzung\/","title":{"rendered":"Bedingungen f\u00fcr die Nutzung"},"content":{"rendered":"&#13;\n<h2 class=\"wp-block-heading\">1. Besondere Daten &#8211; Informationen<\/h2>&#13;\n&#13;\n<p>Diese Website (\u201eWebsite\u201c) ist Eigentum eines Unternehmens namens \u201eCity Car Rental Thessaloniki\u201c (www.citycars.gr).<\/p>&#13;\n&#13;\n<p><strong>T\u00e4tigkeit des Unternehmens:<\/strong> Autovermietung&#13;\n<strong>Hauptsitz des Unternehmens:<\/strong> Doirani 38 Thessaloniki Griechenland 546 38&#13;\n<strong>E-Mail:<\/strong> info@citycars.gr&#13;\n<strong>Telefon:<\/strong> (+30) 2310202029<\/p>&#13;\n&#13;\n<p>Bevor Sie die Website nutzen, lesen Sie sie bitte sorgf\u00e4ltig durch und vergewissern Sie sich, dass Sie diese Bestimmungen, Regeln, Erkl\u00e4rungen und Vorschriften verstanden haben und ihnen zustimmen, da Ihre fortgesetzte Nutzung der Website und Ihre Navigation auf der Website Ihre ausdr\u00fcckliche und nicht nur vor\u00fcbergehende Zustimmung und Akzeptanz voraussetzt.<\/p>&#13;\n&#13;\n<h2 class=\"wp-block-heading\">2. Bereitgestellte Informationen und Waren<\/h2>&#13;\n&#13;\n<p>Das Unternehmen garantiert die Qualit\u00e4t, Vollst\u00e4ndigkeit und G\u00fcltigkeit der auf der Website bereitgestellten Informationen sowie die wesentlichen Eigenschaften der Produkte auf der Website und die Richtigkeit der Angaben zu den angebotenen Dienstleistungen. Das Unternehmen haftet nach bestem Wissen und Gewissen nicht f\u00fcr technische oder typografische Fehler, die unbeabsichtigt oder aufgrund der Unterbrechung des Dienstes auf der Website durch h\u00f6here Gewalt entstanden sein k\u00f6nnten.&#13;\nF\u00fcr den Kauf von Waren bietet das Unternehmen die Kreditkarte als Zahlungsmethode an.<\/p>&#13;\n&#13;\n<h2 class=\"wp-block-heading\">3. Beschr\u00e4nkte Haftung<\/h2>&#13;\n&#13;\n<p>HAFTET DAS UNTERNEHMEN NICHT F\u00dcR DIREKTE, INDIREKTE, BESONDERE, PERS\u00d6NLICHE, VERTRAULICHE, EXEMPLARISCHE ODER ABGELEITETE SCH\u00c4DEN ODER F\u00dcR SCH\u00c4DEN JEGLICHER ART, AUCH WENN SIE VOR DER AUSSCHLIESSLICHEN NUTZUNG, DER F\u00c4HIGKEIT ZUR NUTZUNG ODER DER LEISTUNG DER INFORMATIONEN, DIENSTLEISTUNGEN, PRODUKTE UND MATERIALIEN, DIE AUF DIESER SITE VERF\u00dcGBAR SIND, ENTSTANDEN SIND.&#13;\nSollte die vorstehende Haftungsbeschr\u00e4nkung nicht anwendbar sein, haftet das Unternehmen nur f\u00fcr einen wesentlichen Mangel an Sorgfalt im Falle einer Verz\u00f6gerung bei der Lieferung von bestellten Produkten oder Informationen und Dienstleistungen, die \u00fcber die Website bereitgestellt werden. Die maximale Haftung des Unternehmens im Rahmen, aus oder in Verbindung mit der Lieferung der Produkte gem\u00e4\u00df diesen Bedingungen, ob aus Vertrag, unerlaubter Handlung (einschlie\u00dflich Fahrl\u00e4ssigkeit) oder anderweitig, \u00fcbersteigt nicht den tats\u00e4chlichen Betrag, den der Kunde an das Unternehmen gezahlt hat.&#13;\nDar\u00fcber hinaus kann das Unternehmen keine Garantie f\u00fcr die Verf\u00fcgbarkeit der aufgef\u00fchrten Produkte \u00fcbernehmen. Es garantiert jedoch, seine Kunden rechtzeitig \u00fcber die Nichtverf\u00fcgbarkeit von Produkten zu informieren.<\/p>&#13;\n&#13;\n<p>Das Unternehmen haftet nicht f\u00fcr technische Probleme, auf die Nutzer beim Zugriff auf die Website oder beim Surfen auf der Website sto\u00dfen k\u00f6nnen und die mit der Leistung oder Kompatibilit\u00e4t ihrer eigenen Infrastruktur mit der Website zusammenh\u00e4ngen. Dar\u00fcber hinaus haftet das Unternehmen nicht f\u00fcr Handlungen oder Unterlassungen Dritter, insbesondere nicht f\u00fcr unzul\u00e4ssige Eingriffe Dritter in die \u00fcber die Plattform des Unternehmens angebotenen Produkte\/Dienstleistungen und\/oder Informationen. Sofern die aktuelle Website Links zu Websites Dritter enth\u00e4lt, haftet das Unternehmen nicht f\u00fcr den Inhalt dieser Websites oder f\u00fcr Sch\u00e4den, die dem Nutzer durch diese Websites entstehen.&#13;\nEinige Gerichtsbarkeiten lassen die Beschr\u00e4nkung oder den Ausschluss der Haftung f\u00fcr bestimmte Sch\u00e4den nicht zu, so dass die oben genannten Beschr\u00e4nkungen und Ausschl\u00fcsse m\u00f6glicherweise nicht auf Sie zutreffen, soweit das Recht dieser Gerichtsbarkeit auf diese Bedingungen anwendbar ist.<\/p>&#13;\n&#13;\n<h2 class=\"wp-block-heading\">4. Pflichten der Nutzer<\/h2>&#13;\n&#13;\n<p>Sofern nicht anders angegeben, ist die Website nur f\u00fcr den pers\u00f6nlichen und nichtkommerziellen Gebrauch bestimmt. Es ist nicht gestattet, Texte, Illustrationen, Logos oder Mitteilungen\/Nachrichten, die auf der Website erscheinen, zu ver\u00e4ndern, zu kopieren, zu verteilen, zu \u00fcbertragen, auszustellen, vorzuf\u00fchren, zu reproduzieren, zu ver\u00f6ffentlichen, zu lizenzieren, abgeleitete Werke davon zu erstellen, zu \u00fcbertragen oder zu verkaufen, einschlie\u00dflich, aber nicht beschr\u00e4nkt auf Texte, Grafiken, Fotos, Bilder, Bilder, Animationen, Ton, Informationen, Software, Produkte oder Dienstleistungen und deren Einstellungen (\u201eInhalte\u201c), es sei denn, dies ist hier ausdr\u00fccklich gestattet. Die Nutzer der Website erkl\u00e4ren sich damit einverstanden und verpflichten sich, die Website des Unternehmens nicht zu nutzen, um ungesetzliche, sch\u00e4dliche, bedrohliche, rassistische, missbr\u00e4uchliche, beleidigende, bel\u00e4stigende, verleumderische, diffamierende, obsz\u00f6ne, vulg\u00e4re, unmoralische oder jugendgef\u00e4hrdende Inhalte hochzuladen, zu \u00fcbertragen, zu posten oder anderweitig zu \u00fcbermitteln. Dar\u00fcber hinaus darf der Besuch der Website und das T\u00e4tigen von Transaktionen \u00fcber die Website nur f\u00fcr den pers\u00f6nlichen und privaten Gebrauch, ausschlie\u00dflich f\u00fcr legale Zwecke und in einer Art und Weise erfolgen, die die Nutzung der Website durch Dritte nicht einschr\u00e4nkt oder verhindert. Sie verpflichten sich, keine Produktbeschreibungen, Bilder, Auflistungen oder Preise zu sammeln und\/oder zu verwenden, au\u00dfer f\u00fcr Ihren eigenen pers\u00f6nlichen, nicht-kommerziellen Gebrauch oder um eine Bestellung bei uns aufzugeben.&#13;\n&#13;\nDer Nutzer verpflichtet sich, die Website in \u00dcbereinstimmung mit dem Gesetz und den geltenden Bedingungen zu nutzen und keine Handlungen oder Unterlassungen vorzunehmen, die der Website Schaden zuf\u00fcgen, die Leistung beeintr\u00e4chtigen oder die Erbringung der Dienstleistungen gef\u00e4hrden k\u00f6nnten.<\/p>&#13;\n&#13;\n<h2 class=\"wp-block-heading\">5. Unser Logo und andere Inhalte auf unserer Website<\/h2>&#13;\n&#13;\n<p>Fragen Sie uns, bevor Sie es verwenden!&#13;\nDas Logo unseres Unternehmens sowie andere auf der Website angezeigte Inhalte k\u00f6nnen Gegenstand von Rechten an geistigem Eigentum sein und d\u00fcrfen ohne unsere vorherige schriftliche Zustimmung nicht f\u00fcr andere Zwecke verwendet werden.<\/p>&#13;\n&#13;\n<h2 class=\"wp-block-heading\">6. Datenschutz und Datenschutzpolitik<\/h2>&#13;\n&#13;\n<p>Der Nutzer und das Unternehmen halten bei der Erf\u00fcllung ihrer in diesen Bedingungen festgelegten Verpflichtungen alle geltenden Datenschutzgesetze und -vorschriften ein, einschlie\u00dflich der EU-Datenschutzgrundverordnung 2016\/679 (\u201eGDPR\u201c) (\u201eDatenschutzgesetze\u201c), jeweils einschlie\u00dflich aller anderen Nachfolgegesetze und -vorschriften.&#13;\nDas Unternehmen verarbeitet personenbezogene Daten (gem\u00e4\u00df der Definition dieses Begriffs in den Datenschutzgesetzen), die es als f\u00fcr die Datenverarbeitung Verantwortlicher (gem\u00e4\u00df der Definition dieses Begriffs in den Datenschutzgesetzen) im Rahmen der Erbringung der Dienstleistungen erhebt. Wenn Daten durch das Unternehmen als Datenverantwortlicher verarbeitet werden, erfolgt diese Verarbeitung in \u00dcbereinstimmung mit den Datenschutz- und Cookie-Hinweisen des Unternehmens.&#13;\nKlicken Sie auf die Datenschutzrichtlinie (Hyperlink hier) oder die Cookie-Richtlinie (Hyperlink hier), wenn Sie mehr erfahren m\u00f6chten.<\/p>&#13;\n&#13;\n<h2 class=\"wp-block-heading\">7. Geltende Gesetze<\/h2>&#13;\n&#13;\n<p>Soweit gesetzlich zul\u00e4ssig, unterliegen die Bedingungen in jeder Hinsicht den materiellen Gesetzen Griechenlands und sind nach diesen auszulegen. Sie erkl\u00e4ren sich damit einverstanden, dass alle Streitigkeiten, die sich direkt oder indirekt aus den Bedingungen oder der Website ergeben (einschlie\u00dflich des Kaufs von Produkten des Unternehmens \u00fcber die Website), ausschlie\u00dflich vor den Gerichten Griechenlands ausgetragen werden, es sei denn, dies ist hierin vorgesehen. Sie erkl\u00e4ren sich hiermit unwiderruflich mit diesem Gerichtsstand und der ausschlie\u00dflichen Zust\u00e4ndigkeit eines solchen Gerichts f\u00fcr derartige Streitigkeiten einverstanden.<\/p>&#13;\n&#13;\n<h2 class=\"wp-block-heading\">8. \u00c4nderung des Inhalts der Website und der Nutzungsbedingungen<\/h2>&#13;\n&#13;\n<p>Das Unternehmen beh\u00e4lt sich das Recht vor, den Inhalt der Website jederzeit und ohne vorherige Benachrichtigung der Nutzer zu \u00e4ndern.&#13;\nWir k\u00f6nnen diese Bedingungen auch jederzeit \u00e4ndern, indem wir die ge\u00e4nderten Bedingungen auf der Website ver\u00f6ffentlichen. Unser Recht, die Bedingungen zu \u00e4ndern, schlie\u00dft das Recht ein, Bedingungen zu \u00e4ndern, hinzuzuf\u00fcgen oder zu entfernen. Das Unternehmen benachrichtigt die Nutzer \u00fcber die aktuelle Website, wenn es eine \u00c4nderung der Transaktionsbedingungen gibt. Jegliche Modifikation oder \u00c4nderung hat keine Auswirkungen auf bereits erteilte Auftr\u00e4ge und gilt nicht f\u00fcr diese. Die Besucher\/Nutzer verpflichten sich, nach Treu und Glauben und in fairer Weise zu handeln, und sind daf\u00fcr verantwortlich, regelm\u00e4\u00dfig zu \u00fcberpr\u00fcfen, ob diese Nutzungsbedingungen ge\u00e4ndert wurden, wenn sie die Website erneut besuchen. Ein fortgesetzter Zugang oder eine fortgesetzte Nutzung unserer Dienste gilt als Zustimmung zu den ge\u00e4nderten Bedingungen. Die Nutzungsbedingungen f\u00fcr die Website und die \u00fcber sie abgewickelten Transaktionen stehen nicht im Widerspruch zu den Bestimmungen der zwingenden Gesetze Griechenlands.<\/p>&#13;\n&#13;\n<h2 class=\"wp-block-heading\">9. Trennung<\/h2>&#13;\n&#13;\n<p>Sollten ein oder mehrere Abschnitte dieser Bedingungen f\u00fcr ung\u00fcltig, rechtswidrig, nicht durchsetzbar oder gesetzeswidrig erkl\u00e4rt werden, so ber\u00fchrt dies in keiner Weise die Durchsetzbarkeit der \u00fcbrigen Abschnitte.<\/p>&#13;\n&#13;\n<h2 class=\"wp-block-heading\">10. Kontakt<\/h2>&#13;\n&#13;\n<p>Wenn diese Bedingungen Ihre Frage nicht beantworten oder wenn Sie ein Problem mit der Website oder ihrem Inhalt melden m\u00f6chten, kontaktieren Sie uns bitte wie folgt:<\/p>&#13;\n&#13;\n<p><strong>Per Post:<\/strong>&#13;\nDoirani-Stra\u00dfe 38, Thessaloniki, Griechenland, 546 38<\/p>&#13;\n&#13;\n<p><strong>E-Mail:<\/strong> &#13;\nBitte schreiben Sie uns an info@citycars.gr.<\/p>&#13;\n&#13;\n<p><strong>Telefon:<\/strong> +302310202029<\/p>&#13;\n","protected":false},"excerpt":{"rendered":"<p>&#13; 1. Besondere Daten &#8211; Informationen &#13; &#13; Diese Website (\u201eWebsite\u201c) ist Eigentum eines Unternehmens namens \u201eCity Car Rental Thessaloniki\u201c (www.citycars.gr). &#13; &#13; T\u00e4tigkeit des Unternehmens: Autovermietung&#13; Hauptsitz des Unternehmens: Doirani 38 Thessaloniki Griechenland 546 38&#13; E-Mail: info@citycars.gr&#13; Telefon: (+30) 2310202029 &#13; &#13; Bevor Sie die Website nutzen, lesen Sie sie bitte sorgf\u00e4ltig durch und [&hellip;]<\/p>\n","protected":false},"author":1,"featured_media":0,"parent":0,"menu_order":0,"comment_status":"closed","ping_status":"closed","template":"","meta":{"footnotes":""},"class_list":["post-3675","page","type-page","status-publish","hentry"],"yoast_head":"<!-- This site is optimized with the Yoast SEO Premium plugin v22.3 (Yoast SEO v22.3) - https:\/\/yoast.com\/wordpress\/plugins\/seo\/ -->\n<title>Ausgezeichnete Kundenbetreuung durch City Car Rental Thessaloniki<\/title>\n<meta name=\"description\" content=\"Ausgezeichnete Kundenbetreuung durch City Car Rental Thessaloniki\" \/>\n<meta name=\"robots\" content=\"noindex, follow, max-snippet:-1, max-image-preview:large, max-video-preview:-1\" \/>\n<meta property=\"og:locale\" content=\"de_DE\" \/>\n<meta property=\"og:type\" content=\"article\" \/>\n<meta property=\"og:title\" content=\"Bedingungen f\u00fcr die Nutzung\" \/>\n<meta property=\"og:description\" content=\"Ausgezeichnete Kundenbetreuung durch City Car Rental Thessaloniki\" \/>\n<meta property=\"og:url\" content=\"https:\/\/citycars.globaltouchdev.eu\/de\/bedingungen-fuer-die-nutzung\/\" \/>\n<meta property=\"og:site_name\" content=\"City Car Rental\" \/>\n<meta property=\"article:publisher\" content=\"https:\/\/www.facebook.com\/CityCarRentalThessaloniki\" \/>\n<meta property=\"article:modified_time\" content=\"2024-07-17T11:04:44+00:00\" \/>\n<meta property=\"og:image\" content=\"https:\/\/citycars.globaltouchdev.eu\/wp-content\/uploads\/2022\/10\/Logo-250x250-1.png\" \/>\n\t<meta property=\"og:image:width\" content=\"250\" \/>\n\t<meta property=\"og:image:height\" content=\"250\" \/>\n\t<meta property=\"og:image:type\" content=\"image\/png\" \/>\n<meta name=\"twitter:card\" content=\"summary_large_image\" \/>\n<meta name=\"twitter:site\" content=\"@CityCarSalonika\" \/>\n<meta name=\"twitter:label1\" content=\"Gesch\u00e4tzte Lesezeit\" \/>\n\t<meta name=\"twitter:data1\" content=\"6\u00a0Minuten\" \/>\n<script type=\"application\/ld+json\" class=\"yoast-schema-graph\">{\"@context\":\"https:\/\/schema.org\",\"@graph\":[{\"@type\":\"WebPage\",\"@id\":\"https:\/\/citycars.globaltouchdev.eu\/de\/bedingungen-fuer-die-nutzung\/\",\"url\":\"https:\/\/citycars.globaltouchdev.eu\/de\/bedingungen-fuer-die-nutzung\/\",\"name\":\"Ausgezeichnete Kundenbetreuung durch City Car Rental Thessaloniki\",\"isPartOf\":{\"@id\":\"https:\/\/citycars.globaltouchdev.eu\/#website\"},\"datePublished\":\"2024-07-17T11:04:08+00:00\",\"dateModified\":\"2024-07-17T11:04:44+00:00\",\"description\":\"Ausgezeichnete Kundenbetreuung durch City Car Rental Thessaloniki\",\"breadcrumb\":{\"@id\":\"https:\/\/citycars.globaltouchdev.eu\/de\/bedingungen-fuer-die-nutzung\/#breadcrumb\"},\"inLanguage\":\"de\",\"potentialAction\":[{\"@type\":\"ReadAction\",\"target\":[\"https:\/\/citycars.globaltouchdev.eu\/de\/bedingungen-fuer-die-nutzung\/\"]}]},{\"@type\":\"BreadcrumbList\",\"@id\":\"https:\/\/citycars.globaltouchdev.eu\/de\/bedingungen-fuer-die-nutzung\/#breadcrumb\",\"itemListElement\":[{\"@type\":\"ListItem\",\"position\":1,\"name\":\"\u0391\u03c1\u03c7\u03b9\u03ba\u03ae\",\"item\":\"https:\/\/citycars.globaltouchdev.eu\/\"},{\"@type\":\"ListItem\",\"position\":2,\"name\":\"Bedingungen f\u00fcr die Nutzung\"}]},{\"@type\":\"WebSite\",\"@id\":\"https:\/\/citycars.globaltouchdev.eu\/#website\",\"url\":\"https:\/\/citycars.globaltouchdev.eu\/\",\"name\":\"\u0395\u03bd\u03bf\u03b9\u03ba\u03b9\u03ac\u03c3\u03b5\u03b9\u03c2 \u0391\u03c5\u03c4\u03bf\u03ba\u03b9\u03bd\u03ae\u03c4\u03c9\u03bd \u0398\u03b5\u03c3\u03c3\u03b1\u03bb\u03bf\u03bd\u03af\u03ba\u03b7 | Rent a Car Thessaloniki | City Car Rental\",\"description\":\"Rent a Car Airport Thessaloniki Greece\",\"publisher\":{\"@id\":\"https:\/\/citycars.globaltouchdev.eu\/#organization\"},\"alternateName\":\"Auto Mieten Thessaloniki Flughafen\",\"potentialAction\":[{\"@type\":\"SearchAction\",\"target\":{\"@type\":\"EntryPoint\",\"urlTemplate\":\"https:\/\/citycars.globaltouchdev.eu\/?s={search_term_string}\"},\"query-input\":\"required name=search_term_string\"}],\"inLanguage\":\"de\"},{\"@type\":\"Organization\",\"@id\":\"https:\/\/citycars.globaltouchdev.eu\/#organization\",\"name\":\"City Car Rental Thessaloniki | \u0395\u03bd\u03bf\u03b9\u03ba\u03b9\u03ac\u03c3\u03b5\u03b9\u03c2 \u0391\u03c5\u03c4\u03bf\u03ba\u03b9\u03bd\u03ae\u03c4\u03c9\u03bd \u0398\u03b5\u03c3\u03c3\u03b1\u03bb\u03bf\u03bd\u03af\u03ba\u03b7\",\"alternateName\":\"Car Rental Airport Thessaloniki Greece | City Car Rental\",\"url\":\"https:\/\/citycars.globaltouchdev.eu\/\",\"logo\":{\"@type\":\"ImageObject\",\"inLanguage\":\"de\",\"@id\":\"https:\/\/citycars.globaltouchdev.eu\/#\/schema\/logo\/image\/\",\"url\":\"https:\/\/citycars.globaltouchdev.eu\/wp-content\/uploads\/2021\/03\/logo-landscape.png\",\"contentUrl\":\"https:\/\/citycars.globaltouchdev.eu\/wp-content\/uploads\/2021\/03\/logo-landscape.png\",\"width\":640,\"height\":303,\"caption\":\"City Car Rental Thessaloniki | \u0395\u03bd\u03bf\u03b9\u03ba\u03b9\u03ac\u03c3\u03b5\u03b9\u03c2 \u0391\u03c5\u03c4\u03bf\u03ba\u03b9\u03bd\u03ae\u03c4\u03c9\u03bd \u0398\u03b5\u03c3\u03c3\u03b1\u03bb\u03bf\u03bd\u03af\u03ba\u03b7\"},\"image\":{\"@id\":\"https:\/\/citycars.globaltouchdev.eu\/#\/schema\/logo\/image\/\"},\"sameAs\":[\"https:\/\/www.facebook.com\/CityCarRentalThessaloniki\",\"https:\/\/twitter.com\/CityCarSalonika\",\"https:\/\/mastodon.social\/@Citycars\",\"https:\/\/www.instagram.com\/city_car_rental_thess\/\",\"https:\/\/www.youtube.com\/watch?v=Duixnt_tgZ8&ab_channel=AlexandrosTsapournias\",\"https:\/\/www.tripadvisor.com\/Attraction_Review-g189473-d23048607-Reviews-City_Car_Rental-Thessaloniki_Thessaloniki_Region_Central_Macedonia.html\"],\"description\":\"Car Rental Company in Thessaloniki Greece\",\"email\":\"rentacar@citycars.gr\",\"telephone\":\"+302310202029\",\"foundingDate\":\"2013-11-13\",\"vatID\":\"EL801704863\",\"numberOfEmployees\":{\"@type\":\"QuantitativeValue\",\"minValue\":\"1\",\"maxValue\":\"10\"}}]}<\/script>\n<!-- \/ Yoast SEO Premium plugin. -->","yoast_head_json":{"title":"Ausgezeichnete Kundenbetreuung durch City Car Rental Thessaloniki","description":"Ausgezeichnete Kundenbetreuung durch City Car Rental Thessaloniki","robots":{"index":"noindex","follow":"follow","max-snippet":"max-snippet:-1","max-image-preview":"max-image-preview:large","max-video-preview":"max-video-preview:-1"},"og_locale":"de_DE","og_type":"article","og_title":"Bedingungen f\u00fcr die Nutzung","og_description":"Ausgezeichnete Kundenbetreuung durch City Car Rental Thessaloniki","og_url":"https:\/\/citycars.globaltouchdev.eu\/de\/bedingungen-fuer-die-nutzung\/","og_site_name":"City Car Rental","article_publisher":"https:\/\/www.facebook.com\/CityCarRentalThessaloniki","article_modified_time":"2024-07-17T11:04:44+00:00","og_image":[{"width":250,"height":250,"url":"https:\/\/citycars.globaltouchdev.eu\/wp-content\/uploads\/2022\/10\/Logo-250x250-1.png","type":"image\/png"}],"twitter_card":"summary_large_image","twitter_site":"@CityCarSalonika","twitter_misc":{"Gesch\u00e4tzte Lesezeit":"6\u00a0Minuten"},"schema":{"@context":"https:\/\/schema.org","@graph":[{"@type":"WebPage","@id":"https:\/\/citycars.globaltouchdev.eu\/de\/bedingungen-fuer-die-nutzung\/","url":"https:\/\/citycars.globaltouchdev.eu\/de\/bedingungen-fuer-die-nutzung\/","name":"Ausgezeichnete Kundenbetreuung durch City Car Rental Thessaloniki","isPartOf":{"@id":"https:\/\/citycars.globaltouchdev.eu\/#website"},"datePublished":"2024-07-17T11:04:08+00:00","dateModified":"2024-07-17T11:04:44+00:00","description":"Ausgezeichnete Kundenbetreuung durch City Car Rental Thessaloniki","breadcrumb":{"@id":"https:\/\/citycars.globaltouchdev.eu\/de\/bedingungen-fuer-die-nutzung\/#breadcrumb"},"inLanguage":"de","potentialAction":[{"@type":"ReadAction","target":["https:\/\/citycars.globaltouchdev.eu\/de\/bedingungen-fuer-die-nutzung\/"]}]},{"@type":"BreadcrumbList","@id":"https:\/\/citycars.globaltouchdev.eu\/de\/bedingungen-fuer-die-nutzung\/#breadcrumb","itemListElement":[{"@type":"ListItem","position":1,"name":"\u0391\u03c1\u03c7\u03b9\u03ba\u03ae","item":"https:\/\/citycars.globaltouchdev.eu\/"},{"@type":"ListItem","position":2,"name":"Bedingungen f\u00fcr die Nutzung"}]},{"@type":"WebSite","@id":"https:\/\/citycars.globaltouchdev.eu\/#website","url":"https:\/\/citycars.globaltouchdev.eu\/","name":"\u0395\u03bd\u03bf\u03b9\u03ba\u03b9\u03ac\u03c3\u03b5\u03b9\u03c2 \u0391\u03c5\u03c4\u03bf\u03ba\u03b9\u03bd\u03ae\u03c4\u03c9\u03bd \u0398\u03b5\u03c3\u03c3\u03b1\u03bb\u03bf\u03bd\u03af\u03ba\u03b7 | Rent a Car Thessaloniki | City Car Rental","description":"Rent a Car Airport Thessaloniki Greece","publisher":{"@id":"https:\/\/citycars.globaltouchdev.eu\/#organization"},"alternateName":"Auto Mieten Thessaloniki Flughafen","potentialAction":[{"@type":"SearchAction","target":{"@type":"EntryPoint","urlTemplate":"https:\/\/citycars.globaltouchdev.eu\/?s={search_term_string}"},"query-input":"required name=search_term_string"}],"inLanguage":"de"},{"@type":"Organization","@id":"https:\/\/citycars.globaltouchdev.eu\/#organization","name":"City Car Rental Thessaloniki | \u0395\u03bd\u03bf\u03b9\u03ba\u03b9\u03ac\u03c3\u03b5\u03b9\u03c2 \u0391\u03c5\u03c4\u03bf\u03ba\u03b9\u03bd\u03ae\u03c4\u03c9\u03bd \u0398\u03b5\u03c3\u03c3\u03b1\u03bb\u03bf\u03bd\u03af\u03ba\u03b7","alternateName":"Car Rental Airport Thessaloniki Greece | City Car Rental","url":"https:\/\/citycars.globaltouchdev.eu\/","logo":{"@type":"ImageObject","inLanguage":"de","@id":"https:\/\/citycars.globaltouchdev.eu\/#\/schema\/logo\/image\/","url":"https:\/\/citycars.globaltouchdev.eu\/wp-content\/uploads\/2021\/03\/logo-landscape.png","contentUrl":"https:\/\/citycars.globaltouchdev.eu\/wp-content\/uploads\/2021\/03\/logo-landscape.png","width":640,"height":303,"caption":"City Car Rental Thessaloniki | \u0395\u03bd\u03bf\u03b9\u03ba\u03b9\u03ac\u03c3\u03b5\u03b9\u03c2 \u0391\u03c5\u03c4\u03bf\u03ba\u03b9\u03bd\u03ae\u03c4\u03c9\u03bd \u0398\u03b5\u03c3\u03c3\u03b1\u03bb\u03bf\u03bd\u03af\u03ba\u03b7"},"image":{"@id":"https:\/\/citycars.globaltouchdev.eu\/#\/schema\/logo\/image\/"},"sameAs":["https:\/\/www.facebook.com\/CityCarRentalThessaloniki","https:\/\/twitter.com\/CityCarSalonika","https:\/\/mastodon.social\/@Citycars","https:\/\/www.instagram.com\/city_car_rental_thess\/","https:\/\/www.youtube.com\/watch?v=Duixnt_tgZ8&ab_channel=AlexandrosTsapournias","https:\/\/www.tripadvisor.com\/Attraction_Review-g189473-d23048607-Reviews-City_Car_Rental-Thessaloniki_Thessaloniki_Region_Central_Macedonia.html"],"description":"Car Rental Company in Thessaloniki Greece","email":"rentacar@citycars.gr","telephone":"+302310202029","foundingDate":"2013-11-13","vatID":"EL801704863","numberOfEmployees":{"@type":"QuantitativeValue","minValue":"1","maxValue":"10"}}]}},"_links":{"self":[{"href":"https:\/\/citycars.globaltouchdev.eu\/de\/wp-json\/wp\/v2\/pages\/3675","targetHints":{"allow":["GET"]}}],"collection":[{"href":"https:\/\/citycars.globaltouchdev.eu\/de\/wp-json\/wp\/v2\/pages"}],"about":[{"href":"https:\/\/citycars.globaltouchdev.eu\/de\/wp-json\/wp\/v2\/types\/page"}],"author":[{"embeddable":true,"href":"https:\/\/citycars.globaltouchdev.eu\/de\/wp-json\/wp\/v2\/users\/1"}],"replies":[{"embeddable":true,"href":"https:\/\/citycars.globaltouchdev.eu\/de\/wp-json\/wp\/v2\/comments?post=3675"}],"version-history":[{"count":1,"href":"https:\/\/citycars.globaltouchdev.eu\/de\/wp-json\/wp\/v2\/pages\/3675\/revisions"}],"predecessor-version":[{"id":3676,"href":"https:\/\/citycars.globaltouchdev.eu\/de\/wp-json\/wp\/v2\/pages\/3675\/revisions\/3676"}],"wp:attachment":[{"href":"https:\/\/citycars.globaltouchdev.eu\/de\/wp-json\/wp\/v2\/media?parent=3675"}],"curies":[{"name":"wp","href":"https:\/\/api.w.org\/{rel}","templated":true}]}}