{"id":3289,"date":"2024-07-10T16:51:29","date_gmt":"2024-07-10T13:51:29","guid":{"rendered":"https:\/\/citycars.globaltouchdev.eu\/stadt-thessaloniki\/"},"modified":"2024-07-10T16:51:42","modified_gmt":"2024-07-10T13:51:42","slug":"stadt-thessaloniki","status":"publish","type":"page","link":"https:\/\/citycars.globaltouchdev.eu\/de\/stadt-thessaloniki\/","title":{"rendered":"Stadt Thessaloniki"},"content":{"rendered":"&#13;\n<figure class=\"wp-block-image size-large is-resized\"><img fetchpriority=\"high\" decoding=\"async\" class=\"wp-image-669\" src=\"https:\/\/citycars.globaltouchdev.eu\/wp-content\/uploads\/2021\/03\/thessaloniki_ano_poli_1280x960-edited-1024x640.jpg\" alt=\"Thessaloniki View\" width=\"840\" height=\"525\" srcset=\"https:\/\/citycars.globaltouchdev.eu\/wp-content\/uploads\/2021\/03\/thessaloniki_ano_poli_1280x960-edited-1024x640.jpg 1024w, https:\/\/citycars.globaltouchdev.eu\/wp-content\/uploads\/2021\/03\/thessaloniki_ano_poli_1280x960-edited-600x375.jpg 600w, https:\/\/citycars.globaltouchdev.eu\/wp-content\/uploads\/2021\/03\/thessaloniki_ano_poli_1280x960-edited-300x188.jpg 300w, https:\/\/citycars.globaltouchdev.eu\/wp-content\/uploads\/2021\/03\/thessaloniki_ano_poli_1280x960-edited-768x480.jpg 768w, https:\/\/citycars.globaltouchdev.eu\/wp-content\/uploads\/2021\/03\/thessaloniki_ano_poli_1280x960-edited-480x300.jpg 480w, https:\/\/citycars.globaltouchdev.eu\/wp-content\/uploads\/2021\/03\/thessaloniki_ano_poli_1280x960-edited-250x156.jpg 250w, https:\/\/citycars.globaltouchdev.eu\/wp-content\/uploads\/2021\/03\/thessaloniki_ano_poli_1280x960-edited-400x250.jpg 400w, https:\/\/citycars.globaltouchdev.eu\/wp-content\/uploads\/2021\/03\/thessaloniki_ano_poli_1280x960-edited-150x94.jpg 150w, https:\/\/citycars.globaltouchdev.eu\/wp-content\/uploads\/2021\/03\/thessaloniki_ano_poli_1280x960-edited-605x378.jpg 605w, https:\/\/citycars.globaltouchdev.eu\/wp-content\/uploads\/2021\/03\/thessaloniki_ano_poli_1280x960-edited.jpg 1280w\" sizes=\"(max-width: 840px) 100vw, 840px\" \/><figcaption>Ano Poli Thessaloniki<\/figcaption><\/figure>&#13;\n<p>Thessaloniki ist eine charmante und moderne Stadt mit einer reichen Geschichte und einem warmen menschlichen Gesicht. Es hat etwa 2 Million Einwohner und ist das gr\u00f6\u00dfte st\u00e4dtische Zentrum in Nordgriechenland. Gegr\u00fcndet im Jahr 316 v. Chr. und war schon immer ein Zentrum von strategischer Bedeutung f\u00fcr die Wirtschaft und Kultur Griechenlands. Als Kreuzung zwischen Ost und West spielten Nord und S\u00fcd mit Zugang zur \u00c4g\u00e4is eine Schl\u00fcsselrolle in den historischen Entwicklungen jeder Epoche. Das Zentrum von Thessaloniki beginnt am Hafen und endet etwa auf der H\u00f6he des Wei\u00dfen Turms, der das Wahrzeichen der Stadt ist.<\/p>&#13;\n&#13;\n<p>Die Stadt ist 24 Stunden am Tag, das ganze Jahr \u00fcber voller Leben. Das kulturelle Leben in Thessaloniki ist ausgepr\u00e4gt mit einer Vielzahl von Veranstaltungen, Konzerten, Ausstellungen, Theatern, Kinos, Festivals usw. W\u00e4hrend die Nacht hier den Stempel der intensiven und abwechslungsreichen Unterhaltung in Bars, Clubs und Restaurants tr\u00e4gt. Die Gastronomie der Region geh\u00f6rt zu den bekanntesten in Griechenland.<\/p>&#13;\n&#13;\n<p>Vergessen Sie nicht, die wichtigsten Denkm\u00e4ler und Museen von Thessaloniki und die historischen Denkm\u00e4ler der Stadt zu besuchen, von denen zu viele aus der hellenistischen und r\u00f6mischen Zeit, dem Byzantinischen Reich, der osmanischen Zeit bis zu den Kriegen und K\u00e4mpfen der modernen griechischen Geschichte stammen. Die wichtigsten davon sind:<\/p>&#13;\n&#13;\n<ul class=\"wp-block-list\"><li>Der Wei\u00dfe Turm<\/li>&#13;\n<li>Der Galeriusbogen, auch bekannt als Camara<\/li>&#13;\n<li>Die Rotunde von Agios Georgios (Rotonda)<\/li>&#13;\n<li>Die antike Agora oder r\u00f6mische Agora<\/li>&#13;\n<li>Museen (arch\u00e4ologische, byzantinische Kultur, Volkskunst \u2013 ethnologischer und mazedonischer Kampf, j\u00fcdisch, Atat\u00fcrk, Film, Fotografie, Technologie, Sport, Krieg, zeitgen\u00f6ssische Kunst, Wasser usw.)<\/li>&#13;\n<li>Die byzantinischen Kirchen des Schutzpatrons der Stadt St. Demetrios Myrovlytis, mit Reliquien des Heiligen und fr\u00fchchristlichen Katakomben, die Agia Sophia wurde im 8. Jahrhundert n. Chr. Kopie von Homonymen in Istanbul, die Acheiropiitos, etc. gebaut.<\/li>&#13;\n<li>Der Weg des heiligen Paulus, von dem aus der Apostel seine Lehren und Predigten an die Thessalonicher sandte.<\/li>&#13;\n<li>T\u00fcrkische B\u00e4der und andere Muslimische Denkm\u00e4ler.<\/li>&#13;\n<\/ul>&#13;\n<p>Schlendern Sie durch die Oberstadt (Ano Poli) mit ihren engen Gassen, alten Herrenh\u00e4usern, byzantinischen Kl\u00f6stern und Kirchen, muslimischen Denkm\u00e4lern, dem Eptapyrgio, der Akropolis und despotischen Burgen. In traditionellen Tavernen probieren Sie k\u00f6stliche Vorspeisen und genie\u00dfen Sie die einzigartigen S\u00fc\u00dfigkeiten von Thessaloniki mit herrlichem Blick \u00fcber Thermaikos.<\/p>&#13;\n&#13;\n<p><strong>Sie k\u00f6nnen auch besuchen:<\/strong><\/p>&#13;\n&#13;\n<ul class=\"wp-block-list\"><li>Die Internationale Messe von Thessaloniki (Helexpo) und das Kongresszentrum I. Vellidis.<\/li>&#13;\n<li>Die neue Strandpromenade, die gr\u00f6\u00dfte Fu\u00dfg\u00e4ngerzone Europas, mit sch\u00f6nen Themenparks und einer Vielzahl von Aktivit\u00e4ten. Erstreckt sich vom Hafen bis zu den Grenzen der Gemeinde Kalamarias, wo sich die Konzerthalle und viele Caf\u00e9s befinden. Sie k\u00f6nnen an Bord von Booten gehen, die in Thermaikos segeln und das Panorama der Stadt vom Meer aus genie\u00dfen.<\/li>&#13;\n<li>Der Aristoteles-Platz und der Hafen der Stadt<\/li>&#13;\n<li>Der Zoo und der Seih Sou Wald<\/li>&#13;\n<li>Der Karabournaki, der Sommerpalast des K\u00f6nigs (Palataki), Yachthafen mit Yachten und Nachtleben.<\/li>&#13;\n<li>Die K\u00f6nigin Olga (Vasilissis Olga) Stra\u00dfe mit den beeindruckenden neoklassizistischen Geb\u00e4uden (hebr\u00e4isch, italienisch, \u00f6sterreichisch und t\u00fcrkisch) aus den letzten zwei Jahrhunderten.<\/li>&#13;\n<\/ul>&#13;\n<p>Machen Sie Ihre Eink\u00e4ufe, schauen Sie Theater, Kino, Konzerte und andere kulturelle Aktivit\u00e4ten, die in der Stadt reichlich vorhanden sind, versuchen Sie Ihr Gl\u00fcck im Casino, genie\u00dfen Sie die Nacht und organisieren Sie Ausfl\u00fcge zu bemerkenswerten Naturdenkm\u00e4lern und Menschen in ganz Nordgriechenland:<\/p>&#13;\n&#13;\n<ul class=\"wp-block-list\"><li>Arch\u00e4ologisches Interesse: Vergina, Pella, Dion, Stagira, Amphipolis, etc.<\/li>&#13;\n<li>Religi\u00f6ses Interesse: Berg Athos, Meteora, etc.<\/li>&#13;\n<\/ul>&#13;\n<h4 class=\"wp-block-heading\"><strong>Wir bauen Beziehungen zu unseren Kunden auf!<\/strong><\/h4>&#13;\n&#13;\n<h5 class=\"wp-block-heading\">F\u00fcr alle Ihre Bed\u00fcrfnisse: Gesch\u00e4ftsreise, Kurzurlaub, Notfallreise aus gesundheitlichen Gr\u00fcnden, Reise, Urlaub<\/h5>&#13;\n&#13;\n<h5 class=\"wp-block-heading\">F\u00fcr jede Art von Auto: (Economy, Luxus, Familie, Minivan) zum besten Preis<\/h5>&#13;\n&#13;\n<h2 class=\"wp-block-heading\">Buchen Sie jetzt, online, einfach und schnell, f\u00fcr Reisen innerhalb und au\u00dferhalb von Thessaloniki, und sparen Sie Geld und Zeit.<\/h2>&#13;\n","protected":false},"excerpt":{"rendered":"<p>&#13; Thessaloniki ist eine charmante und moderne Stadt mit einer reichen Geschichte und einem warmen menschlichen Gesicht. Es hat etwa 2 Million Einwohner und ist das gr\u00f6\u00dfte st\u00e4dtische Zentrum in Nordgriechenland. Gegr\u00fcndet im Jahr 316 v. Chr. und war schon immer ein Zentrum von strategischer Bedeutung f\u00fcr die Wirtschaft und Kultur Griechenlands. Als Kreuzung zwischen [&hellip;]<\/p>\n","protected":false},"author":1,"featured_media":0,"parent":0,"menu_order":0,"comment_status":"closed","ping_status":"closed","template":"","meta":{"footnotes":""},"class_list":["post-3289","page","type-page","status-publish","hentry"],"yoast_head":"<!-- This site is optimized with the Yoast SEO Premium plugin v22.3 (Yoast SEO v22.3) - https:\/\/yoast.com\/wordpress\/plugins\/seo\/ -->\n<title>Stadt Thessaloniki | City Car Rental<\/title>\n<meta name=\"description\" content=\"Entdecken Sie den Zauber Thessalonikis: alte Geschichte, lebendige Kultur und reichhaltiges Nachtleben. Jetzt ein Auto mieten\" \/>\n<meta name=\"robots\" content=\"noindex, follow, max-snippet:-1, max-image-preview:large, max-video-preview:-1\" \/>\n<meta property=\"og:locale\" content=\"de_DE\" \/>\n<meta property=\"og:type\" content=\"article\" \/>\n<meta property=\"og:title\" content=\"Stadt Thessaloniki\" \/>\n<meta property=\"og:description\" content=\"Entdecken Sie den Zauber Thessalonikis: alte Geschichte, lebendige Kultur und reichhaltiges Nachtleben. Jetzt ein Auto mieten\" \/>\n<meta property=\"og:url\" content=\"https:\/\/citycars.globaltouchdev.eu\/de\/stadt-thessaloniki\/\" \/>\n<meta property=\"og:site_name\" content=\"City Car Rental\" \/>\n<meta property=\"article:publisher\" content=\"https:\/\/www.facebook.com\/CityCarRentalThessaloniki\" \/>\n<meta property=\"article:modified_time\" content=\"2024-07-10T13:51:42+00:00\" \/>\n<meta property=\"og:image\" content=\"https:\/\/citycars.globaltouchdev.eu\/wp-content\/uploads\/2021\/03\/thessaloniki_ano_poli_1280x960-edited-1024x640.jpg\" \/>\n<meta name=\"twitter:card\" content=\"summary_large_image\" \/>\n<meta name=\"twitter:site\" content=\"@CityCarSalonika\" \/>\n<meta name=\"twitter:label1\" content=\"Gesch\u00e4tzte Lesezeit\" \/>\n\t<meta name=\"twitter:data1\" content=\"3\u00a0Minuten\" \/>\n<script type=\"application\/ld+json\" class=\"yoast-schema-graph\">{\"@context\":\"https:\/\/schema.org\",\"@graph\":[{\"@type\":\"WebPage\",\"@id\":\"https:\/\/citycars.globaltouchdev.eu\/de\/stadt-thessaloniki\/\",\"url\":\"https:\/\/citycars.globaltouchdev.eu\/de\/stadt-thessaloniki\/\",\"name\":\"Stadt Thessaloniki | City Car Rental\",\"isPartOf\":{\"@id\":\"https:\/\/citycars.globaltouchdev.eu\/#website\"},\"primaryImageOfPage\":{\"@id\":\"https:\/\/citycars.globaltouchdev.eu\/de\/stadt-thessaloniki\/#primaryimage\"},\"image\":{\"@id\":\"https:\/\/citycars.globaltouchdev.eu\/de\/stadt-thessaloniki\/#primaryimage\"},\"thumbnailUrl\":\"https:\/\/citycars.globaltouchdev.eu\/wp-content\/uploads\/2021\/03\/thessaloniki_ano_poli_1280x960-edited-1024x640.jpg\",\"datePublished\":\"2024-07-10T13:51:29+00:00\",\"dateModified\":\"2024-07-10T13:51:42+00:00\",\"description\":\"Entdecken Sie den Zauber Thessalonikis: alte Geschichte, lebendige Kultur und reichhaltiges Nachtleben. Jetzt ein Auto mieten\",\"breadcrumb\":{\"@id\":\"https:\/\/citycars.globaltouchdev.eu\/de\/stadt-thessaloniki\/#breadcrumb\"},\"inLanguage\":\"de\",\"potentialAction\":[{\"@type\":\"ReadAction\",\"target\":[\"https:\/\/citycars.globaltouchdev.eu\/de\/stadt-thessaloniki\/\"]}]},{\"@type\":\"ImageObject\",\"inLanguage\":\"de\",\"@id\":\"https:\/\/citycars.globaltouchdev.eu\/de\/stadt-thessaloniki\/#primaryimage\",\"url\":\"https:\/\/citycars.globaltouchdev.eu\/wp-content\/uploads\/2021\/03\/thessaloniki_ano_poli_1280x960-edited.jpg\",\"contentUrl\":\"https:\/\/citycars.globaltouchdev.eu\/wp-content\/uploads\/2021\/03\/thessaloniki_ano_poli_1280x960-edited.jpg\",\"width\":1280,\"height\":800,\"caption\":\"Thessaloniki View\"},{\"@type\":\"BreadcrumbList\",\"@id\":\"https:\/\/citycars.globaltouchdev.eu\/de\/stadt-thessaloniki\/#breadcrumb\",\"itemListElement\":[{\"@type\":\"ListItem\",\"position\":1,\"name\":\"\u0391\u03c1\u03c7\u03b9\u03ba\u03ae\",\"item\":\"https:\/\/citycars.globaltouchdev.eu\/\"},{\"@type\":\"ListItem\",\"position\":2,\"name\":\"Stadt Thessaloniki\"}]},{\"@type\":\"WebSite\",\"@id\":\"https:\/\/citycars.globaltouchdev.eu\/#website\",\"url\":\"https:\/\/citycars.globaltouchdev.eu\/\",\"name\":\"\u0395\u03bd\u03bf\u03b9\u03ba\u03b9\u03ac\u03c3\u03b5\u03b9\u03c2 \u0391\u03c5\u03c4\u03bf\u03ba\u03b9\u03bd\u03ae\u03c4\u03c9\u03bd \u0398\u03b5\u03c3\u03c3\u03b1\u03bb\u03bf\u03bd\u03af\u03ba\u03b7 | Rent a Car Thessaloniki | City Car Rental\",\"description\":\"Rent a Car Airport Thessaloniki Greece\",\"publisher\":{\"@id\":\"https:\/\/citycars.globaltouchdev.eu\/#organization\"},\"alternateName\":\"Auto Mieten Thessaloniki Flughafen\",\"potentialAction\":[{\"@type\":\"SearchAction\",\"target\":{\"@type\":\"EntryPoint\",\"urlTemplate\":\"https:\/\/citycars.globaltouchdev.eu\/?s={search_term_string}\"},\"query-input\":\"required name=search_term_string\"}],\"inLanguage\":\"de\"},{\"@type\":\"Organization\",\"@id\":\"https:\/\/citycars.globaltouchdev.eu\/#organization\",\"name\":\"City Car Rental Thessaloniki | \u0395\u03bd\u03bf\u03b9\u03ba\u03b9\u03ac\u03c3\u03b5\u03b9\u03c2 \u0391\u03c5\u03c4\u03bf\u03ba\u03b9\u03bd\u03ae\u03c4\u03c9\u03bd \u0398\u03b5\u03c3\u03c3\u03b1\u03bb\u03bf\u03bd\u03af\u03ba\u03b7\",\"alternateName\":\"Car Rental Airport Thessaloniki Greece | City Car Rental\",\"url\":\"https:\/\/citycars.globaltouchdev.eu\/\",\"logo\":{\"@type\":\"ImageObject\",\"inLanguage\":\"de\",\"@id\":\"https:\/\/citycars.globaltouchdev.eu\/#\/schema\/logo\/image\/\",\"url\":\"https:\/\/citycars.globaltouchdev.eu\/wp-content\/uploads\/2021\/03\/logo-landscape.png\",\"contentUrl\":\"https:\/\/citycars.globaltouchdev.eu\/wp-content\/uploads\/2021\/03\/logo-landscape.png\",\"width\":640,\"height\":303,\"caption\":\"City Car Rental Thessaloniki | \u0395\u03bd\u03bf\u03b9\u03ba\u03b9\u03ac\u03c3\u03b5\u03b9\u03c2 \u0391\u03c5\u03c4\u03bf\u03ba\u03b9\u03bd\u03ae\u03c4\u03c9\u03bd \u0398\u03b5\u03c3\u03c3\u03b1\u03bb\u03bf\u03bd\u03af\u03ba\u03b7\"},\"image\":{\"@id\":\"https:\/\/citycars.globaltouchdev.eu\/#\/schema\/logo\/image\/\"},\"sameAs\":[\"https:\/\/www.facebook.com\/CityCarRentalThessaloniki\",\"https:\/\/twitter.com\/CityCarSalonika\",\"https:\/\/mastodon.social\/@Citycars\",\"https:\/\/www.instagram.com\/city_car_rental_thess\/\",\"https:\/\/www.youtube.com\/watch?v=Duixnt_tgZ8&ab_channel=AlexandrosTsapournias\",\"https:\/\/www.tripadvisor.com\/Attraction_Review-g189473-d23048607-Reviews-City_Car_Rental-Thessaloniki_Thessaloniki_Region_Central_Macedonia.html\"],\"description\":\"Car Rental Company in Thessaloniki Greece\",\"email\":\"rentacar@citycars.gr\",\"telephone\":\"+302310202029\",\"foundingDate\":\"2013-11-13\",\"vatID\":\"EL801704863\",\"numberOfEmployees\":{\"@type\":\"QuantitativeValue\",\"minValue\":\"1\",\"maxValue\":\"10\"}}]}<\/script>\n<!-- \/ Yoast SEO Premium plugin. -->","yoast_head_json":{"title":"Stadt Thessaloniki | City Car Rental","description":"Entdecken Sie den Zauber Thessalonikis: alte Geschichte, lebendige Kultur und reichhaltiges Nachtleben. Jetzt ein Auto mieten","robots":{"index":"noindex","follow":"follow","max-snippet":"max-snippet:-1","max-image-preview":"max-image-preview:large","max-video-preview":"max-video-preview:-1"},"og_locale":"de_DE","og_type":"article","og_title":"Stadt Thessaloniki","og_description":"Entdecken Sie den Zauber Thessalonikis: alte Geschichte, lebendige Kultur und reichhaltiges Nachtleben. Jetzt ein Auto mieten","og_url":"https:\/\/citycars.globaltouchdev.eu\/de\/stadt-thessaloniki\/","og_site_name":"City Car Rental","article_publisher":"https:\/\/www.facebook.com\/CityCarRentalThessaloniki","article_modified_time":"2024-07-10T13:51:42+00:00","og_image":[{"url":"https:\/\/citycars.globaltouchdev.eu\/wp-content\/uploads\/2021\/03\/thessaloniki_ano_poli_1280x960-edited-1024x640.jpg"}],"twitter_card":"summary_large_image","twitter_site":"@CityCarSalonika","twitter_misc":{"Gesch\u00e4tzte Lesezeit":"3\u00a0Minuten"},"schema":{"@context":"https:\/\/schema.org","@graph":[{"@type":"WebPage","@id":"https:\/\/citycars.globaltouchdev.eu\/de\/stadt-thessaloniki\/","url":"https:\/\/citycars.globaltouchdev.eu\/de\/stadt-thessaloniki\/","name":"Stadt Thessaloniki | City Car Rental","isPartOf":{"@id":"https:\/\/citycars.globaltouchdev.eu\/#website"},"primaryImageOfPage":{"@id":"https:\/\/citycars.globaltouchdev.eu\/de\/stadt-thessaloniki\/#primaryimage"},"image":{"@id":"https:\/\/citycars.globaltouchdev.eu\/de\/stadt-thessaloniki\/#primaryimage"},"thumbnailUrl":"https:\/\/citycars.globaltouchdev.eu\/wp-content\/uploads\/2021\/03\/thessaloniki_ano_poli_1280x960-edited-1024x640.jpg","datePublished":"2024-07-10T13:51:29+00:00","dateModified":"2024-07-10T13:51:42+00:00","description":"Entdecken Sie den Zauber Thessalonikis: alte Geschichte, lebendige Kultur und reichhaltiges Nachtleben. Jetzt ein Auto mieten","breadcrumb":{"@id":"https:\/\/citycars.globaltouchdev.eu\/de\/stadt-thessaloniki\/#breadcrumb"},"inLanguage":"de","potentialAction":[{"@type":"ReadAction","target":["https:\/\/citycars.globaltouchdev.eu\/de\/stadt-thessaloniki\/"]}]},{"@type":"ImageObject","inLanguage":"de","@id":"https:\/\/citycars.globaltouchdev.eu\/de\/stadt-thessaloniki\/#primaryimage","url":"https:\/\/citycars.globaltouchdev.eu\/wp-content\/uploads\/2021\/03\/thessaloniki_ano_poli_1280x960-edited.jpg","contentUrl":"https:\/\/citycars.globaltouchdev.eu\/wp-content\/uploads\/2021\/03\/thessaloniki_ano_poli_1280x960-edited.jpg","width":1280,"height":800,"caption":"Thessaloniki View"},{"@type":"BreadcrumbList","@id":"https:\/\/citycars.globaltouchdev.eu\/de\/stadt-thessaloniki\/#breadcrumb","itemListElement":[{"@type":"ListItem","position":1,"name":"\u0391\u03c1\u03c7\u03b9\u03ba\u03ae","item":"https:\/\/citycars.globaltouchdev.eu\/"},{"@type":"ListItem","position":2,"name":"Stadt Thessaloniki"}]},{"@type":"WebSite","@id":"https:\/\/citycars.globaltouchdev.eu\/#website","url":"https:\/\/citycars.globaltouchdev.eu\/","name":"\u0395\u03bd\u03bf\u03b9\u03ba\u03b9\u03ac\u03c3\u03b5\u03b9\u03c2 \u0391\u03c5\u03c4\u03bf\u03ba\u03b9\u03bd\u03ae\u03c4\u03c9\u03bd \u0398\u03b5\u03c3\u03c3\u03b1\u03bb\u03bf\u03bd\u03af\u03ba\u03b7 | Rent a Car Thessaloniki | City Car Rental","description":"Rent a Car Airport Thessaloniki Greece","publisher":{"@id":"https:\/\/citycars.globaltouchdev.eu\/#organization"},"alternateName":"Auto Mieten Thessaloniki Flughafen","potentialAction":[{"@type":"SearchAction","target":{"@type":"EntryPoint","urlTemplate":"https:\/\/citycars.globaltouchdev.eu\/?s={search_term_string}"},"query-input":"required name=search_term_string"}],"inLanguage":"de"},{"@type":"Organization","@id":"https:\/\/citycars.globaltouchdev.eu\/#organization","name":"City Car Rental Thessaloniki | \u0395\u03bd\u03bf\u03b9\u03ba\u03b9\u03ac\u03c3\u03b5\u03b9\u03c2 \u0391\u03c5\u03c4\u03bf\u03ba\u03b9\u03bd\u03ae\u03c4\u03c9\u03bd \u0398\u03b5\u03c3\u03c3\u03b1\u03bb\u03bf\u03bd\u03af\u03ba\u03b7","alternateName":"Car Rental Airport Thessaloniki Greece | City Car Rental","url":"https:\/\/citycars.globaltouchdev.eu\/","logo":{"@type":"ImageObject","inLanguage":"de","@id":"https:\/\/citycars.globaltouchdev.eu\/#\/schema\/logo\/image\/","url":"https:\/\/citycars.globaltouchdev.eu\/wp-content\/uploads\/2021\/03\/logo-landscape.png","contentUrl":"https:\/\/citycars.globaltouchdev.eu\/wp-content\/uploads\/2021\/03\/logo-landscape.png","width":640,"height":303,"caption":"City Car Rental Thessaloniki | \u0395\u03bd\u03bf\u03b9\u03ba\u03b9\u03ac\u03c3\u03b5\u03b9\u03c2 \u0391\u03c5\u03c4\u03bf\u03ba\u03b9\u03bd\u03ae\u03c4\u03c9\u03bd \u0398\u03b5\u03c3\u03c3\u03b1\u03bb\u03bf\u03bd\u03af\u03ba\u03b7"},"image":{"@id":"https:\/\/citycars.globaltouchdev.eu\/#\/schema\/logo\/image\/"},"sameAs":["https:\/\/www.facebook.com\/CityCarRentalThessaloniki","https:\/\/twitter.com\/CityCarSalonika","https:\/\/mastodon.social\/@Citycars","https:\/\/www.instagram.com\/city_car_rental_thess\/","https:\/\/www.youtube.com\/watch?v=Duixnt_tgZ8&ab_channel=AlexandrosTsapournias","https:\/\/www.tripadvisor.com\/Attraction_Review-g189473-d23048607-Reviews-City_Car_Rental-Thessaloniki_Thessaloniki_Region_Central_Macedonia.html"],"description":"Car Rental Company in Thessaloniki Greece","email":"rentacar@citycars.gr","telephone":"+302310202029","foundingDate":"2013-11-13","vatID":"EL801704863","numberOfEmployees":{"@type":"QuantitativeValue","minValue":"1","maxValue":"10"}}]}},"_links":{"self":[{"href":"https:\/\/citycars.globaltouchdev.eu\/de\/wp-json\/wp\/v2\/pages\/3289","targetHints":{"allow":["GET"]}}],"collection":[{"href":"https:\/\/citycars.globaltouchdev.eu\/de\/wp-json\/wp\/v2\/pages"}],"about":[{"href":"https:\/\/citycars.globaltouchdev.eu\/de\/wp-json\/wp\/v2\/types\/page"}],"author":[{"embeddable":true,"href":"https:\/\/citycars.globaltouchdev.eu\/de\/wp-json\/wp\/v2\/users\/1"}],"replies":[{"embeddable":true,"href":"https:\/\/citycars.globaltouchdev.eu\/de\/wp-json\/wp\/v2\/comments?post=3289"}],"version-history":[{"count":1,"href":"https:\/\/citycars.globaltouchdev.eu\/de\/wp-json\/wp\/v2\/pages\/3289\/revisions"}],"predecessor-version":[{"id":3290,"href":"https:\/\/citycars.globaltouchdev.eu\/de\/wp-json\/wp\/v2\/pages\/3289\/revisions\/3290"}],"wp:attachment":[{"href":"https:\/\/citycars.globaltouchdev.eu\/de\/wp-json\/wp\/v2\/media?parent=3289"}],"curies":[{"name":"wp","href":"https:\/\/api.w.org\/{rel}","templated":true}]}}