{"id":3287,"date":"2024-07-10T16:47:37","date_gmt":"2024-07-10T13:47:37","guid":{"rendered":"https:\/\/citycars.globaltouchdev.eu\/mietwagen-chalkidiki\/"},"modified":"2024-07-10T16:47:51","modified_gmt":"2024-07-10T13:47:51","slug":"mietwagen-chalkidiki","status":"publish","type":"page","link":"https:\/\/citycars.globaltouchdev.eu\/de\/mietwagen-chalkidiki\/","title":{"rendered":"Mietwagen Chalkidiki"},"content":{"rendered":"&#13;\n<figure class=\"wp-block-image size-large\"><img decoding=\"async\" src=\"https:\/\/www.sarti-chalkidiki.com\/images\/Beaches\/Armenistis_Beach\/283_armenistis2.jpg\" alt=\"\"\/><figcaption>Sarti Chalkidiki Griechenland<\/figcaption><\/figure>&#13;\n<p><strong>Chalkidiki<\/strong> zieht zahlreiche Touristen an und besteht aus drei d\u00fcnnen Halbinseln (Kassandra, Sithonia und Athos). Chalkidiki ist ein leicht erreichbares Ziel von Thessaloniki durch das moderne Stra\u00dfennetz in der Region. Die Pr\u00e4fektur Chalkidiki ist eine der sch\u00f6nsten K\u00fcstenregionen Griechenlands mit fantastischen Str\u00e4nden, \u00fcppiger Natur, wundersch\u00f6nen Buchten, Inseln, verschiedenen touristischen Einrichtungen, Hotels und unz\u00e4hligen D\u00f6rfern mit traditioneller Architektur. Sie werden fasziniert sein von der Gastronomie, den verschiedenen Arten von Unterhaltungs- und Kulturveranstaltungen, Festivals und traditionellen Festen des Ortes.<\/p>&#13;\n&#13;\n<p><strong>Chalkidiki<\/strong> Chalkidiki ist reich an allen Arten von Interesse (arch\u00e4ologische St\u00e4tten, Museen, Kirchen, Kl\u00f6ster, Parks, traditionelle D\u00f6rfer, etc.).<\/p>&#13;\n&#13;\n<p>Die wichtigsten davon sind:<\/p>&#13;\n&#13;\n<ul class=\"wp-block-list\"><li><strong>Der Heilige Berg<\/strong> mit den ehrw\u00fcrdigen Kl\u00f6stern, einzigartig in der Welt.<\/li>&#13;\n<li>Die Petralona-H\u00f6hle, in der im Alter von 700.000 Jahren menschliche Knochen entdeckt wurden.<\/li>&#13;\n<li>Die Ruinen des antiken Tempels von Poseidon, der antike Tempel des Zeus Ammon, der Kanal und die Ruinen der Burg in Kassandra.<\/li>&#13;\n<li><strong>Die Stagira<\/strong>, der Geburtsort von Aristoteles mit dem Themenpark seiner Erfindungen.<\/li>&#13;\n<li>Die traditionellen Siedlungen von Aphitos, Arnaia und anderen D\u00f6rfern mit gepflasterten Stra\u00dfen, Steinh\u00e4usern und Folkloremuseen.<\/li>&#13;\n<li>Der byzantinische Turm Stavronikita in Sani.<\/li>&#13;\n<li>Byzantinische Kirchen und Funde in Fourka.<\/li>&#13;\n<\/ul>","protected":false},"excerpt":{"rendered":"<p>&#13; Chalkidiki zieht zahlreiche Touristen an und besteht aus drei d\u00fcnnen Halbinseln (Kassandra, Sithonia und Athos). Chalkidiki ist ein leicht erreichbares Ziel von Thessaloniki durch das moderne Stra\u00dfennetz in der Region. Die Pr\u00e4fektur Chalkidiki ist eine der sch\u00f6nsten K\u00fcstenregionen Griechenlands mit fantastischen Str\u00e4nden, \u00fcppiger Natur, wundersch\u00f6nen Buchten, Inseln, verschiedenen touristischen Einrichtungen, Hotels und unz\u00e4hligen D\u00f6rfern [&hellip;]<\/p>\n","protected":false},"author":1,"featured_media":0,"parent":0,"menu_order":0,"comment_status":"closed","ping_status":"closed","template":"","meta":{"footnotes":""},"class_list":["post-3287","page","type-page","status-publish","hentry"],"yoast_head":"<!-- This site is optimized with the Yoast SEO Premium plugin v22.3 (Yoast SEO v22.3) - https:\/\/yoast.com\/wordpress\/plugins\/seo\/ -->\n<title>\u201eMietwagen Chalkidiki | Autovermietung in der Stadt\u201c<\/title>\n<meta name=\"description\" content=\"&#013; Sarti Chalkidiki Griechenland&#013; Chalkidiki zieht zahlreiche Touristen an und besteht aus drei d\u00fcnnen Halbinseln (Kassandra, Sithonia und Athos). Chalkidiki ist ein leicht erreichbares Ziel von Thessaloniki durch das moderne Stra\u00dfennetz in der Region. Die Pr\u00e4fektur Chalkidiki ist eine der sch\u00f6nsten K\u00fcstenregionen Griechenlands mit fantastischen Str\u00e4nden, \u00fcppiger Natur, wundersch\u00f6nen Buchten, Inseln, verschiedenen touristischen Einrichtungen, Hotels und unz\u00e4hligen D\u00f6rfern mit traditioneller Architektur. Sie werden fasziniert sein von der Gastronomie, den verschiedenen Arten von Unterhaltungs- und Kulturveranstaltungen, Festivals und traditionellen Festen des Ortes.&#013; &#013; Chalkidiki Chalkidiki ist reich an allen Arten von Interesse (arch\u00e4ologische St\u00e4tten, Museen, Kirchen, Kl\u00f6ster, Parks, traditionelle D\u00f6rfer, etc.).&#013; &#013; Die wichtigsten davon sind:&#013; &#013; Der Heilige Berg mit den ehrw\u00fcrdigen Kl\u00f6stern, einzigartig in der Welt.&#013; Die Petralona-H\u00f6hle, in der im Alter von 700.000 Jahren menschliche Knochen entdeckt wurden.&#013; Die Ruinen des antiken Tempels von Poseidon, der antike Tempel des Zeus Ammon, der Kanal und die Ruinen der Burg in Kassandra.&#013; Die Stagira, der Geburtsort von Aristoteles mit dem Themenpark seiner Erfindungen.&#013; Die traditionellen Siedlungen von Aphitos, Arnaia und anderen D\u00f6rfern mit gepflasterten Stra\u00dfen, Steinh\u00e4usern und Folkloremuseen.&#013; Der byzantinische Turm Stavronikita in Sani.&#013; Byzantinische Kirchen und Funde in Fourka.&#013;\" \/>\n<meta name=\"robots\" content=\"noindex, follow, max-snippet:-1, max-image-preview:large, max-video-preview:-1\" \/>\n<meta property=\"og:locale\" content=\"de_DE\" \/>\n<meta property=\"og:type\" content=\"article\" \/>\n<meta property=\"og:title\" content=\"Mietwagen Chalkidiki\" \/>\n<meta property=\"og:description\" content=\"&#013; Sarti Chalkidiki Griechenland&#013; Chalkidiki zieht zahlreiche Touristen an und besteht aus drei d\u00fcnnen Halbinseln (Kassandra, Sithonia und Athos). Chalkidiki ist ein leicht erreichbares Ziel von Thessaloniki durch das moderne Stra\u00dfennetz in der Region. Die Pr\u00e4fektur Chalkidiki ist eine der sch\u00f6nsten K\u00fcstenregionen Griechenlands mit fantastischen Str\u00e4nden, \u00fcppiger Natur, wundersch\u00f6nen Buchten, Inseln, verschiedenen touristischen Einrichtungen, Hotels und unz\u00e4hligen D\u00f6rfern mit traditioneller Architektur. Sie werden fasziniert sein von der Gastronomie, den verschiedenen Arten von Unterhaltungs- und Kulturveranstaltungen, Festivals und traditionellen Festen des Ortes.&#013; &#013; Chalkidiki Chalkidiki ist reich an allen Arten von Interesse (arch\u00e4ologische St\u00e4tten, Museen, Kirchen, Kl\u00f6ster, Parks, traditionelle D\u00f6rfer, etc.).&#013; &#013; Die wichtigsten davon sind:&#013; &#013; Der Heilige Berg mit den ehrw\u00fcrdigen Kl\u00f6stern, einzigartig in der Welt.&#013; Die Petralona-H\u00f6hle, in der im Alter von 700.000 Jahren menschliche Knochen entdeckt wurden.&#013; Die Ruinen des antiken Tempels von Poseidon, der antike Tempel des Zeus Ammon, der Kanal und die Ruinen der Burg in Kassandra.&#013; Die Stagira, der Geburtsort von Aristoteles mit dem Themenpark seiner Erfindungen.&#013; Die traditionellen Siedlungen von Aphitos, Arnaia und anderen D\u00f6rfern mit gepflasterten Stra\u00dfen, Steinh\u00e4usern und Folkloremuseen.&#013; Der byzantinische Turm Stavronikita in Sani.&#013; Byzantinische Kirchen und Funde in Fourka.&#013;\" \/>\n<meta property=\"og:url\" content=\"https:\/\/citycars.globaltouchdev.eu\/de\/mietwagen-chalkidiki\/\" \/>\n<meta property=\"og:site_name\" content=\"City Car Rental\" \/>\n<meta property=\"article:publisher\" content=\"https:\/\/www.facebook.com\/CityCarRentalThessaloniki\" \/>\n<meta property=\"article:modified_time\" content=\"2024-07-10T13:47:51+00:00\" \/>\n<meta property=\"og:image\" content=\"https:\/\/www.sarti-chalkidiki.com\/images\/Beaches\/Armenistis_Beach\/283_armenistis2.jpg\" \/>\n<meta name=\"twitter:card\" content=\"summary_large_image\" \/>\n<meta name=\"twitter:site\" content=\"@CityCarSalonika\" \/>\n<meta name=\"twitter:label1\" content=\"Gesch\u00e4tzte Lesezeit\" \/>\n\t<meta name=\"twitter:data1\" content=\"1\u00a0Minute\" \/>\n<script type=\"application\/ld+json\" class=\"yoast-schema-graph\">{\"@context\":\"https:\/\/schema.org\",\"@graph\":[{\"@type\":\"WebPage\",\"@id\":\"https:\/\/citycars.globaltouchdev.eu\/de\/mietwagen-chalkidiki\/\",\"url\":\"https:\/\/citycars.globaltouchdev.eu\/de\/mietwagen-chalkidiki\/\",\"name\":\"\u201eMietwagen Chalkidiki | Autovermietung in der Stadt\u201c\",\"isPartOf\":{\"@id\":\"https:\/\/citycars.globaltouchdev.eu\/#website\"},\"primaryImageOfPage\":{\"@id\":\"https:\/\/citycars.globaltouchdev.eu\/de\/mietwagen-chalkidiki\/#primaryimage\"},\"image\":{\"@id\":\"https:\/\/citycars.globaltouchdev.eu\/de\/mietwagen-chalkidiki\/#primaryimage\"},\"thumbnailUrl\":\"https:\/\/www.sarti-chalkidiki.com\/images\/Beaches\/Armenistis_Beach\/283_armenistis2.jpg\",\"datePublished\":\"2024-07-10T13:47:37+00:00\",\"dateModified\":\"2024-07-10T13:47:51+00:00\",\"description\":\"&#13; Sarti Chalkidiki Griechenland&#13; Chalkidiki zieht zahlreiche Touristen an und besteht aus drei d\u00fcnnen Halbinseln (Kassandra, Sithonia und Athos). Chalkidiki ist ein leicht erreichbares Ziel von Thessaloniki durch das moderne Stra\u00dfennetz in der Region. Die Pr\u00e4fektur Chalkidiki ist eine der sch\u00f6nsten K\u00fcstenregionen Griechenlands mit fantastischen Str\u00e4nden, \u00fcppiger Natur, wundersch\u00f6nen Buchten, Inseln, verschiedenen touristischen Einrichtungen, Hotels und unz\u00e4hligen D\u00f6rfern mit traditioneller Architektur. Sie werden fasziniert sein von der Gastronomie, den verschiedenen Arten von Unterhaltungs- und Kulturveranstaltungen, Festivals und traditionellen Festen des Ortes.&#13; &#13; Chalkidiki Chalkidiki ist reich an allen Arten von Interesse (arch\u00e4ologische St\u00e4tten, Museen, Kirchen, Kl\u00f6ster, Parks, traditionelle D\u00f6rfer, etc.).&#13; &#13; Die wichtigsten davon sind:&#13; &#13; Der Heilige Berg mit den ehrw\u00fcrdigen Kl\u00f6stern, einzigartig in der Welt.&#13; Die Petralona-H\u00f6hle, in der im Alter von 700.000 Jahren menschliche Knochen entdeckt wurden.&#13; Die Ruinen des antiken Tempels von Poseidon, der antike Tempel des Zeus Ammon, der Kanal und die Ruinen der Burg in Kassandra.&#13; Die Stagira, der Geburtsort von Aristoteles mit dem Themenpark seiner Erfindungen.&#13; Die traditionellen Siedlungen von Aphitos, Arnaia und anderen D\u00f6rfern mit gepflasterten Stra\u00dfen, Steinh\u00e4usern und Folkloremuseen.&#13; Der byzantinische Turm Stavronikita in Sani.&#13; Byzantinische Kirchen und Funde in Fourka.&#13;\",\"breadcrumb\":{\"@id\":\"https:\/\/citycars.globaltouchdev.eu\/de\/mietwagen-chalkidiki\/#breadcrumb\"},\"inLanguage\":\"de\",\"potentialAction\":[{\"@type\":\"ReadAction\",\"target\":[\"https:\/\/citycars.globaltouchdev.eu\/de\/mietwagen-chalkidiki\/\"]}]},{\"@type\":\"ImageObject\",\"inLanguage\":\"de\",\"@id\":\"https:\/\/citycars.globaltouchdev.eu\/de\/mietwagen-chalkidiki\/#primaryimage\",\"url\":\"https:\/\/www.sarti-chalkidiki.com\/images\/Beaches\/Armenistis_Beach\/283_armenistis2.jpg\",\"contentUrl\":\"https:\/\/www.sarti-chalkidiki.com\/images\/Beaches\/Armenistis_Beach\/283_armenistis2.jpg\"},{\"@type\":\"BreadcrumbList\",\"@id\":\"https:\/\/citycars.globaltouchdev.eu\/de\/mietwagen-chalkidiki\/#breadcrumb\",\"itemListElement\":[{\"@type\":\"ListItem\",\"position\":1,\"name\":\"\u0391\u03c1\u03c7\u03b9\u03ba\u03ae\",\"item\":\"https:\/\/citycars.globaltouchdev.eu\/\"},{\"@type\":\"ListItem\",\"position\":2,\"name\":\"Mietwagen Chalkidiki\"}]},{\"@type\":\"WebSite\",\"@id\":\"https:\/\/citycars.globaltouchdev.eu\/#website\",\"url\":\"https:\/\/citycars.globaltouchdev.eu\/\",\"name\":\"\u0395\u03bd\u03bf\u03b9\u03ba\u03b9\u03ac\u03c3\u03b5\u03b9\u03c2 \u0391\u03c5\u03c4\u03bf\u03ba\u03b9\u03bd\u03ae\u03c4\u03c9\u03bd \u0398\u03b5\u03c3\u03c3\u03b1\u03bb\u03bf\u03bd\u03af\u03ba\u03b7 | Rent a Car Thessaloniki | City Car Rental\",\"description\":\"Rent a Car Airport Thessaloniki Greece\",\"publisher\":{\"@id\":\"https:\/\/citycars.globaltouchdev.eu\/#organization\"},\"alternateName\":\"Auto Mieten Thessaloniki Flughafen\",\"potentialAction\":[{\"@type\":\"SearchAction\",\"target\":{\"@type\":\"EntryPoint\",\"urlTemplate\":\"https:\/\/citycars.globaltouchdev.eu\/?s={search_term_string}\"},\"query-input\":\"required name=search_term_string\"}],\"inLanguage\":\"de\"},{\"@type\":\"Organization\",\"@id\":\"https:\/\/citycars.globaltouchdev.eu\/#organization\",\"name\":\"City Car Rental Thessaloniki | \u0395\u03bd\u03bf\u03b9\u03ba\u03b9\u03ac\u03c3\u03b5\u03b9\u03c2 \u0391\u03c5\u03c4\u03bf\u03ba\u03b9\u03bd\u03ae\u03c4\u03c9\u03bd \u0398\u03b5\u03c3\u03c3\u03b1\u03bb\u03bf\u03bd\u03af\u03ba\u03b7\",\"alternateName\":\"Car Rental Airport Thessaloniki Greece | City Car Rental\",\"url\":\"https:\/\/citycars.globaltouchdev.eu\/\",\"logo\":{\"@type\":\"ImageObject\",\"inLanguage\":\"de\",\"@id\":\"https:\/\/citycars.globaltouchdev.eu\/#\/schema\/logo\/image\/\",\"url\":\"https:\/\/citycars.globaltouchdev.eu\/wp-content\/uploads\/2021\/03\/logo-landscape.png\",\"contentUrl\":\"https:\/\/citycars.globaltouchdev.eu\/wp-content\/uploads\/2021\/03\/logo-landscape.png\",\"width\":640,\"height\":303,\"caption\":\"City Car Rental Thessaloniki | \u0395\u03bd\u03bf\u03b9\u03ba\u03b9\u03ac\u03c3\u03b5\u03b9\u03c2 \u0391\u03c5\u03c4\u03bf\u03ba\u03b9\u03bd\u03ae\u03c4\u03c9\u03bd \u0398\u03b5\u03c3\u03c3\u03b1\u03bb\u03bf\u03bd\u03af\u03ba\u03b7\"},\"image\":{\"@id\":\"https:\/\/citycars.globaltouchdev.eu\/#\/schema\/logo\/image\/\"},\"sameAs\":[\"https:\/\/www.facebook.com\/CityCarRentalThessaloniki\",\"https:\/\/twitter.com\/CityCarSalonika\",\"https:\/\/mastodon.social\/@Citycars\",\"https:\/\/www.instagram.com\/city_car_rental_thess\/\",\"https:\/\/www.youtube.com\/watch?v=Duixnt_tgZ8&ab_channel=AlexandrosTsapournias\",\"https:\/\/www.tripadvisor.com\/Attraction_Review-g189473-d23048607-Reviews-City_Car_Rental-Thessaloniki_Thessaloniki_Region_Central_Macedonia.html\"],\"description\":\"Car Rental Company in Thessaloniki Greece\",\"email\":\"rentacar@citycars.gr\",\"telephone\":\"+302310202029\",\"foundingDate\":\"2013-11-13\",\"vatID\":\"EL801704863\",\"numberOfEmployees\":{\"@type\":\"QuantitativeValue\",\"minValue\":\"1\",\"maxValue\":\"10\"}}]}<\/script>\n<!-- \/ Yoast SEO Premium plugin. -->","yoast_head_json":{"title":"\u201eMietwagen Chalkidiki | Autovermietung in der Stadt\u201c","description":"&#13; Sarti Chalkidiki Griechenland&#13; Chalkidiki zieht zahlreiche Touristen an und besteht aus drei d\u00fcnnen Halbinseln (Kassandra, Sithonia und Athos). Chalkidiki ist ein leicht erreichbares Ziel von Thessaloniki durch das moderne Stra\u00dfennetz in der Region. Die Pr\u00e4fektur Chalkidiki ist eine der sch\u00f6nsten K\u00fcstenregionen Griechenlands mit fantastischen Str\u00e4nden, \u00fcppiger Natur, wundersch\u00f6nen Buchten, Inseln, verschiedenen touristischen Einrichtungen, Hotels und unz\u00e4hligen D\u00f6rfern mit traditioneller Architektur. Sie werden fasziniert sein von der Gastronomie, den verschiedenen Arten von Unterhaltungs- und Kulturveranstaltungen, Festivals und traditionellen Festen des Ortes.&#13; &#13; Chalkidiki Chalkidiki ist reich an allen Arten von Interesse (arch\u00e4ologische St\u00e4tten, Museen, Kirchen, Kl\u00f6ster, Parks, traditionelle D\u00f6rfer, etc.).&#13; &#13; Die wichtigsten davon sind:&#13; &#13; Der Heilige Berg mit den ehrw\u00fcrdigen Kl\u00f6stern, einzigartig in der Welt.&#13; Die Petralona-H\u00f6hle, in der im Alter von 700.000 Jahren menschliche Knochen entdeckt wurden.&#13; Die Ruinen des antiken Tempels von Poseidon, der antike Tempel des Zeus Ammon, der Kanal und die Ruinen der Burg in Kassandra.&#13; Die Stagira, der Geburtsort von Aristoteles mit dem Themenpark seiner Erfindungen.&#13; Die traditionellen Siedlungen von Aphitos, Arnaia und anderen D\u00f6rfern mit gepflasterten Stra\u00dfen, Steinh\u00e4usern und Folkloremuseen.&#13; Der byzantinische Turm Stavronikita in Sani.&#13; Byzantinische Kirchen und Funde in Fourka.&#13;","robots":{"index":"noindex","follow":"follow","max-snippet":"max-snippet:-1","max-image-preview":"max-image-preview:large","max-video-preview":"max-video-preview:-1"},"og_locale":"de_DE","og_type":"article","og_title":"Mietwagen Chalkidiki","og_description":"&#13; Sarti Chalkidiki Griechenland&#13; Chalkidiki zieht zahlreiche Touristen an und besteht aus drei d\u00fcnnen Halbinseln (Kassandra, Sithonia und Athos). Chalkidiki ist ein leicht erreichbares Ziel von Thessaloniki durch das moderne Stra\u00dfennetz in der Region. Die Pr\u00e4fektur Chalkidiki ist eine der sch\u00f6nsten K\u00fcstenregionen Griechenlands mit fantastischen Str\u00e4nden, \u00fcppiger Natur, wundersch\u00f6nen Buchten, Inseln, verschiedenen touristischen Einrichtungen, Hotels und unz\u00e4hligen D\u00f6rfern mit traditioneller Architektur. Sie werden fasziniert sein von der Gastronomie, den verschiedenen Arten von Unterhaltungs- und Kulturveranstaltungen, Festivals und traditionellen Festen des Ortes.&#13; &#13; Chalkidiki Chalkidiki ist reich an allen Arten von Interesse (arch\u00e4ologische St\u00e4tten, Museen, Kirchen, Kl\u00f6ster, Parks, traditionelle D\u00f6rfer, etc.).&#13; &#13; Die wichtigsten davon sind:&#13; &#13; Der Heilige Berg mit den ehrw\u00fcrdigen Kl\u00f6stern, einzigartig in der Welt.&#13; Die Petralona-H\u00f6hle, in der im Alter von 700.000 Jahren menschliche Knochen entdeckt wurden.&#13; Die Ruinen des antiken Tempels von Poseidon, der antike Tempel des Zeus Ammon, der Kanal und die Ruinen der Burg in Kassandra.&#13; Die Stagira, der Geburtsort von Aristoteles mit dem Themenpark seiner Erfindungen.&#13; Die traditionellen Siedlungen von Aphitos, Arnaia und anderen D\u00f6rfern mit gepflasterten Stra\u00dfen, Steinh\u00e4usern und Folkloremuseen.&#13; Der byzantinische Turm Stavronikita in Sani.&#13; Byzantinische Kirchen und Funde in Fourka.&#13;","og_url":"https:\/\/citycars.globaltouchdev.eu\/de\/mietwagen-chalkidiki\/","og_site_name":"City Car Rental","article_publisher":"https:\/\/www.facebook.com\/CityCarRentalThessaloniki","article_modified_time":"2024-07-10T13:47:51+00:00","og_image":[{"url":"https:\/\/www.sarti-chalkidiki.com\/images\/Beaches\/Armenistis_Beach\/283_armenistis2.jpg"}],"twitter_card":"summary_large_image","twitter_site":"@CityCarSalonika","twitter_misc":{"Gesch\u00e4tzte Lesezeit":"1\u00a0Minute"},"schema":{"@context":"https:\/\/schema.org","@graph":[{"@type":"WebPage","@id":"https:\/\/citycars.globaltouchdev.eu\/de\/mietwagen-chalkidiki\/","url":"https:\/\/citycars.globaltouchdev.eu\/de\/mietwagen-chalkidiki\/","name":"\u201eMietwagen Chalkidiki | Autovermietung in der Stadt\u201c","isPartOf":{"@id":"https:\/\/citycars.globaltouchdev.eu\/#website"},"primaryImageOfPage":{"@id":"https:\/\/citycars.globaltouchdev.eu\/de\/mietwagen-chalkidiki\/#primaryimage"},"image":{"@id":"https:\/\/citycars.globaltouchdev.eu\/de\/mietwagen-chalkidiki\/#primaryimage"},"thumbnailUrl":"https:\/\/www.sarti-chalkidiki.com\/images\/Beaches\/Armenistis_Beach\/283_armenistis2.jpg","datePublished":"2024-07-10T13:47:37+00:00","dateModified":"2024-07-10T13:47:51+00:00","description":"&#13; Sarti Chalkidiki Griechenland&#13; Chalkidiki zieht zahlreiche Touristen an und besteht aus drei d\u00fcnnen Halbinseln (Kassandra, Sithonia und Athos). Chalkidiki ist ein leicht erreichbares Ziel von Thessaloniki durch das moderne Stra\u00dfennetz in der Region. Die Pr\u00e4fektur Chalkidiki ist eine der sch\u00f6nsten K\u00fcstenregionen Griechenlands mit fantastischen Str\u00e4nden, \u00fcppiger Natur, wundersch\u00f6nen Buchten, Inseln, verschiedenen touristischen Einrichtungen, Hotels und unz\u00e4hligen D\u00f6rfern mit traditioneller Architektur. Sie werden fasziniert sein von der Gastronomie, den verschiedenen Arten von Unterhaltungs- und Kulturveranstaltungen, Festivals und traditionellen Festen des Ortes.&#13; &#13; Chalkidiki Chalkidiki ist reich an allen Arten von Interesse (arch\u00e4ologische St\u00e4tten, Museen, Kirchen, Kl\u00f6ster, Parks, traditionelle D\u00f6rfer, etc.).&#13; &#13; Die wichtigsten davon sind:&#13; &#13; Der Heilige Berg mit den ehrw\u00fcrdigen Kl\u00f6stern, einzigartig in der Welt.&#13; Die Petralona-H\u00f6hle, in der im Alter von 700.000 Jahren menschliche Knochen entdeckt wurden.&#13; Die Ruinen des antiken Tempels von Poseidon, der antike Tempel des Zeus Ammon, der Kanal und die Ruinen der Burg in Kassandra.&#13; Die Stagira, der Geburtsort von Aristoteles mit dem Themenpark seiner Erfindungen.&#13; Die traditionellen Siedlungen von Aphitos, Arnaia und anderen D\u00f6rfern mit gepflasterten Stra\u00dfen, Steinh\u00e4usern und Folkloremuseen.&#13; Der byzantinische Turm Stavronikita in Sani.&#13; Byzantinische Kirchen und Funde in Fourka.&#13;","breadcrumb":{"@id":"https:\/\/citycars.globaltouchdev.eu\/de\/mietwagen-chalkidiki\/#breadcrumb"},"inLanguage":"de","potentialAction":[{"@type":"ReadAction","target":["https:\/\/citycars.globaltouchdev.eu\/de\/mietwagen-chalkidiki\/"]}]},{"@type":"ImageObject","inLanguage":"de","@id":"https:\/\/citycars.globaltouchdev.eu\/de\/mietwagen-chalkidiki\/#primaryimage","url":"https:\/\/www.sarti-chalkidiki.com\/images\/Beaches\/Armenistis_Beach\/283_armenistis2.jpg","contentUrl":"https:\/\/www.sarti-chalkidiki.com\/images\/Beaches\/Armenistis_Beach\/283_armenistis2.jpg"},{"@type":"BreadcrumbList","@id":"https:\/\/citycars.globaltouchdev.eu\/de\/mietwagen-chalkidiki\/#breadcrumb","itemListElement":[{"@type":"ListItem","position":1,"name":"\u0391\u03c1\u03c7\u03b9\u03ba\u03ae","item":"https:\/\/citycars.globaltouchdev.eu\/"},{"@type":"ListItem","position":2,"name":"Mietwagen Chalkidiki"}]},{"@type":"WebSite","@id":"https:\/\/citycars.globaltouchdev.eu\/#website","url":"https:\/\/citycars.globaltouchdev.eu\/","name":"\u0395\u03bd\u03bf\u03b9\u03ba\u03b9\u03ac\u03c3\u03b5\u03b9\u03c2 \u0391\u03c5\u03c4\u03bf\u03ba\u03b9\u03bd\u03ae\u03c4\u03c9\u03bd \u0398\u03b5\u03c3\u03c3\u03b1\u03bb\u03bf\u03bd\u03af\u03ba\u03b7 | Rent a Car Thessaloniki | City Car Rental","description":"Rent a Car Airport Thessaloniki Greece","publisher":{"@id":"https:\/\/citycars.globaltouchdev.eu\/#organization"},"alternateName":"Auto Mieten Thessaloniki Flughafen","potentialAction":[{"@type":"SearchAction","target":{"@type":"EntryPoint","urlTemplate":"https:\/\/citycars.globaltouchdev.eu\/?s={search_term_string}"},"query-input":"required name=search_term_string"}],"inLanguage":"de"},{"@type":"Organization","@id":"https:\/\/citycars.globaltouchdev.eu\/#organization","name":"City Car Rental Thessaloniki | \u0395\u03bd\u03bf\u03b9\u03ba\u03b9\u03ac\u03c3\u03b5\u03b9\u03c2 \u0391\u03c5\u03c4\u03bf\u03ba\u03b9\u03bd\u03ae\u03c4\u03c9\u03bd \u0398\u03b5\u03c3\u03c3\u03b1\u03bb\u03bf\u03bd\u03af\u03ba\u03b7","alternateName":"Car Rental Airport Thessaloniki Greece | City Car Rental","url":"https:\/\/citycars.globaltouchdev.eu\/","logo":{"@type":"ImageObject","inLanguage":"de","@id":"https:\/\/citycars.globaltouchdev.eu\/#\/schema\/logo\/image\/","url":"https:\/\/citycars.globaltouchdev.eu\/wp-content\/uploads\/2021\/03\/logo-landscape.png","contentUrl":"https:\/\/citycars.globaltouchdev.eu\/wp-content\/uploads\/2021\/03\/logo-landscape.png","width":640,"height":303,"caption":"City Car Rental Thessaloniki | \u0395\u03bd\u03bf\u03b9\u03ba\u03b9\u03ac\u03c3\u03b5\u03b9\u03c2 \u0391\u03c5\u03c4\u03bf\u03ba\u03b9\u03bd\u03ae\u03c4\u03c9\u03bd \u0398\u03b5\u03c3\u03c3\u03b1\u03bb\u03bf\u03bd\u03af\u03ba\u03b7"},"image":{"@id":"https:\/\/citycars.globaltouchdev.eu\/#\/schema\/logo\/image\/"},"sameAs":["https:\/\/www.facebook.com\/CityCarRentalThessaloniki","https:\/\/twitter.com\/CityCarSalonika","https:\/\/mastodon.social\/@Citycars","https:\/\/www.instagram.com\/city_car_rental_thess\/","https:\/\/www.youtube.com\/watch?v=Duixnt_tgZ8&ab_channel=AlexandrosTsapournias","https:\/\/www.tripadvisor.com\/Attraction_Review-g189473-d23048607-Reviews-City_Car_Rental-Thessaloniki_Thessaloniki_Region_Central_Macedonia.html"],"description":"Car Rental Company in Thessaloniki Greece","email":"rentacar@citycars.gr","telephone":"+302310202029","foundingDate":"2013-11-13","vatID":"EL801704863","numberOfEmployees":{"@type":"QuantitativeValue","minValue":"1","maxValue":"10"}}]}},"_links":{"self":[{"href":"https:\/\/citycars.globaltouchdev.eu\/de\/wp-json\/wp\/v2\/pages\/3287","targetHints":{"allow":["GET"]}}],"collection":[{"href":"https:\/\/citycars.globaltouchdev.eu\/de\/wp-json\/wp\/v2\/pages"}],"about":[{"href":"https:\/\/citycars.globaltouchdev.eu\/de\/wp-json\/wp\/v2\/types\/page"}],"author":[{"embeddable":true,"href":"https:\/\/citycars.globaltouchdev.eu\/de\/wp-json\/wp\/v2\/users\/1"}],"replies":[{"embeddable":true,"href":"https:\/\/citycars.globaltouchdev.eu\/de\/wp-json\/wp\/v2\/comments?post=3287"}],"version-history":[{"count":1,"href":"https:\/\/citycars.globaltouchdev.eu\/de\/wp-json\/wp\/v2\/pages\/3287\/revisions"}],"predecessor-version":[{"id":3288,"href":"https:\/\/citycars.globaltouchdev.eu\/de\/wp-json\/wp\/v2\/pages\/3287\/revisions\/3288"}],"wp:attachment":[{"href":"https:\/\/citycars.globaltouchdev.eu\/de\/wp-json\/wp\/v2\/media?parent=3287"}],"curies":[{"name":"wp","href":"https:\/\/api.w.org\/{rel}","templated":true}]}}