{"id":3285,"date":"2024-07-10T16:43:35","date_gmt":"2024-07-10T13:43:35","guid":{"rendered":"https:\/\/citycars.globaltouchdev.eu\/archaeologische-staetten-von-thessaloniki\/"},"modified":"2024-07-10T16:43:54","modified_gmt":"2024-07-10T13:43:54","slug":"archaeologische-staetten-von-thessaloniki","status":"publish","type":"page","link":"https:\/\/citycars.globaltouchdev.eu\/de\/archaeologische-staetten-von-thessaloniki\/","title":{"rendered":"Arch\u00e4ologische St\u00e4tten von Thessaloniki"},"content":{"rendered":"&#13;\n<h1 class=\"wp-block-heading\"><a href=\"http:\/\/www.amth.gr\"><strong>&#13;\nArch\u00e4ologische St\u00e4tten von Thessaloniki<\/strong><\/a><\/h1>&#13;\n<h2><a href=\"http:\/\/www.lpth.gr\"><strong>Der Wei\u00dfe Turm<\/strong><\/a><\/h2>&#13;\n&#13;\n<figure class=\"wp-block-image size-large is-resized\"><img fetchpriority=\"high\" decoding=\"async\" src=\"https:\/\/www.aegeantrails.com\/wp-content\/uploads\/2018\/05\/Thessaloniki_Slider04.jpg\" alt=\"\" width=\"838\" height=\"561\"\/><figcaption>Der Wei\u00dfe Turm<\/figcaption><\/figure>&#13;\n<p>Der Wei\u00dfe Turm ist das Symbol von Thessaloniki. Erbaut 1535, war die Festung der Stadt zum Meer, aber es wurde auch als Gef\u00e4ngnis und Ort der Folter genutzt. Nach der Befreiung der Stadt wurde der Turm wei\u00df gestrichen, um das Blut zu reinigen, und wurde in \u201cWei\u00dfer Turm\u201d umbenannt. Es hat eine zylindrische Form, betr\u00e4gt die H\u00f6he etwa 35 Meter und besteht aus sechs Etagen mit einer zentralen kreisf\u00f6rmigen Halle, in der historisch bedeutende Funde ausgestellt sind. Es ist in ausgezeichnetem Zustand gehalten und die Aussicht von oben ist atemberaubend.<\/p>&#13;\n&#13;\n<h2 class=\"wp-block-heading\"><strong>Der Galeriusbogen, auch bekannt als Camara<\/strong><\/h2>&#13;\n&#13;\n<figure class=\"wp-block-image size-large\"><img decoding=\"async\" src=\"https:\/\/thessalonikilocal.com\/wp-content\/uploads\/2020\/05\/Kamara.jpg\" alt=\"\"\/><figcaption><strong>Der Galeriusbogen, auch bekannt als Camara<\/strong><\/figcaption><\/figure>&#13;\n<p>Erbaut 305 n. Chr., um den Triumph des Kaisers \u00fcber die Perser zu feiern. Vom urspr\u00fcnglichen Bogen sind nur drei Pf\u00e4hle und ein Teil des oberen Mauerwerks erhalten geblieben. Die beiden Haupts\u00e4ulen sind mit gemei\u00dfelten Marmorplatten bedeckt. Die Struktur bestand urspr\u00fcnglich aus 4 Hauptpf\u00e4hlen und 2 kleineren auf jeder Seite, die die zentrale Struktur st\u00fctzten. Durch den Bogen war es nicht m\u00f6glich, den Palast von Galerius und Rotunde zu erreichen.<\/p>&#13;\n&#13;\n<h2 class=\"wp-block-heading\"><strong>Die Rotunde von Agios Georgios (Rotonda)<\/strong><\/h2>&#13;\n&#13;\n<figure class=\"wp-block-image size-large is-resized\"><img decoding=\"async\" src=\"https:\/\/thessaloniki-sightseeing.com\/wp-content\/uploads\/2018\/03\/rotonta.jpg\" alt=\"\" width=\"843\" height=\"263\"\/><figcaption><strong>Die Rotunde von Agios Georgios (Rotonda)<\/strong><\/figcaption><\/figure>&#13;\n<p>Die Rotunde wurde in den Jahren von Caesar Galerius (ca. 306 n. Chr.) als Tempel des Zeus oder Caverius oder, anderen zufolge, als sein Mausoleum erbaut. Seinen Namen verdankt es seiner runden Form. Es war durch eine besondere Stra\u00dfe mit dem Galeriusbogen und seinen Pal\u00e4sten verbunden. Im Laufe der Jahrhunderte erlitt es viele Schl\u00e4ge durch Erdbeben und Kriege sowie zahlreiche Eingriffe. Es wurde ein christlicher Tempel, eine Moschee, ein Museum und ein Ort f\u00fcr kulturelle Veranstaltungen.&#13;\n<\/p>&#13;\n&#13;\n<h2 class=\"wp-block-heading\"><strong>Die antike Agora oder r\u00f6mische Agora<\/strong><\/h2>&#13;\n&#13;\n<figure class=\"wp-block-image size-large\"><img decoding=\"async\" src=\"https:\/\/thessaloniki.travel\/media\/k2\/items\/cache\/62d8a0a826023e1f0111f69f3b6a2d59_XL.jpg\" alt=\"\"\/><figcaption><strong>Die antike Agora oder r\u00f6mische Agora<\/strong><\/figcaption><\/figure>&#13;\n<p>Der antike Markt war das Zentrum der r\u00f6mischen Stadt Thessaloniki mit \u00f6ffentlichen Geb\u00e4uden, Winterg\u00e4rten, Arkaden und Unterhaltungsm\u00f6glichkeiten. Es erstreckte sich \u00fcber eine Fl\u00e4che von etwa 20 Hektar zwischen den heutigen Stra\u00dfen Olympos und Philippou.&#13;\n<\/p>&#13;\n&#13;\n<h2 class=\"wp-block-heading\"><strong><a title=\"www.amth.gr\" href=\"http:\/\/www.amth.gr\" target=\"_blank\" rel=\"noreferrer noopener\">Arch\u00e4ologisches Museum von Thessaloniki<\/a><\/strong><\/h2>&#13;\n&#13;\n<figure class=\"wp-block-image size-large is-resized\"><img decoding=\"async\" src=\"https:\/\/upload.wikimedia.org\/wikipedia\/commons\/thumb\/6\/65\/Archaeological_Museum_of_Thessaloniki_by_Joy_of_Museums.jpg\/1024px-Archaeological_Museum_of_Thessaloniki_by_Joy_of_Museums.jpg\" alt=\"\" width=\"839\" height=\"524\"\/><figcaption>Arch\u00e4ologisches Museum von Thessaloniki<\/figcaption><\/figure>&#13;\n<p>Zu sehen sind reiche Sammlungen der antiken hellenistischen und r\u00f6mischen Geschichte von Thessaloniki, gro\u00dfe Skulpturen, Sarkophage und zahlreiche Edelsteine, kostbare und Alltagsgegenst\u00e4nde, Schopfsch\u00e4tze von Vergina und Derveni.<\/p>&#13;\n&#13;\n<h2 class=\"wp-block-heading\"><a href=\"http:\/\/www.jmth.gr\"><strong>J\u00fcdisches Museum<\/strong><\/a><\/h2>&#13;\n&#13;\n<figure class=\"wp-block-image size-large\"><img decoding=\"async\" src=\"https:\/\/upload.wikimedia.org\/wikipedia\/commons\/6\/6f\/J%C3%BCdisches_Museum_Thessaloniki.JPG\" alt=\"\"\/><figcaption>J\u00fcdisches Museum<\/figcaption><\/figure>&#13;\n<p>Das J\u00fcdische Museum von Thessaloniki, in der Stra\u00dfe St. Menas, ist seit 2001 in Betrieb, um das Erbe der sephardischen Juden zu dokumentieren, die nach Griechenland zogen, nachdem sie im 15. Jahrhundert aus Spanien verbannt worden waren, und die westliche Renaissancekultur des Mittelmeerraums mit sich brachten. Was vom verheerenden Brand von 1917 und dem Wirbelwind des Zweiten Weltkriegs \u00fcbrig geblieben ist, wie Grabsteine, religi\u00f6se und zeremonielle Utensilien, B\u00fccher, Dokumente, Kost\u00fcme und Gebrauchsgegenst\u00e4nde des t\u00e4glichen Lebens, zeigt die Geschichte der j\u00fcdischen Gemeinde in Thessaloniki vom 3. Jahrhundert v. Chr. bis zum Holocaust, die sich in einer F\u00fclle von Fotografien und informativen Texten widerspiegelt.&#13;\n&#13;\n<\/p>&#13;\n&#13;\n<h2 class=\"wp-block-heading\">Science Center und Technologiemuseum \u201cNOESIS\u201d<\/h2>&#13;\n&#13;\n<h3 class=\"wp-block-image size-large is-resized\"><img loading=\"lazy\" decoding=\"async\" src=\"https:\/\/lh3.googleusercontent.com\/proxy\/cM7FJU86IthVUXs7_azLQF8colK9P87ysBq1NZ1up9yJHEL4irnDTctxjRFGnO6QmftWTbmgv9k1cP38V6XRmqpuIGTUPqjd9n1OEpI3G-oDLfa63iXUP1tExIbpEGkS7DIzxSvwWv_KrO93\" alt=\"\" width=\"830\" height=\"553\"\/>Science Center and Technology Museum &#8222;NOESIS&#8220;<\/h3>&#13;\n&#13;\n<p>Das Science Center &amp; Technology Museum NOESIS wurde 2001 gegr\u00fcndet, um Wissen und Verst\u00e4ndnis f\u00fcr Wissenschaft, Technologie und technische Kultur zu f\u00f6rdern. Das hochmoderne Museum umfasst einen Interaktionsbereich, Kinovorf\u00fchrungen f\u00fcr Natur- und Umweltfilme in 3D, das digitale Planetarium, in dem astronomische und physikalische Ph\u00e4nomene dargestellt werden, und den Simulator Virtual Reality als Reise ins All oder auf dem Meeresgrund. Es ist das modernste Museum in Thessaloniki. Nur 10 Minuten vom Flughafen Makedonien von Thessaloniki entfernt.<\/p>&#13;\n","protected":false},"excerpt":{"rendered":"<p>&#13; &#13; Arch\u00e4ologische St\u00e4tten von Thessaloniki &#13; Der Wei\u00dfe Turm &#13; &#13; Der Wei\u00dfe Turm ist das Symbol von Thessaloniki. Erbaut 1535, war die Festung der Stadt zum Meer, aber es wurde auch als Gef\u00e4ngnis und Ort der Folter genutzt. Nach der Befreiung der Stadt wurde der Turm wei\u00df gestrichen, um das Blut zu reinigen, [&hellip;]<\/p>\n","protected":false},"author":1,"featured_media":0,"parent":0,"menu_order":0,"comment_status":"closed","ping_status":"closed","template":"","meta":{"footnotes":""},"class_list":["post-3285","page","type-page","status-publish","hentry"],"yoast_head":"<!-- This site is optimized with the Yoast SEO Premium plugin v22.3 (Yoast SEO v22.3) - https:\/\/yoast.com\/wordpress\/plugins\/seo\/ -->\n<title>Antikes Thessaloniki: Arch\u00e4ologische Diamanten<\/title>\n<meta name=\"description\" content=\"Entdecken Sie die arch\u00e4ologischen St\u00e4tten von Thessaloniki. Erkunden Sie Ruinen und tauchen Sie ein in die reiche Geschichte Griechenlands\" \/>\n<meta name=\"robots\" content=\"noindex, follow, max-snippet:-1, max-image-preview:large, max-video-preview:-1\" \/>\n<meta property=\"og:locale\" content=\"de_DE\" \/>\n<meta property=\"og:type\" content=\"article\" \/>\n<meta property=\"og:title\" content=\"Arch\u00e4ologische St\u00e4tten von Thessaloniki\" \/>\n<meta property=\"og:description\" content=\"Entdecken Sie die arch\u00e4ologischen St\u00e4tten von Thessaloniki. Erkunden Sie Ruinen und tauchen Sie ein in die reiche Geschichte Griechenlands\" \/>\n<meta property=\"og:url\" content=\"https:\/\/citycars.globaltouchdev.eu\/de\/archaeologische-staetten-von-thessaloniki\/\" \/>\n<meta property=\"og:site_name\" content=\"City Car Rental\" \/>\n<meta property=\"article:publisher\" content=\"https:\/\/www.facebook.com\/CityCarRentalThessaloniki\" \/>\n<meta property=\"article:modified_time\" content=\"2024-07-10T13:43:54+00:00\" \/>\n<meta property=\"og:image\" content=\"https:\/\/www.aegeantrails.com\/wp-content\/uploads\/2018\/05\/Thessaloniki_Slider04.jpg\" \/>\n<meta name=\"twitter:card\" content=\"summary_large_image\" \/>\n<meta name=\"twitter:site\" content=\"@CityCarSalonika\" \/>\n<meta name=\"twitter:label1\" content=\"Gesch\u00e4tzte Lesezeit\" \/>\n\t<meta name=\"twitter:data1\" content=\"3\u00a0Minuten\" \/>\n<script type=\"application\/ld+json\" class=\"yoast-schema-graph\">{\"@context\":\"https:\/\/schema.org\",\"@graph\":[{\"@type\":\"WebPage\",\"@id\":\"https:\/\/citycars.globaltouchdev.eu\/de\/archaeologische-staetten-von-thessaloniki\/\",\"url\":\"https:\/\/citycars.globaltouchdev.eu\/de\/archaeologische-staetten-von-thessaloniki\/\",\"name\":\"Antikes Thessaloniki: Arch\u00e4ologische Diamanten\",\"isPartOf\":{\"@id\":\"https:\/\/citycars.globaltouchdev.eu\/#website\"},\"primaryImageOfPage\":{\"@id\":\"https:\/\/citycars.globaltouchdev.eu\/de\/archaeologische-staetten-von-thessaloniki\/#primaryimage\"},\"image\":{\"@id\":\"https:\/\/citycars.globaltouchdev.eu\/de\/archaeologische-staetten-von-thessaloniki\/#primaryimage\"},\"thumbnailUrl\":\"https:\/\/www.aegeantrails.com\/wp-content\/uploads\/2018\/05\/Thessaloniki_Slider04.jpg\",\"datePublished\":\"2024-07-10T13:43:35+00:00\",\"dateModified\":\"2024-07-10T13:43:54+00:00\",\"description\":\"Entdecken Sie die arch\u00e4ologischen St\u00e4tten von Thessaloniki. Erkunden Sie Ruinen und tauchen Sie ein in die reiche Geschichte Griechenlands\",\"breadcrumb\":{\"@id\":\"https:\/\/citycars.globaltouchdev.eu\/de\/archaeologische-staetten-von-thessaloniki\/#breadcrumb\"},\"inLanguage\":\"de\",\"potentialAction\":[{\"@type\":\"ReadAction\",\"target\":[\"https:\/\/citycars.globaltouchdev.eu\/de\/archaeologische-staetten-von-thessaloniki\/\"]}]},{\"@type\":\"ImageObject\",\"inLanguage\":\"de\",\"@id\":\"https:\/\/citycars.globaltouchdev.eu\/de\/archaeologische-staetten-von-thessaloniki\/#primaryimage\",\"url\":\"https:\/\/www.aegeantrails.com\/wp-content\/uploads\/2018\/05\/Thessaloniki_Slider04.jpg\",\"contentUrl\":\"https:\/\/www.aegeantrails.com\/wp-content\/uploads\/2018\/05\/Thessaloniki_Slider04.jpg\"},{\"@type\":\"BreadcrumbList\",\"@id\":\"https:\/\/citycars.globaltouchdev.eu\/de\/archaeologische-staetten-von-thessaloniki\/#breadcrumb\",\"itemListElement\":[{\"@type\":\"ListItem\",\"position\":1,\"name\":\"\u0391\u03c1\u03c7\u03b9\u03ba\u03ae\",\"item\":\"https:\/\/citycars.globaltouchdev.eu\/\"},{\"@type\":\"ListItem\",\"position\":2,\"name\":\"Arch\u00e4ologische St\u00e4tten von Thessaloniki\"}]},{\"@type\":\"WebSite\",\"@id\":\"https:\/\/citycars.globaltouchdev.eu\/#website\",\"url\":\"https:\/\/citycars.globaltouchdev.eu\/\",\"name\":\"\u0395\u03bd\u03bf\u03b9\u03ba\u03b9\u03ac\u03c3\u03b5\u03b9\u03c2 \u0391\u03c5\u03c4\u03bf\u03ba\u03b9\u03bd\u03ae\u03c4\u03c9\u03bd \u0398\u03b5\u03c3\u03c3\u03b1\u03bb\u03bf\u03bd\u03af\u03ba\u03b7 | Rent a Car Thessaloniki | City Car Rental\",\"description\":\"Rent a Car Airport Thessaloniki Greece\",\"publisher\":{\"@id\":\"https:\/\/citycars.globaltouchdev.eu\/#organization\"},\"alternateName\":\"Auto Mieten Thessaloniki Flughafen\",\"potentialAction\":[{\"@type\":\"SearchAction\",\"target\":{\"@type\":\"EntryPoint\",\"urlTemplate\":\"https:\/\/citycars.globaltouchdev.eu\/?s={search_term_string}\"},\"query-input\":\"required name=search_term_string\"}],\"inLanguage\":\"de\"},{\"@type\":\"Organization\",\"@id\":\"https:\/\/citycars.globaltouchdev.eu\/#organization\",\"name\":\"City Car Rental Thessaloniki | \u0395\u03bd\u03bf\u03b9\u03ba\u03b9\u03ac\u03c3\u03b5\u03b9\u03c2 \u0391\u03c5\u03c4\u03bf\u03ba\u03b9\u03bd\u03ae\u03c4\u03c9\u03bd \u0398\u03b5\u03c3\u03c3\u03b1\u03bb\u03bf\u03bd\u03af\u03ba\u03b7\",\"alternateName\":\"Car Rental Airport Thessaloniki Greece | City Car Rental\",\"url\":\"https:\/\/citycars.globaltouchdev.eu\/\",\"logo\":{\"@type\":\"ImageObject\",\"inLanguage\":\"de\",\"@id\":\"https:\/\/citycars.globaltouchdev.eu\/#\/schema\/logo\/image\/\",\"url\":\"https:\/\/citycars.globaltouchdev.eu\/wp-content\/uploads\/2021\/03\/logo-landscape.png\",\"contentUrl\":\"https:\/\/citycars.globaltouchdev.eu\/wp-content\/uploads\/2021\/03\/logo-landscape.png\",\"width\":640,\"height\":303,\"caption\":\"City Car Rental Thessaloniki | \u0395\u03bd\u03bf\u03b9\u03ba\u03b9\u03ac\u03c3\u03b5\u03b9\u03c2 \u0391\u03c5\u03c4\u03bf\u03ba\u03b9\u03bd\u03ae\u03c4\u03c9\u03bd \u0398\u03b5\u03c3\u03c3\u03b1\u03bb\u03bf\u03bd\u03af\u03ba\u03b7\"},\"image\":{\"@id\":\"https:\/\/citycars.globaltouchdev.eu\/#\/schema\/logo\/image\/\"},\"sameAs\":[\"https:\/\/www.facebook.com\/CityCarRentalThessaloniki\",\"https:\/\/twitter.com\/CityCarSalonika\",\"https:\/\/mastodon.social\/@Citycars\",\"https:\/\/www.instagram.com\/city_car_rental_thess\/\",\"https:\/\/www.youtube.com\/watch?v=Duixnt_tgZ8&ab_channel=AlexandrosTsapournias\",\"https:\/\/www.tripadvisor.com\/Attraction_Review-g189473-d23048607-Reviews-City_Car_Rental-Thessaloniki_Thessaloniki_Region_Central_Macedonia.html\"],\"description\":\"Car Rental Company in Thessaloniki Greece\",\"email\":\"rentacar@citycars.gr\",\"telephone\":\"+302310202029\",\"foundingDate\":\"2013-11-13\",\"vatID\":\"EL801704863\",\"numberOfEmployees\":{\"@type\":\"QuantitativeValue\",\"minValue\":\"1\",\"maxValue\":\"10\"}}]}<\/script>\n<!-- \/ Yoast SEO Premium plugin. -->","yoast_head_json":{"title":"Antikes Thessaloniki: Arch\u00e4ologische Diamanten","description":"Entdecken Sie die arch\u00e4ologischen St\u00e4tten von Thessaloniki. Erkunden Sie Ruinen und tauchen Sie ein in die reiche Geschichte Griechenlands","robots":{"index":"noindex","follow":"follow","max-snippet":"max-snippet:-1","max-image-preview":"max-image-preview:large","max-video-preview":"max-video-preview:-1"},"og_locale":"de_DE","og_type":"article","og_title":"Arch\u00e4ologische St\u00e4tten von Thessaloniki","og_description":"Entdecken Sie die arch\u00e4ologischen St\u00e4tten von Thessaloniki. Erkunden Sie Ruinen und tauchen Sie ein in die reiche Geschichte Griechenlands","og_url":"https:\/\/citycars.globaltouchdev.eu\/de\/archaeologische-staetten-von-thessaloniki\/","og_site_name":"City Car Rental","article_publisher":"https:\/\/www.facebook.com\/CityCarRentalThessaloniki","article_modified_time":"2024-07-10T13:43:54+00:00","og_image":[{"url":"https:\/\/www.aegeantrails.com\/wp-content\/uploads\/2018\/05\/Thessaloniki_Slider04.jpg"}],"twitter_card":"summary_large_image","twitter_site":"@CityCarSalonika","twitter_misc":{"Gesch\u00e4tzte Lesezeit":"3\u00a0Minuten"},"schema":{"@context":"https:\/\/schema.org","@graph":[{"@type":"WebPage","@id":"https:\/\/citycars.globaltouchdev.eu\/de\/archaeologische-staetten-von-thessaloniki\/","url":"https:\/\/citycars.globaltouchdev.eu\/de\/archaeologische-staetten-von-thessaloniki\/","name":"Antikes Thessaloniki: Arch\u00e4ologische Diamanten","isPartOf":{"@id":"https:\/\/citycars.globaltouchdev.eu\/#website"},"primaryImageOfPage":{"@id":"https:\/\/citycars.globaltouchdev.eu\/de\/archaeologische-staetten-von-thessaloniki\/#primaryimage"},"image":{"@id":"https:\/\/citycars.globaltouchdev.eu\/de\/archaeologische-staetten-von-thessaloniki\/#primaryimage"},"thumbnailUrl":"https:\/\/www.aegeantrails.com\/wp-content\/uploads\/2018\/05\/Thessaloniki_Slider04.jpg","datePublished":"2024-07-10T13:43:35+00:00","dateModified":"2024-07-10T13:43:54+00:00","description":"Entdecken Sie die arch\u00e4ologischen St\u00e4tten von Thessaloniki. Erkunden Sie Ruinen und tauchen Sie ein in die reiche Geschichte Griechenlands","breadcrumb":{"@id":"https:\/\/citycars.globaltouchdev.eu\/de\/archaeologische-staetten-von-thessaloniki\/#breadcrumb"},"inLanguage":"de","potentialAction":[{"@type":"ReadAction","target":["https:\/\/citycars.globaltouchdev.eu\/de\/archaeologische-staetten-von-thessaloniki\/"]}]},{"@type":"ImageObject","inLanguage":"de","@id":"https:\/\/citycars.globaltouchdev.eu\/de\/archaeologische-staetten-von-thessaloniki\/#primaryimage","url":"https:\/\/www.aegeantrails.com\/wp-content\/uploads\/2018\/05\/Thessaloniki_Slider04.jpg","contentUrl":"https:\/\/www.aegeantrails.com\/wp-content\/uploads\/2018\/05\/Thessaloniki_Slider04.jpg"},{"@type":"BreadcrumbList","@id":"https:\/\/citycars.globaltouchdev.eu\/de\/archaeologische-staetten-von-thessaloniki\/#breadcrumb","itemListElement":[{"@type":"ListItem","position":1,"name":"\u0391\u03c1\u03c7\u03b9\u03ba\u03ae","item":"https:\/\/citycars.globaltouchdev.eu\/"},{"@type":"ListItem","position":2,"name":"Arch\u00e4ologische St\u00e4tten von Thessaloniki"}]},{"@type":"WebSite","@id":"https:\/\/citycars.globaltouchdev.eu\/#website","url":"https:\/\/citycars.globaltouchdev.eu\/","name":"\u0395\u03bd\u03bf\u03b9\u03ba\u03b9\u03ac\u03c3\u03b5\u03b9\u03c2 \u0391\u03c5\u03c4\u03bf\u03ba\u03b9\u03bd\u03ae\u03c4\u03c9\u03bd \u0398\u03b5\u03c3\u03c3\u03b1\u03bb\u03bf\u03bd\u03af\u03ba\u03b7 | Rent a Car Thessaloniki | City Car Rental","description":"Rent a Car Airport Thessaloniki Greece","publisher":{"@id":"https:\/\/citycars.globaltouchdev.eu\/#organization"},"alternateName":"Auto Mieten Thessaloniki Flughafen","potentialAction":[{"@type":"SearchAction","target":{"@type":"EntryPoint","urlTemplate":"https:\/\/citycars.globaltouchdev.eu\/?s={search_term_string}"},"query-input":"required name=search_term_string"}],"inLanguage":"de"},{"@type":"Organization","@id":"https:\/\/citycars.globaltouchdev.eu\/#organization","name":"City Car Rental Thessaloniki | \u0395\u03bd\u03bf\u03b9\u03ba\u03b9\u03ac\u03c3\u03b5\u03b9\u03c2 \u0391\u03c5\u03c4\u03bf\u03ba\u03b9\u03bd\u03ae\u03c4\u03c9\u03bd \u0398\u03b5\u03c3\u03c3\u03b1\u03bb\u03bf\u03bd\u03af\u03ba\u03b7","alternateName":"Car Rental Airport Thessaloniki Greece | City Car Rental","url":"https:\/\/citycars.globaltouchdev.eu\/","logo":{"@type":"ImageObject","inLanguage":"de","@id":"https:\/\/citycars.globaltouchdev.eu\/#\/schema\/logo\/image\/","url":"https:\/\/citycars.globaltouchdev.eu\/wp-content\/uploads\/2021\/03\/logo-landscape.png","contentUrl":"https:\/\/citycars.globaltouchdev.eu\/wp-content\/uploads\/2021\/03\/logo-landscape.png","width":640,"height":303,"caption":"City Car Rental Thessaloniki | \u0395\u03bd\u03bf\u03b9\u03ba\u03b9\u03ac\u03c3\u03b5\u03b9\u03c2 \u0391\u03c5\u03c4\u03bf\u03ba\u03b9\u03bd\u03ae\u03c4\u03c9\u03bd \u0398\u03b5\u03c3\u03c3\u03b1\u03bb\u03bf\u03bd\u03af\u03ba\u03b7"},"image":{"@id":"https:\/\/citycars.globaltouchdev.eu\/#\/schema\/logo\/image\/"},"sameAs":["https:\/\/www.facebook.com\/CityCarRentalThessaloniki","https:\/\/twitter.com\/CityCarSalonika","https:\/\/mastodon.social\/@Citycars","https:\/\/www.instagram.com\/city_car_rental_thess\/","https:\/\/www.youtube.com\/watch?v=Duixnt_tgZ8&ab_channel=AlexandrosTsapournias","https:\/\/www.tripadvisor.com\/Attraction_Review-g189473-d23048607-Reviews-City_Car_Rental-Thessaloniki_Thessaloniki_Region_Central_Macedonia.html"],"description":"Car Rental Company in Thessaloniki Greece","email":"rentacar@citycars.gr","telephone":"+302310202029","foundingDate":"2013-11-13","vatID":"EL801704863","numberOfEmployees":{"@type":"QuantitativeValue","minValue":"1","maxValue":"10"}}]}},"_links":{"self":[{"href":"https:\/\/citycars.globaltouchdev.eu\/de\/wp-json\/wp\/v2\/pages\/3285","targetHints":{"allow":["GET"]}}],"collection":[{"href":"https:\/\/citycars.globaltouchdev.eu\/de\/wp-json\/wp\/v2\/pages"}],"about":[{"href":"https:\/\/citycars.globaltouchdev.eu\/de\/wp-json\/wp\/v2\/types\/page"}],"author":[{"embeddable":true,"href":"https:\/\/citycars.globaltouchdev.eu\/de\/wp-json\/wp\/v2\/users\/1"}],"replies":[{"embeddable":true,"href":"https:\/\/citycars.globaltouchdev.eu\/de\/wp-json\/wp\/v2\/comments?post=3285"}],"version-history":[{"count":1,"href":"https:\/\/citycars.globaltouchdev.eu\/de\/wp-json\/wp\/v2\/pages\/3285\/revisions"}],"predecessor-version":[{"id":3286,"href":"https:\/\/citycars.globaltouchdev.eu\/de\/wp-json\/wp\/v2\/pages\/3285\/revisions\/3286"}],"wp:attachment":[{"href":"https:\/\/citycars.globaltouchdev.eu\/de\/wp-json\/wp\/v2\/media?parent=3285"}],"curies":[{"name":"wp","href":"https:\/\/api.w.org\/{rel}","templated":true}]}}