{"id":3281,"date":"2024-07-10T16:38:39","date_gmt":"2024-07-10T13:38:39","guid":{"rendered":"https:\/\/citycars.globaltouchdev.eu\/flughafen-thessaloniki\/"},"modified":"2024-07-10T16:38:55","modified_gmt":"2024-07-10T13:38:55","slug":"flughafen-thessaloniki","status":"publish","type":"page","link":"https:\/\/citycars.globaltouchdev.eu\/de\/flughafen-thessaloniki\/","title":{"rendered":"Flughafen Thessaloniki"},"content":{"rendered":"&#13;\n<h2 class=\"wp-block-heading\"><img fetchpriority=\"high\" decoding=\"async\" class=\"alignnone  wp-image-2090\" src=\"https:\/\/citycars.globaltouchdev.eu\/wp-content\/uploads\/2024\/03\/skg-airport-300x169.jpeg\" alt=\"\" width=\"431\" height=\"243\" srcset=\"https:\/\/citycars.globaltouchdev.eu\/wp-content\/uploads\/2024\/03\/skg-airport-300x169.jpeg 300w, https:\/\/citycars.globaltouchdev.eu\/wp-content\/uploads\/2024\/03\/skg-airport-768x432.jpeg 768w, https:\/\/citycars.globaltouchdev.eu\/wp-content\/uploads\/2024\/03\/skg-airport-480x270.jpeg 480w, https:\/\/citycars.globaltouchdev.eu\/wp-content\/uploads\/2024\/03\/skg-airport-853x480.jpeg 853w, https:\/\/citycars.globaltouchdev.eu\/wp-content\/uploads\/2024\/03\/skg-airport-250x141.jpeg 250w, https:\/\/citycars.globaltouchdev.eu\/wp-content\/uploads\/2024\/03\/skg-airport-444x250.jpeg 444w, https:\/\/citycars.globaltouchdev.eu\/wp-content\/uploads\/2024\/03\/skg-airport-150x84.jpeg 150w, https:\/\/citycars.globaltouchdev.eu\/wp-content\/uploads\/2024\/03\/skg-airport-605x340.jpeg 605w, https:\/\/citycars.globaltouchdev.eu\/wp-content\/uploads\/2024\/03\/skg-airport.jpeg 960w\" sizes=\"(max-width: 431px) 100vw, 431px\" \/><\/h2>&#13;\n<h2 class=\"entry-title\"><a href=\"https:\/\/www.skg-airport.gr\/en\">Flughafen Thessaloniki<\/a><\/h2>&#13;\n&#13;\n<p>Thessaloniki, die zweitgr\u00f6\u00dfte Stadt Griechenlands, ist ein sehr interessantes Reiseziel nicht nur f\u00fcr die Hauptstadt, die Sie bezaubern wird, sondern auch f\u00fcr die Umgebung. Atemberaubende Berge, kristallklares Meerwasser, die goldenen Sandstr\u00e4nde von Chalkidiki, sch\u00f6ne Siedlungen und beliebte griechische St\u00e4dte wie Kavala, Veroia und Edessa sind nur 1-2 Autostunden entfernt.&#13;\n&#13;\nEgal, ob Sie in Thessaloniki oder in einem anderen Touristenort in Nordgriechenland \u00fcbernachten, ein Mietwagen am Flughafen Thessaloniki ist die beste L\u00f6sung, um die Gegend sicher und flexibel zu erkunden. Der Flughafen von Thessaloniki liegt au\u00dferhalb der Stadt, und von dort aus k\u00f6nnen Sie gehen, wohin Sie wollen. Wir begr\u00fc\u00dfen Sie, sobald Sie ankommen, bereit, Ihnen zu helfen und Sie mit Tipps f\u00fcr eine erstaunliche Reise zu f\u00fchren.&#13;\n&#13;\nReservieren Sie online, w\u00e4hlen Sie das ideale Auto f\u00fcr Sie und profitieren Sie von unseren g\u00fcnstigen Preisen und unschlagbaren Angeboten!<\/p>&#13;\n","protected":false},"excerpt":{"rendered":"<p>&#13; &#13; Flughafen Thessaloniki &#13; &#13; Thessaloniki, die zweitgr\u00f6\u00dfte Stadt Griechenlands, ist ein sehr interessantes Reiseziel nicht nur f\u00fcr die Hauptstadt, die Sie bezaubern wird, sondern auch f\u00fcr die Umgebung. Atemberaubende Berge, kristallklares Meerwasser, die goldenen Sandstr\u00e4nde von Chalkidiki, sch\u00f6ne Siedlungen und beliebte griechische St\u00e4dte wie Kavala, Veroia und Edessa sind nur 1-2 Autostunden entfernt.&#13; [&hellip;]<\/p>\n","protected":false},"author":1,"featured_media":3283,"parent":0,"menu_order":0,"comment_status":"closed","ping_status":"closed","template":"","meta":{"footnotes":""},"class_list":["post-3281","page","type-page","status-publish","has-post-thumbnail","hentry"],"yoast_head":"<!-- This site is optimized with the Yoast SEO Premium plugin v22.3 (Yoast SEO v22.3) - https:\/\/yoast.com\/wordpress\/plugins\/seo\/ -->\n<title>Flughafen Thessaloniki | Stadtautovermietung Thessaloniki<\/title>\n<meta name=\"description\" content=\"Entdecken Sie den Flughafen Thessaloniki, das Tor nach Nordgriechenland. Genie\u00dfen Sie hervorragende Verbindungen und Empfang im pulsierenden Thessaloniki\" \/>\n<meta name=\"robots\" content=\"noindex, follow, max-snippet:-1, max-image-preview:large, max-video-preview:-1\" \/>\n<meta property=\"og:locale\" content=\"de_DE\" \/>\n<meta property=\"og:type\" content=\"article\" \/>\n<meta property=\"og:title\" content=\"Flughafen Thessaloniki\" \/>\n<meta property=\"og:description\" content=\"Entdecken Sie den Flughafen Thessaloniki, das Tor nach Nordgriechenland. Genie\u00dfen Sie hervorragende Verbindungen und Empfang im pulsierenden Thessaloniki\" \/>\n<meta property=\"og:url\" content=\"https:\/\/citycars.globaltouchdev.eu\/de\/flughafen-thessaloniki\/\" \/>\n<meta property=\"og:site_name\" content=\"City Car Rental\" \/>\n<meta property=\"article:publisher\" content=\"https:\/\/www.facebook.com\/CityCarRentalThessaloniki\" \/>\n<meta property=\"article:modified_time\" content=\"2024-07-10T13:38:55+00:00\" \/>\n<meta property=\"og:image\" content=\"https:\/\/citycars.globaltouchdev.eu\/wp-content\/uploads\/2024\/03\/skg-airport.jpeg\" \/>\n\t<meta property=\"og:image:width\" content=\"960\" \/>\n\t<meta property=\"og:image:height\" content=\"540\" \/>\n\t<meta property=\"og:image:type\" content=\"image\/jpeg\" \/>\n<meta name=\"twitter:card\" content=\"summary_large_image\" \/>\n<meta name=\"twitter:site\" content=\"@CityCarSalonika\" \/>\n<meta name=\"twitter:label1\" content=\"Gesch\u00e4tzte Lesezeit\" \/>\n\t<meta name=\"twitter:data1\" content=\"1\u00a0Minute\" \/>\n<script type=\"application\/ld+json\" class=\"yoast-schema-graph\">{\"@context\":\"https:\/\/schema.org\",\"@graph\":[{\"@type\":\"WebPage\",\"@id\":\"https:\/\/citycars.globaltouchdev.eu\/de\/flughafen-thessaloniki\/\",\"url\":\"https:\/\/citycars.globaltouchdev.eu\/de\/flughafen-thessaloniki\/\",\"name\":\"Flughafen Thessaloniki | Stadtautovermietung Thessaloniki\",\"isPartOf\":{\"@id\":\"https:\/\/citycars.globaltouchdev.eu\/#website\"},\"primaryImageOfPage\":{\"@id\":\"https:\/\/citycars.globaltouchdev.eu\/de\/flughafen-thessaloniki\/#primaryimage\"},\"image\":{\"@id\":\"https:\/\/citycars.globaltouchdev.eu\/de\/flughafen-thessaloniki\/#primaryimage\"},\"thumbnailUrl\":\"https:\/\/citycars.globaltouchdev.eu\/wp-content\/uploads\/2024\/03\/skg-airport.jpeg\",\"datePublished\":\"2024-07-10T13:38:39+00:00\",\"dateModified\":\"2024-07-10T13:38:55+00:00\",\"description\":\"Entdecken Sie den Flughafen Thessaloniki, das Tor nach Nordgriechenland. Genie\u00dfen Sie hervorragende Verbindungen und Empfang im pulsierenden Thessaloniki\",\"breadcrumb\":{\"@id\":\"https:\/\/citycars.globaltouchdev.eu\/de\/flughafen-thessaloniki\/#breadcrumb\"},\"inLanguage\":\"de\",\"potentialAction\":[{\"@type\":\"ReadAction\",\"target\":[\"https:\/\/citycars.globaltouchdev.eu\/de\/flughafen-thessaloniki\/\"]}]},{\"@type\":\"ImageObject\",\"inLanguage\":\"de\",\"@id\":\"https:\/\/citycars.globaltouchdev.eu\/de\/flughafen-thessaloniki\/#primaryimage\",\"url\":\"https:\/\/citycars.globaltouchdev.eu\/wp-content\/uploads\/2024\/03\/skg-airport.jpeg\",\"contentUrl\":\"https:\/\/citycars.globaltouchdev.eu\/wp-content\/uploads\/2024\/03\/skg-airport.jpeg\",\"width\":960,\"height\":540},{\"@type\":\"BreadcrumbList\",\"@id\":\"https:\/\/citycars.globaltouchdev.eu\/de\/flughafen-thessaloniki\/#breadcrumb\",\"itemListElement\":[{\"@type\":\"ListItem\",\"position\":1,\"name\":\"\u0391\u03c1\u03c7\u03b9\u03ba\u03ae\",\"item\":\"https:\/\/citycars.globaltouchdev.eu\/\"},{\"@type\":\"ListItem\",\"position\":2,\"name\":\"Flughafen Thessaloniki\"}]},{\"@type\":\"WebSite\",\"@id\":\"https:\/\/citycars.globaltouchdev.eu\/#website\",\"url\":\"https:\/\/citycars.globaltouchdev.eu\/\",\"name\":\"\u0395\u03bd\u03bf\u03b9\u03ba\u03b9\u03ac\u03c3\u03b5\u03b9\u03c2 \u0391\u03c5\u03c4\u03bf\u03ba\u03b9\u03bd\u03ae\u03c4\u03c9\u03bd \u0398\u03b5\u03c3\u03c3\u03b1\u03bb\u03bf\u03bd\u03af\u03ba\u03b7 | Rent a Car Thessaloniki | City Car Rental\",\"description\":\"Rent a Car Airport Thessaloniki Greece\",\"publisher\":{\"@id\":\"https:\/\/citycars.globaltouchdev.eu\/#organization\"},\"alternateName\":\"Auto Mieten Thessaloniki Flughafen\",\"potentialAction\":[{\"@type\":\"SearchAction\",\"target\":{\"@type\":\"EntryPoint\",\"urlTemplate\":\"https:\/\/citycars.globaltouchdev.eu\/?s={search_term_string}\"},\"query-input\":\"required name=search_term_string\"}],\"inLanguage\":\"de\"},{\"@type\":\"Organization\",\"@id\":\"https:\/\/citycars.globaltouchdev.eu\/#organization\",\"name\":\"City Car Rental Thessaloniki | \u0395\u03bd\u03bf\u03b9\u03ba\u03b9\u03ac\u03c3\u03b5\u03b9\u03c2 \u0391\u03c5\u03c4\u03bf\u03ba\u03b9\u03bd\u03ae\u03c4\u03c9\u03bd \u0398\u03b5\u03c3\u03c3\u03b1\u03bb\u03bf\u03bd\u03af\u03ba\u03b7\",\"alternateName\":\"Car Rental Airport Thessaloniki Greece | City Car Rental\",\"url\":\"https:\/\/citycars.globaltouchdev.eu\/\",\"logo\":{\"@type\":\"ImageObject\",\"inLanguage\":\"de\",\"@id\":\"https:\/\/citycars.globaltouchdev.eu\/#\/schema\/logo\/image\/\",\"url\":\"https:\/\/citycars.globaltouchdev.eu\/wp-content\/uploads\/2021\/03\/logo-landscape.png\",\"contentUrl\":\"https:\/\/citycars.globaltouchdev.eu\/wp-content\/uploads\/2021\/03\/logo-landscape.png\",\"width\":640,\"height\":303,\"caption\":\"City Car Rental Thessaloniki | \u0395\u03bd\u03bf\u03b9\u03ba\u03b9\u03ac\u03c3\u03b5\u03b9\u03c2 \u0391\u03c5\u03c4\u03bf\u03ba\u03b9\u03bd\u03ae\u03c4\u03c9\u03bd \u0398\u03b5\u03c3\u03c3\u03b1\u03bb\u03bf\u03bd\u03af\u03ba\u03b7\"},\"image\":{\"@id\":\"https:\/\/citycars.globaltouchdev.eu\/#\/schema\/logo\/image\/\"},\"sameAs\":[\"https:\/\/www.facebook.com\/CityCarRentalThessaloniki\",\"https:\/\/twitter.com\/CityCarSalonika\",\"https:\/\/mastodon.social\/@Citycars\",\"https:\/\/www.instagram.com\/city_car_rental_thess\/\",\"https:\/\/www.youtube.com\/watch?v=Duixnt_tgZ8&ab_channel=AlexandrosTsapournias\",\"https:\/\/www.tripadvisor.com\/Attraction_Review-g189473-d23048607-Reviews-City_Car_Rental-Thessaloniki_Thessaloniki_Region_Central_Macedonia.html\"],\"description\":\"Car Rental Company in Thessaloniki Greece\",\"email\":\"rentacar@citycars.gr\",\"telephone\":\"+302310202029\",\"foundingDate\":\"2013-11-13\",\"vatID\":\"EL801704863\",\"numberOfEmployees\":{\"@type\":\"QuantitativeValue\",\"minValue\":\"1\",\"maxValue\":\"10\"}}]}<\/script>\n<!-- \/ Yoast SEO Premium plugin. -->","yoast_head_json":{"title":"Flughafen Thessaloniki | Stadtautovermietung Thessaloniki","description":"Entdecken Sie den Flughafen Thessaloniki, das Tor nach Nordgriechenland. Genie\u00dfen Sie hervorragende Verbindungen und Empfang im pulsierenden Thessaloniki","robots":{"index":"noindex","follow":"follow","max-snippet":"max-snippet:-1","max-image-preview":"max-image-preview:large","max-video-preview":"max-video-preview:-1"},"og_locale":"de_DE","og_type":"article","og_title":"Flughafen Thessaloniki","og_description":"Entdecken Sie den Flughafen Thessaloniki, das Tor nach Nordgriechenland. Genie\u00dfen Sie hervorragende Verbindungen und Empfang im pulsierenden Thessaloniki","og_url":"https:\/\/citycars.globaltouchdev.eu\/de\/flughafen-thessaloniki\/","og_site_name":"City Car Rental","article_publisher":"https:\/\/www.facebook.com\/CityCarRentalThessaloniki","article_modified_time":"2024-07-10T13:38:55+00:00","og_image":[{"width":960,"height":540,"url":"https:\/\/citycars.globaltouchdev.eu\/wp-content\/uploads\/2024\/03\/skg-airport.jpeg","type":"image\/jpeg"}],"twitter_card":"summary_large_image","twitter_site":"@CityCarSalonika","twitter_misc":{"Gesch\u00e4tzte Lesezeit":"1\u00a0Minute"},"schema":{"@context":"https:\/\/schema.org","@graph":[{"@type":"WebPage","@id":"https:\/\/citycars.globaltouchdev.eu\/de\/flughafen-thessaloniki\/","url":"https:\/\/citycars.globaltouchdev.eu\/de\/flughafen-thessaloniki\/","name":"Flughafen Thessaloniki | Stadtautovermietung Thessaloniki","isPartOf":{"@id":"https:\/\/citycars.globaltouchdev.eu\/#website"},"primaryImageOfPage":{"@id":"https:\/\/citycars.globaltouchdev.eu\/de\/flughafen-thessaloniki\/#primaryimage"},"image":{"@id":"https:\/\/citycars.globaltouchdev.eu\/de\/flughafen-thessaloniki\/#primaryimage"},"thumbnailUrl":"https:\/\/citycars.globaltouchdev.eu\/wp-content\/uploads\/2024\/03\/skg-airport.jpeg","datePublished":"2024-07-10T13:38:39+00:00","dateModified":"2024-07-10T13:38:55+00:00","description":"Entdecken Sie den Flughafen Thessaloniki, das Tor nach Nordgriechenland. Genie\u00dfen Sie hervorragende Verbindungen und Empfang im pulsierenden Thessaloniki","breadcrumb":{"@id":"https:\/\/citycars.globaltouchdev.eu\/de\/flughafen-thessaloniki\/#breadcrumb"},"inLanguage":"de","potentialAction":[{"@type":"ReadAction","target":["https:\/\/citycars.globaltouchdev.eu\/de\/flughafen-thessaloniki\/"]}]},{"@type":"ImageObject","inLanguage":"de","@id":"https:\/\/citycars.globaltouchdev.eu\/de\/flughafen-thessaloniki\/#primaryimage","url":"https:\/\/citycars.globaltouchdev.eu\/wp-content\/uploads\/2024\/03\/skg-airport.jpeg","contentUrl":"https:\/\/citycars.globaltouchdev.eu\/wp-content\/uploads\/2024\/03\/skg-airport.jpeg","width":960,"height":540},{"@type":"BreadcrumbList","@id":"https:\/\/citycars.globaltouchdev.eu\/de\/flughafen-thessaloniki\/#breadcrumb","itemListElement":[{"@type":"ListItem","position":1,"name":"\u0391\u03c1\u03c7\u03b9\u03ba\u03ae","item":"https:\/\/citycars.globaltouchdev.eu\/"},{"@type":"ListItem","position":2,"name":"Flughafen Thessaloniki"}]},{"@type":"WebSite","@id":"https:\/\/citycars.globaltouchdev.eu\/#website","url":"https:\/\/citycars.globaltouchdev.eu\/","name":"\u0395\u03bd\u03bf\u03b9\u03ba\u03b9\u03ac\u03c3\u03b5\u03b9\u03c2 \u0391\u03c5\u03c4\u03bf\u03ba\u03b9\u03bd\u03ae\u03c4\u03c9\u03bd \u0398\u03b5\u03c3\u03c3\u03b1\u03bb\u03bf\u03bd\u03af\u03ba\u03b7 | Rent a Car Thessaloniki | City Car Rental","description":"Rent a Car Airport Thessaloniki Greece","publisher":{"@id":"https:\/\/citycars.globaltouchdev.eu\/#organization"},"alternateName":"Auto Mieten Thessaloniki Flughafen","potentialAction":[{"@type":"SearchAction","target":{"@type":"EntryPoint","urlTemplate":"https:\/\/citycars.globaltouchdev.eu\/?s={search_term_string}"},"query-input":"required name=search_term_string"}],"inLanguage":"de"},{"@type":"Organization","@id":"https:\/\/citycars.globaltouchdev.eu\/#organization","name":"City Car Rental Thessaloniki | \u0395\u03bd\u03bf\u03b9\u03ba\u03b9\u03ac\u03c3\u03b5\u03b9\u03c2 \u0391\u03c5\u03c4\u03bf\u03ba\u03b9\u03bd\u03ae\u03c4\u03c9\u03bd \u0398\u03b5\u03c3\u03c3\u03b1\u03bb\u03bf\u03bd\u03af\u03ba\u03b7","alternateName":"Car Rental Airport Thessaloniki Greece | City Car Rental","url":"https:\/\/citycars.globaltouchdev.eu\/","logo":{"@type":"ImageObject","inLanguage":"de","@id":"https:\/\/citycars.globaltouchdev.eu\/#\/schema\/logo\/image\/","url":"https:\/\/citycars.globaltouchdev.eu\/wp-content\/uploads\/2021\/03\/logo-landscape.png","contentUrl":"https:\/\/citycars.globaltouchdev.eu\/wp-content\/uploads\/2021\/03\/logo-landscape.png","width":640,"height":303,"caption":"City Car Rental Thessaloniki | \u0395\u03bd\u03bf\u03b9\u03ba\u03b9\u03ac\u03c3\u03b5\u03b9\u03c2 \u0391\u03c5\u03c4\u03bf\u03ba\u03b9\u03bd\u03ae\u03c4\u03c9\u03bd \u0398\u03b5\u03c3\u03c3\u03b1\u03bb\u03bf\u03bd\u03af\u03ba\u03b7"},"image":{"@id":"https:\/\/citycars.globaltouchdev.eu\/#\/schema\/logo\/image\/"},"sameAs":["https:\/\/www.facebook.com\/CityCarRentalThessaloniki","https:\/\/twitter.com\/CityCarSalonika","https:\/\/mastodon.social\/@Citycars","https:\/\/www.instagram.com\/city_car_rental_thess\/","https:\/\/www.youtube.com\/watch?v=Duixnt_tgZ8&ab_channel=AlexandrosTsapournias","https:\/\/www.tripadvisor.com\/Attraction_Review-g189473-d23048607-Reviews-City_Car_Rental-Thessaloniki_Thessaloniki_Region_Central_Macedonia.html"],"description":"Car Rental Company in Thessaloniki Greece","email":"rentacar@citycars.gr","telephone":"+302310202029","foundingDate":"2013-11-13","vatID":"EL801704863","numberOfEmployees":{"@type":"QuantitativeValue","minValue":"1","maxValue":"10"}}]}},"_links":{"self":[{"href":"https:\/\/citycars.globaltouchdev.eu\/de\/wp-json\/wp\/v2\/pages\/3281","targetHints":{"allow":["GET"]}}],"collection":[{"href":"https:\/\/citycars.globaltouchdev.eu\/de\/wp-json\/wp\/v2\/pages"}],"about":[{"href":"https:\/\/citycars.globaltouchdev.eu\/de\/wp-json\/wp\/v2\/types\/page"}],"author":[{"embeddable":true,"href":"https:\/\/citycars.globaltouchdev.eu\/de\/wp-json\/wp\/v2\/users\/1"}],"replies":[{"embeddable":true,"href":"https:\/\/citycars.globaltouchdev.eu\/de\/wp-json\/wp\/v2\/comments?post=3281"}],"version-history":[{"count":1,"href":"https:\/\/citycars.globaltouchdev.eu\/de\/wp-json\/wp\/v2\/pages\/3281\/revisions"}],"predecessor-version":[{"id":3284,"href":"https:\/\/citycars.globaltouchdev.eu\/de\/wp-json\/wp\/v2\/pages\/3281\/revisions\/3284"}],"wp:featuredmedia":[{"embeddable":true,"href":"https:\/\/citycars.globaltouchdev.eu\/de\/wp-json\/wp\/v2\/media\/3283"}],"wp:attachment":[{"href":"https:\/\/citycars.globaltouchdev.eu\/de\/wp-json\/wp\/v2\/media?parent=3281"}],"curies":[{"name":"wp","href":"https:\/\/api.w.org\/{rel}","templated":true}]}}